{"id":873,"date":"2024-08-02T08:30:38","date_gmt":"2024-08-02T08:30:38","guid":{"rendered":"https:\/\/b2b.mideer.lt\/?post_type=product&#038;p=873"},"modified":"2026-04-06T07:33:01","modified_gmt":"2026-04-06T07:33:01","slug":"you-look-yummy-pencil-case-baby-ankylosaur-small","status":"publish","type":"product","link":"https:\/\/b2b.mideer.lt\/lv\/product\/you-look-yummy-pencil-case-baby-ankylosaur-small\/","title":{"rendered":"Mazs pen\u0101lis \"Tu izskaties gar\u0161\u012bgi!\""},"content":{"rendered":"<p data-sourcepos=\"3:1-3:38\"><strong>Izbaudiet starptautisku m\u0101kslas est\u0113tiku ar Tatsuya Miyanishi izstr\u0101d\u0101to b\u0113rnu z\u012bmu\u013clietu.\u00a0<\/strong><\/p>\n<p data-sourcepos=\"3:1-3:38\">\u0160im Ankylosaurus Drawing Case ir nodal\u012bjumi \u0113rtai uzglab\u0101\u0161anai. Sieti\u0146\u0161, elast\u012bgas cilpi\u0146as, galvenais nodal\u012bjums, 3 sl\u0101\u0146i b\u0113rnu rakst\u0101mliet\u0101m. \u016adens un traipu iztur\u012bgs, viegli t\u012br\u0101ms.<\/p>\n<ul>\n<li data-sourcepos=\"6:1-6:4\"><strong>Am\u017eius:<\/strong> 3+<\/li>\n<li data-sourcepos=\"6:1-6:4\"><strong>M\u0101kslinieks:<\/strong> Tatsuya Miyanishi<\/li>\n<li data-sourcepos=\"6:1-6:4\"><strong>Izm\u0113ri:<\/strong>22,5 x 9,5 x 5 cm<\/li>\n<li data-sourcepos=\"6:1-6:4\"><strong>\u012apa\u0161as funkcijas:<\/strong> iztur\u012bgs pret \u016bdeni un net\u012brumiem<\/li>\n<li data-sourcepos=\"6:1-6:4\"><strong>Materi\u0101ls:<\/strong> EVA<\/li>\n<li data-sourcepos=\"6:1-6:4\"><strong>Uztur\u0113\u0161ana:<\/strong> t\u012br\u012b\u0161ana ar mitr\u0101m salvet\u0113m<\/li>\n<\/ul>","protected":false},"excerpt":{"rendered":"<p>Pajuskite tarptautin\u0119 meno estetik\u0105 su Tatsuya Miyanishi menininko kurtu penalu vaikams.\u00a0 \u0160is Ankilozauro pie\u0161ini\u0173 d\u0117klas turi skyrius patogiam daikt\u0173 susid\u0117liojimui. Tinklelis, elastingos kilpel\u0117s, pagrindinis skyrius, 3 sluoksniai vaik\u0173 ra\u0161ymo reikmenims sutalpinti. Vandeniui ir d\u0117m\u0117ms atsparus, lengvai valomas. Am\u017eius: 3+ Dailininkas: Tatsuya Miyanishi Matmenys:22,5 x 9,5 x 5 cm Ypatingos savyb\u0117s: atsparus vandeniui ir purvui Med\u017eiaga: EVA Prie\u017ei\u016bra: valyti dr\u0117gnomis servet\u0117l\u0117mis<\/p>","protected":false},"featured_media":3930,"template":"","meta":[],"product_brand":[],"product_cat":[280,254,255],"product_tag":[30,16,27,144,81,281,282,287,22,39,173],"class_list":{"0":"post-873","1":"product","2":"type-product","3":"status-publish","4":"has-post-thumbnail","6":"product_cat-akcija","7":"product_cat-mokyklos-reikmenys","8":"product_cat-naujienos","9":"product_tag-2023-new-in","10":"product_tag-age-3-4-years","11":"product_tag-arts-crafts","12":"product_tag-dinosaurs","13":"product_tag-international-artist-puzzle","14":"product_tag-kancelairines-prekes","15":"product_tag-mokyklos-reikmenys","16":"product_tag-penalai","17":"product_tag-regular-sale","18":"product_tag-school-supplies","19":"product_tag-tatsuya-miyanishi","21":"first","22":"instock","23":"taxable","24":"shipping-taxable","25":"product-type-simple"},"jetpack_sharing_enabled":true,"_links":{"self":[{"href":"https:\/\/b2b.mideer.lt\/lv\/wp-json\/wp\/v2\/product\/873"}],"collection":[{"href":"https:\/\/b2b.mideer.lt\/lv\/wp-json\/wp\/v2\/product"}],"about":[{"href":"https:\/\/b2b.mideer.lt\/lv\/wp-json\/wp\/v2\/types\/product"}],"wp:featuredmedia":[{"embeddable":true,"href":"https:\/\/b2b.mideer.lt\/lv\/wp-json\/wp\/v2\/media\/3930"}],"wp:attachment":[{"href":"https:\/\/b2b.mideer.lt\/lv\/wp-json\/wp\/v2\/media?parent=873"}],"wp:term":[{"taxonomy":"product_brand","embeddable":true,"href":"https:\/\/b2b.mideer.lt\/lv\/wp-json\/wp\/v2\/product_brand?post=873"},{"taxonomy":"product_cat","embeddable":true,"href":"https:\/\/b2b.mideer.lt\/lv\/wp-json\/wp\/v2\/product_cat?post=873"},{"taxonomy":"product_tag","embeddable":true,"href":"https:\/\/b2b.mideer.lt\/lv\/wp-json\/wp\/v2\/product_tag?post=873"}],"curies":[{"name":"wp","href":"https:\/\/api.w.org\/{rel}","templated":true}]}}