{"id":828,"date":"2024-04-26T07:46:28","date_gmt":"2024-04-26T07:46:28","guid":{"rendered":"https:\/\/b2b.mideer.lt\/product\/versatile-observation-box\/"},"modified":"2026-04-17T07:30:31","modified_gmt":"2026-04-17T07:30:31","slug":"versatile-observation-box","status":"publish","type":"product","link":"https:\/\/b2b.mideer.lt\/lv\/product\/versatile-observation-box\/","title":{"rendered":"Univers\u0101l\u0101 izp\u0113tes kaste"},"content":{"rendered":"<p>\u013baujiet b\u0113rniem m\u0101c\u012bties, iepaz\u012bstot dabu. Nov\u0113rojiet no visiem iesp\u0113jamiem le\u0146\u0137iem, lai apmierin\u0101tu b\u0113rnu zin\u0101tk\u0101ri. \u0160\u012b daudzpus\u012bg\u0101 izp\u0113tes kaste ir apr\u012bkota ar nov\u0113ro\u0161anas spogu\u013ciem un palielin\u0101miem stikliem ar 360 gr\u0101du rot\u0101ciju, lai atkl\u0101tu palielin\u0101to mikrovidi. Tai ir funkcion\u0101ls v\u0101ks, kas \u013cauj audz\u0113t kukai\u0146us un bru\u0146urupu\u010dus. Izgatavota no iztur\u012bga ABS materi\u0101la, kas trieciena rezult\u0101t\u0101 nav viegli saplais\u0101jis.<\/p>\n<ul>\n<li><strong>Vecums<\/strong>: 3+<\/li>\n<li><strong>Kastes izm\u0113ri<\/strong>: 22,9 cm x 12,5 cm x 13,5 cm<\/li>\n<li><strong>Aptuvenie izm\u0113ri<\/strong>: 17,4 cm x 11,5 cm x 11,5 cm x 11,5 cm<\/li>\n<li><strong>Tostarp<\/strong>: 1 kaste, 1 funkcion\u0101l\u0101 plate, 1 kukai\u0146u tur\u0113t\u0101js, 1 pincete, 1 t\u012bkls, 1 rokasgr\u0101mata.<\/li>\n<li><strong>Pieejams no<\/strong>: ABS<\/li>\n<li><strong>Uztur\u0113\u0161ana<\/strong>: T\u012br\u012bt ar sausu dr\u0101nu, nesako\u0161\u013c\u0101t, izvair\u012bties no kritieniem, saules iedarb\u012bbas un gr\u012bdas apsildei.<\/li>\n<\/ul>","protected":false},"excerpt":{"rendered":"<p>Leiskite vaikams mokytis tyrin\u0117jant gamt\u0105. Steb\u0117kite i\u0161 vis\u0173 \u012fmanom\u0173 kamp\u0173, kad patenkintum\u0117te vaik\u0173 smalsum\u0105. \u0160i universalioji tyrin\u0117jimo d\u0117\u017eut\u0117 yra apr\u016bpinta steb\u0117jimo veidrod\u017eiais ir didinamaisiais stiklais su 360 laipsni\u0173 sukimo galimybe, kad b\u016bt\u0173 galima atrasti padidint\u0105 mikropasaul\u012f. Turi funkcin\u012f dangt\u012f, kuris leid\u017eia vabal\u0173 ir v\u0117\u017eliuk\u0173 auginim\u0105. Pagaminta i\u0161 stipri\u0173 ABS med\u017eiag\u0173, kurios n\u0117ra lengvai \u012ftr\u016bkin\u0117jamos d\u0117l sm\u016bgi\u0173. Am\u017eius: 3+ D\u0117\u017e\u0117s matmenys: 22.9 cm x 12.5 cm x 13.5 cm Apytiksliai matmenys: 17.4 cm x 11.5 cm x 11.5 cm \u012eskaitant: 1 d\u0117\u017eut\u0119, 1 funkcijos lent\u0105, 1 vabzd\u017ei\u0173 laikikl\u012f, 1 pincet\u0105, 1 tinkl\u0105, 1 instrukcij\u0105 Med\u017eiaga: ABS Prie\u017ei\u016bra: Valyti sausu skudur\u0117liu, nekramtyti, vengti kritim\u0173, saul\u0117s poveikio ir grind\u0173 \u0161ildymo<\/p>","protected":false},"featured_media":3725,"template":"","meta":[],"product_brand":[],"product_cat":[234,235,236,239,246,277,276],"product_tag":[16,66,36,120,155,172,21,25,22,158,230,231,121],"class_list":{"0":"post-828","1":"product","2":"type-product","3":"status-publish","4":"has-post-thumbnail","6":"product_cat-3-4-metai","7":"product_cat-5-6-metai","8":"product_cat-6-metai","9":"product_cat-daugiau-zaislu-ir-zaidimu","10":"product_cat-lauko-zaislai","11":"product_cat-smart-products-filter-index-do-not-delete","12":"product_cat-zaislai-ir-zaidimai","13":"product_tag-age-3-4-years","14":"product_tag-gamta","15":"product_tag-kol-koc","16":"product_tag-lauko-zaidimai","17":"product_tag-mazasis-mokslininkas","18":"product_tag-mazasis-tyrinetojas","19":"product_tag-more-toys-games","20":"product_tag-new-arrivals","21":"product_tag-regular-sale","22":"product_tag-science-explore","23":"product_tag-tyrinejimai","24":"product_tag-vabaliukai","25":"product_tag-zaidimai-lauke-vaikams","27":"first","28":"instock","29":"taxable","30":"shipping-taxable","31":"product-type-simple"},"jetpack_sharing_enabled":true,"_links":{"self":[{"href":"https:\/\/b2b.mideer.lt\/lv\/wp-json\/wp\/v2\/product\/828"}],"collection":[{"href":"https:\/\/b2b.mideer.lt\/lv\/wp-json\/wp\/v2\/product"}],"about":[{"href":"https:\/\/b2b.mideer.lt\/lv\/wp-json\/wp\/v2\/types\/product"}],"wp:featuredmedia":[{"embeddable":true,"href":"https:\/\/b2b.mideer.lt\/lv\/wp-json\/wp\/v2\/media\/3725"}],"wp:attachment":[{"href":"https:\/\/b2b.mideer.lt\/lv\/wp-json\/wp\/v2\/media?parent=828"}],"wp:term":[{"taxonomy":"product_brand","embeddable":true,"href":"https:\/\/b2b.mideer.lt\/lv\/wp-json\/wp\/v2\/product_brand?post=828"},{"taxonomy":"product_cat","embeddable":true,"href":"https:\/\/b2b.mideer.lt\/lv\/wp-json\/wp\/v2\/product_cat?post=828"},{"taxonomy":"product_tag","embeddable":true,"href":"https:\/\/b2b.mideer.lt\/lv\/wp-json\/wp\/v2\/product_tag?post=828"}],"curies":[{"name":"wp","href":"https:\/\/api.w.org\/{rel}","templated":true}]}}