{"id":797,"date":"2024-04-26T07:46:01","date_gmt":"2024-04-26T07:46:01","guid":{"rendered":"https:\/\/b2b.mideer.lt\/product\/vibrant-colored-pencil-48-colors\/"},"modified":"2026-04-17T07:30:29","modified_gmt":"2026-04-17T07:30:29","slug":"spalvoti-piestukai-48-spalvos","status":"publish","type":"product","link":"https:\/\/b2b.mideer.lt\/lv\/product\/spalvoti-piestukai-48-spalvos\/","title":{"rendered":"Kr\u012bti\u0146i - 48 kr\u0101sas"},"content":{"rendered":"<p>Tie ir e\u013c\u013cas kr\u0101su z\u012bmu\u013ci, ar kuriem z\u012bm\u0113t ir daudz viegl\u0101k. Kr\u0101sas ir viegli sl\u0101\u0146ojamas un labi sapl\u016bst kop\u0101. Biez\u0101k\u0101 z\u012bmu\u013ca serde\u0146a nesal\u016bst, t\u0101p\u0113c \u0161ie z\u012bmu\u013ci ir lieliski piem\u0113roti b\u0113rniem. Izmantojiet savu izt\u0113li un atkl\u0101jiet rado\u0161umu punktos, l\u012bnij\u0101s, plakn\u0113s un kr\u0101s\u0101s!<\/p>\n<ul>\n<li><strong>Am\u017eius:<\/strong> 4 gadi un vec\u0101ki<\/li>\n<li><strong>Art:<\/strong> Marion Arbona<\/li>\n<li><strong>D\u0117\u017eut\u0117s matmenys:<\/strong> 17,5 cm x 12,5 cm x 5,2 cm<\/li>\n<li><strong>Spalvos:<\/strong> 48 kr\u0101sas<\/li>\n<li><strong>Izm\u0113rs gabal\u0101:<\/strong> 1 cm x 17 cm<\/li>\n<li><strong>Materi\u0101ls:<\/strong> Koks<\/li>\n<\/ul>","protected":false},"excerpt":{"rendered":"<p>Tai aliejiniai spalvoti pie\u0161tukai, kuriais pie\u0161ti daug lengviau. Spalvas paprasta sluoksniuoti, jos puikiai dera tarpusavyje. Storesn\u0117 pie\u0161tuko \u0161erdis nel\u016b\u017ein\u0117ja, tod\u0117l \u0161ie pie\u0161tukai puikiai tinka vaikams. Naudok vaizduot\u0119 ir rask k\u016brybi\u0161kum\u0105 ta\u0161kuose, linijose, plok\u0161tumose ir spalvose! Am\u017eius: 4 met\u0173 ir vyresni Menas: Marion Arbona D\u0117\u017eut\u0117s matmenys: 17,5 cm x 12,5 cm x 5,2 cm Spalvos: 48 spalvos Vieno gabalo dydis: 1 cm x 17 cm Med\u017eiaga: Medis<\/p>","protected":false},"featured_media":3559,"template":"","meta":[],"product_brand":[],"product_cat":[234,235,236,250,252,277,268,275],"product_tag":[16,41,27,20,81,96,22,48,49,137],"class_list":{"0":"post-797","1":"product","2":"type-product","3":"status-publish","4":"has-post-thumbnail","6":"product_cat-3-4-metai","7":"product_cat-5-6-metai","8":"product_cat-6-metai","9":"product_cat-menai-ir-kurybiniai-uzsiemimai","10":"product_cat-meno-reikmenys","11":"product_cat-smart-products-filter-index-do-not-delete","12":"product_cat-spalvinimo-priemones","13":"product_cat-visos-meno-prekes","14":"product_tag-age-3-4-years","15":"product_tag-art-supplies","16":"product_tag-arts-crafts","17":"product_tag-gift","18":"product_tag-international-artist-puzzle","19":"product_tag-marion-arbona","20":"product_tag-regular-sale","21":"product_tag-ryskios-spalvos","22":"product_tag-spalvinimo-priemones","23":"product_tag-spalvinimui","25":"first","26":"instock","27":"taxable","28":"shipping-taxable","29":"product-type-simple"},"jetpack_sharing_enabled":true,"_links":{"self":[{"href":"https:\/\/b2b.mideer.lt\/lv\/wp-json\/wp\/v2\/product\/797"}],"collection":[{"href":"https:\/\/b2b.mideer.lt\/lv\/wp-json\/wp\/v2\/product"}],"about":[{"href":"https:\/\/b2b.mideer.lt\/lv\/wp-json\/wp\/v2\/types\/product"}],"wp:featuredmedia":[{"embeddable":true,"href":"https:\/\/b2b.mideer.lt\/lv\/wp-json\/wp\/v2\/media\/3559"}],"wp:attachment":[{"href":"https:\/\/b2b.mideer.lt\/lv\/wp-json\/wp\/v2\/media?parent=797"}],"wp:term":[{"taxonomy":"product_brand","embeddable":true,"href":"https:\/\/b2b.mideer.lt\/lv\/wp-json\/wp\/v2\/product_brand?post=797"},{"taxonomy":"product_cat","embeddable":true,"href":"https:\/\/b2b.mideer.lt\/lv\/wp-json\/wp\/v2\/product_cat?post=797"},{"taxonomy":"product_tag","embeddable":true,"href":"https:\/\/b2b.mideer.lt\/lv\/wp-json\/wp\/v2\/product_tag?post=797"}],"curies":[{"name":"wp","href":"https:\/\/api.w.org\/{rel}","templated":true}]}}