{"id":788,"date":"2024-04-26T07:45:50","date_gmt":"2024-04-26T07:45:50","guid":{"rendered":"https:\/\/b2b.mideer.lt\/product\/watercolour-painting-world-adventure\/"},"modified":"2026-04-03T07:30:54","modified_gmt":"2026-04-03T07:30:54","slug":"spalvinimo-akvarele-knygele-pasaulio-nuotykiai","status":"publish","type":"product","link":"https:\/\/b2b.mideer.lt\/lv\/product\/spalvinimo-akvarele-knygele-pasaulio-nuotykiai\/","title":{"rendered":"Akvare\u013cu kr\u0101sojam\u0101 gr\u0101mata Pasaules piedz\u012bvojumi"},"content":{"rendered":"<div data-zone-id=\"0\" data-line-index=\"0\" data-line=\"true\">\n<h4 data-sourcepos=\"1:1-1:247\">Akvare\u013ckr\u0101sojam\u0101 gr\u0101mata ir veidota t\u0101, lai b\u0113rni g\u016btu pilnv\u0113rt\u012bgu m\u0101ksliniecisko pieredzi. \u0160is daudzpus\u012bgais z\u012bm\u0113\u0161anas komplekts sast\u0101v no st\u0101stu gr\u0101matas, kr\u0101s\u0101m un otas, t\u0101p\u0113c tas ir lieliski piem\u0113rots mazajiem m\u0101ksliniekiem, lai att\u012bst\u012btu vi\u0146u rado\u0161umu.<\/h4>\n<p data-sourcepos=\"3:1-3:23\"><strong>S\u012bk\u0101ka inform\u0101cija:<\/strong><\/p>\n<ul data-sourcepos=\"5:1-5:27\">\n<li data-sourcepos=\"5:1-5:27\"><strong>Integr\u0113ta m\u0101ksliniecisk\u0101 pieredze:<\/strong> Komplekt\u0101 ir lapas, akvare\u013ckr\u0101sas un ota, kas nodro\u0161ina viengabalainu z\u012bm\u0113\u0161anas un glezno\u0161anas pieredzi.<\/li>\n<li data-sourcepos=\"6:1-6:153\"><strong>Unik\u0101las tematisk\u0101s ainas:<\/strong> Katr\u0101 kolekcij\u0101 ir da\u017e\u0101das si\u017eetu t\u0113mas, kas nodro\u0161ina svaigu un aizraujo\u0161u m\u0101ksliniecisku ce\u013cojumu katr\u0101 lappus\u0113.<\/li>\n<li data-sourcepos=\"7:1-7:168\"><strong>Kompakts un p\u0101rn\u0113s\u0101jams:<\/strong> \u0160is \u0113rti p\u0101rn\u0113s\u0101jamais komplekts ir ide\u0101li piem\u0113rots ce\u013co\u0161anai, \u013caujot jaunajiem m\u0101ksliniekiem z\u012bm\u0113t visur, kur vien rodas iedvesma.<\/li>\n<li data-sourcepos=\"8:1-8:65\"><strong>Individu\u0101las kr\u0101su paletes:<\/strong> Katrai lapai ir sava kr\u0101su palete, t\u0101p\u0113c ir viegli main\u012bt kr\u0101sas, neradot jucekli.<\/li>\n<li data-sourcepos=\"9:1-9:162\"><strong>Augstas kvalit\u0101tes pap\u012brs:<\/strong> Izgatavots no bieza balta kartona, kas ir iztur\u012bgs pret tintes izbal\u0113\u0161anu un pl\u012bsumiem, nodro\u0161inot iztur\u012bgu virsmu akvare\u013cglezno\u0161anai.<\/li>\n<li data-sourcepos=\"10:1-10:109\"><strong>Papildu kr\u0101su lapas:<\/strong> Ir v\u0113l divas pigmentu lapas, lai jums pietiktu kr\u0101su rado\u0161ai izpausmei.<\/li>\n<li data-sourcepos=\"11:1-12:0\"><strong>Perfor\u0113tas lapas:<\/strong> Lap\u0101m ir punkt\u0113ta l\u012bnija, ko var gl\u012bti nopl\u0113st un izmantot k\u0101 cilnes, t\u0101d\u0113j\u0101di pie\u0161\u0137irot m\u0101kslas darbam funkcion\u0101lu elementu.<\/li>\n<\/ul>\n<p data-sourcepos=\"7:1-7:125\">\"Pasaules piedz\u012bvojumu\" kr\u0101jum\u0101 ir 22 lappuses un vair\u0101k nek\u0101 20 jautri st\u0101sti, kas apmierin\u0101s jauno ce\u013cot\u0101ju zin\u0101tk\u0101ri.<\/p>\n<\/div>\n<ul>\n<li><strong>Am\u017eius:<\/strong> 5+<\/li>\n<li><strong>D\u0117\u017eut\u0117s matmenys:<\/strong> 19 cm x 8 cm x 1,3 cm<\/li>\n<li><strong>Iek\u013cauts:<\/strong> 22 lappuses, 6 kr\u0101sas, 1 ota<\/li>\n<li><strong>Materi\u0101ls:<\/strong> Pap\u012brs<\/li>\n<\/ul>","protected":false},"excerpt":{"rendered":"<p>Spalvinimo akvarele knygel\u0117 skirta suteikti vaikams visapusi\u0161k\u0105 menin\u0119 patirt\u012f. \u0160is universalus pie\u0161imo rinkinys susideda i\u0161 pasak\u0173 knygel\u0117s, da\u017e\u0173 ir teptuko, tod\u0117l puikiai tinka jauniesiems menininkams ugdyti k\u016brybi\u0161kum\u0105. I\u0161sami informacija: Integruota menin\u0117 patirtis: Apima puslapius, akvarelinius da\u017eus ir teptuk\u0105, sukuriant vientis\u0105 pie\u0161imo ir tapybos patirt\u012f. Unikalios temin\u0117s scenos: Kiekviename rinkinyje yra skirtingos scenos temos, u\u017etikrinan\u010dios \u0161vie\u017ei\u0105 ir \u012fdomi\u0105 menin\u0119 kelion\u0119 kiekviename puslapyje. Kompakti\u0161kas ir ne\u0161iojamas: \u0160is lengvai ne\u0161iojamas rinkinys idealiai tinka kelion\u0117ms, leid\u017eiantis jauniesiems menininkams pie\u0161ti visur, kur tik aplanko \u012fkv\u0117pimas. Individualios spalv\u0173 palet\u0117s: Kiekvienas puslapis turi savo spalv\u0173 palet\u0119, tod\u0117l patogu keisti spalvas be jokios netvarkos. Auk\u0161tos kokyb\u0117s popierius: Pagamintas i\u0161 storo balto kartono, atsparaus ra\u0161alo i\u0161blukimui ir ply\u0161imui, tod\u0117l suteikia patvar\u0173 pavir\u0161i\u0173 akvareliniam tapybai. Papildomi da\u017e\u0173 puslapiai: Yra dar du puslapiai pigment\u0173, kad b\u016bt\u0173 pakankamai da\u017e\u0173 k\u016brybi\u0161kai i\u0161rai\u0161kai. Perforuoti puslapiai: Puslapiuose yra ta\u0161kin\u0117 linija, kuri\u0105 galima tvarkingai nupl\u0117\u0161ti ir naudoti kaip skirtukus,suteikiant meniniams k\u016briniams funkcin\u012f element\u0105. &#8220;Pasaulio Nuotyki\u0173&#8221; rinkinyje net 22 puslapiai ir daugiau nei 20 smagi\u0173 siu\u017eet\u0173, kurie patenkins ma\u017e\u0173j\u0173 keliautoj\u0173 smalsum\u0105. Am\u017eius: 5+ D\u0117\u017eut\u0117s matmenys: 19 cm x 8 cm x 1,3 cm \u012etraukta: 22 puslapiai, 6 spalvos, 1 \u0161epet\u0117lis Med\u017eiaga: Popierius<\/p>","protected":false},"featured_media":3521,"template":"","meta":[],"product_brand":[],"product_cat":[235,236,244,250,252,277,266,267,275],"product_tag":[16,17,18,27,40,145,85,36,75,22,76],"class_list":{"0":"post-788","1":"product","2":"type-product","3":"status-publish","4":"has-post-thumbnail","6":"product_cat-5-6-metai","7":"product_cat-6-metai","8":"product_cat-kas-populiaru","9":"product_cat-menai-ir-kurybiniai-uzsiemimai","10":"product_cat-meno-reikmenys","11":"product_cat-smart-products-filter-index-do-not-delete","12":"product_cat-spalvinimo-akvarele-knygeles","13":"product_cat-spalvinimo-knygeles","14":"product_cat-visos-meno-prekes","15":"product_tag-age-3-4-years","16":"product_tag-age-5-6-years","17":"product_tag-age-6-years","18":"product_tag-arts-crafts","19":"product_tag-best-sellers","20":"product_tag-coloring-rolls-books","21":"product_tag-for-girls","22":"product_tag-kol-koc","23":"product_tag-planets-space","24":"product_tag-regular-sale","25":"product_tag-us-warehouse","27":"first","28":"outofstock","29":"taxable","30":"shipping-taxable","31":"product-type-simple"},"jetpack_sharing_enabled":true,"_links":{"self":[{"href":"https:\/\/b2b.mideer.lt\/lv\/wp-json\/wp\/v2\/product\/788"}],"collection":[{"href":"https:\/\/b2b.mideer.lt\/lv\/wp-json\/wp\/v2\/product"}],"about":[{"href":"https:\/\/b2b.mideer.lt\/lv\/wp-json\/wp\/v2\/types\/product"}],"wp:featuredmedia":[{"embeddable":true,"href":"https:\/\/b2b.mideer.lt\/lv\/wp-json\/wp\/v2\/media\/3521"}],"wp:attachment":[{"href":"https:\/\/b2b.mideer.lt\/lv\/wp-json\/wp\/v2\/media?parent=788"}],"wp:term":[{"taxonomy":"product_brand","embeddable":true,"href":"https:\/\/b2b.mideer.lt\/lv\/wp-json\/wp\/v2\/product_brand?post=788"},{"taxonomy":"product_cat","embeddable":true,"href":"https:\/\/b2b.mideer.lt\/lv\/wp-json\/wp\/v2\/product_cat?post=788"},{"taxonomy":"product_tag","embeddable":true,"href":"https:\/\/b2b.mideer.lt\/lv\/wp-json\/wp\/v2\/product_tag?post=788"}],"curies":[{"name":"wp","href":"https:\/\/api.w.org\/{rel}","templated":true}]}}