{"id":766,"date":"2024-04-26T07:45:31","date_gmt":"2024-04-26T07:45:31","guid":{"rendered":"https:\/\/b2b.mideer.lt\/product\/copy-of-silky-crayon-24-colors\/"},"modified":"2026-04-17T07:30:31","modified_gmt":"2026-04-17T07:30:31","slug":"copy-of-silky-crayon-24-colors","status":"publish","type":"product","link":"https:\/\/b2b.mideer.lt\/lv\/product\/copy-of-silky-crayon-24-colors\/","title":{"rendered":"Z\u012bda kr\u012bti\u0146i - 24 kr\u0101sas"},"content":{"rendered":"<div class=\"richTextContainer\" data-mce-fragment=\"1\">\n<div class=\"richTextContainer\" data-mce-fragment=\"1\">\n<div class=\"richTextContainer\" data-mce-fragment=\"1\">\n<p data-sourcepos=\"9:1-9:306\">Z\u012bda kr\u012bti\u0146i ir spilgta un dro\u0161a izv\u0113le jaunajiem m\u0101ksliniekiem no 3 gadu vecuma. \u0160\u012bs <strong>\u016bden\u012b \u0161\u0137\u012bsto\u0161i kr\u012bti\u0146i<\/strong> paver rado\u0161u iesp\u0113ju pasauli. Kr\u012bti\u0146i <strong>netoksisks<\/strong> un \u012bpa\u0161i izstr\u0101d\u0101ti t\u0101, lai l\u012bdz minimumam samazin\u0101tu jucekli.<br \/>\n<strong>\u0100tr\u0101s \u017e\u0101v\u0113\u0161anas funkcija<\/strong> Nodro\u0161ina \u0101tru m\u0101kslas darbu \u017e\u016b\u0161anu, nov\u0113r\u0161ot traipus un izpl\u016bdumus. <strong>Ergonomisks dizains<\/strong> Ide\u0101li piem\u0113rots maz\u0101m rok\u0101m, jo tas veicina \u0113rtu un kontrol\u0113tu z\u012bm\u0113\u0161anu. Pieejams tikai atsevi\u0161\u0137i <strong>kr\u012bti\u0146u serde\u0146u uzpild\u012b\u0161ana<\/strong> turpiniet izmantot eso\u0161o kr\u012bti\u0146u komplektu.<\/p>\n<\/div>\n<\/div>\n<div class=\"richTextContainer\" data-mce-fragment=\"1\">\n<ul>\n<li><strong>Am\u017eius:<\/strong> 3+<\/li>\n<li><strong>D\u0117\u017eut\u0117s matmenys:<\/strong> 16,3 cm x 8,5 cm<\/li>\n<li><strong>Ietver:<\/strong> 24 izvelkamie kr\u012bti\u0146i<\/li>\n<\/ul>\n<\/div>\n<\/div>\n<div class=\"richTextContainer\" data-mce-fragment=\"1\">\n<p>&nbsp;<\/p>\n<\/div>","protected":false},"excerpt":{"rendered":"<p>\u0160ilkin\u0117s kreidel\u0117s yra ry\u0161kus ir saugus pasirinkimas pradedantiesiems jauniesiems dailininkams nuo 3 met\u0173. \u0160ios vandenyje tirpstan\u010dios kreidel\u0117s atveria k\u016brybini\u0173 galimybi\u0173 pasaul\u012f. Kreidel\u0117s netoksi\u0161kos ir specialiai sukurtos taip, kad b\u016bt\u0173 kuo ma\u017eiau netvarkos. Greito d\u017ei\u016bvimo funkcija u\u017etikrina, kad meno k\u016briniai greitai i\u0161d\u017ei\u016bt\u0173, tod\u0117l nesusidarys d\u0117m\u0117s ir sutepimai. Ergonomi\u0161kas dizainas puikiai tinka ma\u017eoms rankoms, nes skatina patog\u0173 ir kontroliuojam\u0105 pie\u0161im\u0105. Galima atskirai \u012fsigyti tik kreideli\u0173 \u0161erdeli\u0173 papildym\u0105 ir toliau naudoti savo turim\u0105 kreideli\u0173 rinkin\u012f. Am\u017eius: 3+ D\u0117\u017eut\u0117s matmenys: 16,3 cm x 8,5 cm Komplekte: 24 i\u0161sukam\u0173 kreideli\u0173 &nbsp;<\/p>","protected":false},"featured_media":5057,"template":"","meta":[],"product_brand":[],"product_cat":[236,250,252,277,268,275],"product_tag":[18,41,27,20,36,112,113,54,114,25,47,22,48,49,137,23],"class_list":{"0":"post-766","1":"product","2":"type-product","3":"status-publish","4":"has-post-thumbnail","6":"product_cat-6-metai","7":"product_cat-menai-ir-kurybiniai-uzsiemimai","8":"product_cat-meno-reikmenys","9":"product_cat-smart-products-filter-index-do-not-delete","10":"product_cat-spalvinimo-priemones","11":"product_cat-visos-meno-prekes","12":"product_tag-age-6-years","13":"product_tag-art-supplies","14":"product_tag-arts-crafts","15":"product_tag-gift","16":"product_tag-kol-koc","17":"product_tag-kreideles","18":"product_tag-kreideles-vaikams","19":"product_tag-menininko-rinkinys","20":"product_tag-naturalios-kreideles","21":"product_tag-new-arrivals","22":"product_tag-piesimo-reikmenys","23":"product_tag-regular-sale","24":"product_tag-ryskios-spalvos","25":"product_tag-spalvinimo-priemones","26":"product_tag-spalvinimui","27":"product_tag-test","29":"first","30":"instock","31":"taxable","32":"shipping-taxable","33":"product-type-simple"},"jetpack_sharing_enabled":true,"_links":{"self":[{"href":"https:\/\/b2b.mideer.lt\/lv\/wp-json\/wp\/v2\/product\/766"}],"collection":[{"href":"https:\/\/b2b.mideer.lt\/lv\/wp-json\/wp\/v2\/product"}],"about":[{"href":"https:\/\/b2b.mideer.lt\/lv\/wp-json\/wp\/v2\/types\/product"}],"wp:featuredmedia":[{"embeddable":true,"href":"https:\/\/b2b.mideer.lt\/lv\/wp-json\/wp\/v2\/media\/5057"}],"wp:attachment":[{"href":"https:\/\/b2b.mideer.lt\/lv\/wp-json\/wp\/v2\/media?parent=766"}],"wp:term":[{"taxonomy":"product_brand","embeddable":true,"href":"https:\/\/b2b.mideer.lt\/lv\/wp-json\/wp\/v2\/product_brand?post=766"},{"taxonomy":"product_cat","embeddable":true,"href":"https:\/\/b2b.mideer.lt\/lv\/wp-json\/wp\/v2\/product_cat?post=766"},{"taxonomy":"product_tag","embeddable":true,"href":"https:\/\/b2b.mideer.lt\/lv\/wp-json\/wp\/v2\/product_tag?post=766"}],"curies":[{"name":"wp","href":"https:\/\/api.w.org\/{rel}","templated":true}]}}