{"id":684,"date":"2024-04-26T07:44:37","date_gmt":"2024-04-26T07:44:37","guid":{"rendered":"https:\/\/b2b.mideer.lt\/product\/story-disc-refill-pack-2\/"},"modified":"2026-04-22T07:31:11","modified_gmt":"2026-04-22T07:31:11","slug":"story-disc-refill-pack-2","status":"publish","type":"product","link":"https:\/\/b2b.mideer.lt\/lv\/product\/story-disc-refill-pack-2\/","title":{"rendered":"St\u0101stu pievieno\u0161ana projektoram"},"content":{"rendered":"<div dir=\"auto\" class=\"richTextContainer text-align-left\"><span class=\"text-only\" data-eleid=\"3\">Story Drive pakete papla\u0161ina <strong>B\u0113rnu st\u0101stu gr\u0101matu projektors<span class=\"text-only text-with-abbreviation text-with -abreviation-bottomline windows-bottomline\"><\/span><\/strong> pieredzi ar klasisko pasaku un pasaku kvartetu. <\/span><\/div>\n<div dir=\"auto\" class=\"richTextContainer text-align-left\">\n<span class=\"text-only\" data-eleid=\"2\"><\/span><span class=\"text-only\">\u00a0<\/span>\n<\/div>\n<div dir=\"auto\" class=\"richTextContainer text-align-left\">\n<div data-zone-id=\"0\" data-line-index=\"0\" data-line=\"true\">\u0160aj\u0101 papla\u0161in\u0101juma komplekt\u0101 ir iek\u013cautas sp\u0113les \"Miega skaistule\", \"Zoss ar zelta olu\", \"Princis vard\u012bte\", \"D\u017eeks un pupu k\u0101ts\".<\/div>\n<\/div>\n<ul>\n<li><span data-eleid=\"7\" class=\"text-only\"><strong>Am\u017eius:<\/strong> 3+<\/span><\/li>\n<li><span data-eleid=\"9\" class=\"text-only\"><strong>D\u0117\u017eut\u0117s matmenys:<\/strong> 7,5 cm x 7,5 cm x 1,5 cm x 1,5 cm<\/span><\/li>\n<li><span data-eleid=\"11\" class=\"text-only\"><strong>Iek\u013cauts:<\/strong> 4 st\u0101stu diski<\/span><\/li>\n<\/ul>","protected":false},"excerpt":{"rendered":"<p>Istorij\u0173 disko paketas i\u0161ple\u010dia Vaik\u0173 pasak\u0173 knygel\u0117s projektorius patirtis su klasikini\u0173 pasak\u0117\u010di\u0173 ir pasak\u0173 kvartetu. \u00a0 \u0160i\u0105 papildymo pakuot\u0119 sudaro: Miegan\u010dioji gra\u017euol\u0117, \u017d\u0105sis su auksiniu kiau\u0161iniu, Princas varl\u0117, D\u017eekas ir Pupel\u0117s stiebas. Am\u017eius: 3+ D\u0117\u017eut\u0117s matmenys: 7,5 cm x 7,5 cm x 1,5 cm \u012etraukta: 4 pasak\u0173 diskai<\/p>","protected":false},"featured_media":3039,"template":"","meta":[],"product_brand":[],"product_cat":[239,277],"product_tag":[16,40,123,87,21,25],"class_list":{"0":"post-684","1":"product","2":"type-product","3":"status-publish","4":"has-post-thumbnail","6":"product_cat-daugiau-zaislu-ir-zaidimu","7":"product_cat-smart-products-filter-index-do-not-delete","8":"product_tag-age-3-4-years","9":"product_tag-best-sellers","10":"product_tag-early-learning-toys","11":"product_tag-fantasy-magic","12":"product_tag-more-toys-games","13":"product_tag-new-arrivals","15":"first","16":"instock","17":"taxable","18":"shipping-taxable","19":"product-type-simple"},"jetpack_sharing_enabled":true,"_links":{"self":[{"href":"https:\/\/b2b.mideer.lt\/lv\/wp-json\/wp\/v2\/product\/684"}],"collection":[{"href":"https:\/\/b2b.mideer.lt\/lv\/wp-json\/wp\/v2\/product"}],"about":[{"href":"https:\/\/b2b.mideer.lt\/lv\/wp-json\/wp\/v2\/types\/product"}],"wp:featuredmedia":[{"embeddable":true,"href":"https:\/\/b2b.mideer.lt\/lv\/wp-json\/wp\/v2\/media\/3039"}],"wp:attachment":[{"href":"https:\/\/b2b.mideer.lt\/lv\/wp-json\/wp\/v2\/media?parent=684"}],"wp:term":[{"taxonomy":"product_brand","embeddable":true,"href":"https:\/\/b2b.mideer.lt\/lv\/wp-json\/wp\/v2\/product_brand?post=684"},{"taxonomy":"product_cat","embeddable":true,"href":"https:\/\/b2b.mideer.lt\/lv\/wp-json\/wp\/v2\/product_cat?post=684"},{"taxonomy":"product_tag","embeddable":true,"href":"https:\/\/b2b.mideer.lt\/lv\/wp-json\/wp\/v2\/product_tag?post=684"}],"curies":[{"name":"wp","href":"https:\/\/api.w.org\/{rel}","templated":true}]}}