{"id":6416,"date":"2026-05-12T10:48:22","date_gmt":"2026-05-12T10:48:22","guid":{"rendered":"https:\/\/b2b.mideer.lt\/?post_type=product&#038;p=6416"},"modified":"2026-05-12T10:48:22","modified_gmt":"2026-05-12T10:48:22","slug":"racing-track-grooved-magnetic-tiles-115p","status":"publish","type":"product","link":"https:\/\/b2b.mideer.lt\/lv\/product\/racing-track-grooved-magnetic-tiles-115p\/","title":{"rendered":"Magnetinis konstruktorius &#8211; lentyni\u0173 trasa su elektrin\u0117mis ma\u0161in\u0117l\u0117mis"},"content":{"rendered":"<div class=\"richTextContainer text-align-left\" dir=\"auto\">\n<p data-start=\"0\" data-end=\"614\">Magnetinis konstruktorius &#8211; lentyni\u0173 trasa su elektrin\u0117mis ma\u0161in\u0117l\u0117mis \u2013 tai \u012ftraukiantis \u017eaidimo rinkinys, skirtas vaikams nuo 3 met\u0173 am\u017eiaus. \u0160ios magnetin\u0117s dalys yra i\u0161maniai sukurtos su grioveliais, leid\u017eian\u010diais bet kok\u012f pavir\u0161i\u0173 paversti \u012fsp\u016bdinga lenktyni\u0173 trasa. Rinkin\u012f sudaro 115 dali\u0173, suteikian\u010di\u0173 neribotas k\u016brybos galimybes ma\u017eiesiems architektams ir lenktyni\u0173 entuziastams. Magnetiniai sujungimai u\u017etikrina tvirt\u0105 konstrukcij\u0105, o ry\u0161kios spalvos suteikia papildomo vizualinio patrauklumo. \u0160is \u017eaidimas ne tik suteikia valand\u0173 valandas pramog\u0173, bet ir skatina pa\u017eintin\u012f vystym\u0105si, smulki\u0105j\u0105 motorik\u0105 bei k\u016brybi\u0161kum\u0105.<\/p>\n<p data-start=\"616\" data-end=\"690\"><strong data-start=\"616\" data-end=\"627\">Am\u017eius:<\/strong> 3+<br data-start=\"630\" data-end=\"633\" \/><strong data-start=\"633\" data-end=\"654\">D\u0117\u017eut\u0117s matmenys:<\/strong> 45 \u00d7 35 \u00d7 7,5 cm<\/p>\n<\/div>","protected":false},"excerpt":{"rendered":"<p>Magnetinis konstruktorius &#8211; lentyni\u0173 trasa su elektrin\u0117mis ma\u0161in\u0117l\u0117mis \u2013 tai \u012ftraukiantis \u017eaidimo rinkinys, skirtas vaikams nuo 3 met\u0173 am\u017eiaus. \u0160ios magnetin\u0117s dalys yra i\u0161maniai sukurtos su grioveliais, leid\u017eian\u010diais bet kok\u012f pavir\u0161i\u0173 paversti \u012fsp\u016bdinga lenktyni\u0173 trasa. Rinkin\u012f sudaro 115 dali\u0173, suteikian\u010di\u0173 neribotas k\u016brybos galimybes ma\u017eiesiems architektams ir lenktyni\u0173 entuziastams. Magnetiniai sujungimai u\u017etikrina tvirt\u0105 konstrukcij\u0105, o ry\u0161kios spalvos suteikia papildomo vizualinio patrauklumo. \u0160is \u017eaidimas ne tik suteikia valand\u0173 valandas pramog\u0173, bet ir skatina pa\u017eintin\u012f vystym\u0105si, smulki\u0105j\u0105 motorik\u0105 bei k\u016brybi\u0161kum\u0105. Am\u017eius: 3+D\u0117\u017eut\u0117s matmenys: 45 \u00d7 35 \u00d7 7,5 cm<\/p>","protected":false},"featured_media":3327,"template":"","meta":[],"product_brand":[],"product_cat":[234,235,236,242,244,248,255,270,276],"product_tag":[16,17,32,123,124,21,25,23],"class_list":{"0":"post-6416","1":"product","2":"type-product","3":"status-publish","4":"has-post-thumbnail","6":"product_cat-3-4-metai","7":"product_cat-5-6-metai","8":"product_cat-6-metai","9":"product_cat-dovanu-idejos","10":"product_cat-kas-populiaru","11":"product_cat-magnetiniai-konstruktoriai","12":"product_cat-naujienos","13":"product_cat-statymo-konstruktoriai","14":"product_cat-zaislai-ir-zaidimai","15":"product_tag-age-3-4-years","16":"product_tag-age-5-6-years","17":"product_tag-building-blocks","18":"product_tag-early-learning-toys","19":"product_tag-magnetic-tiles","20":"product_tag-more-toys-games","21":"product_tag-new-arrivals","22":"product_tag-test","24":"first","25":"outofstock","26":"taxable","27":"shipping-taxable","28":"product-type-simple"},"jetpack_sharing_enabled":true,"_links":{"self":[{"href":"https:\/\/b2b.mideer.lt\/lv\/wp-json\/wp\/v2\/product\/6416"}],"collection":[{"href":"https:\/\/b2b.mideer.lt\/lv\/wp-json\/wp\/v2\/product"}],"about":[{"href":"https:\/\/b2b.mideer.lt\/lv\/wp-json\/wp\/v2\/types\/product"}],"wp:featuredmedia":[{"embeddable":true,"href":"https:\/\/b2b.mideer.lt\/lv\/wp-json\/wp\/v2\/media\/3327"}],"wp:attachment":[{"href":"https:\/\/b2b.mideer.lt\/lv\/wp-json\/wp\/v2\/media?parent=6416"}],"wp:term":[{"taxonomy":"product_brand","embeddable":true,"href":"https:\/\/b2b.mideer.lt\/lv\/wp-json\/wp\/v2\/product_brand?post=6416"},{"taxonomy":"product_cat","embeddable":true,"href":"https:\/\/b2b.mideer.lt\/lv\/wp-json\/wp\/v2\/product_cat?post=6416"},{"taxonomy":"product_tag","embeddable":true,"href":"https:\/\/b2b.mideer.lt\/lv\/wp-json\/wp\/v2\/product_tag?post=6416"}],"curies":[{"name":"wp","href":"https:\/\/api.w.org\/{rel}","templated":true}]}}