{"id":6415,"date":"2026-05-09T10:04:14","date_gmt":"2026-05-09T10:04:14","guid":{"rendered":"https:\/\/b2b.mideer.lt\/?post_type=product&#038;p=6415"},"modified":"2026-05-11T07:30:03","modified_gmt":"2026-05-11T07:30:03","slug":"vandens-sautuvas-drambliukas-melynas","status":"publish","type":"product","link":"https:\/\/b2b.mideer.lt\/lv\/product\/vandens-sautuvas-drambliukas-melynas\/","title":{"rendered":"\u016adens tvaikonis zil\u0101 kr\u0101s\u0101"},"content":{"rendered":"<p>\u0160\u012b jautr\u0101 zilo\u0146a formas \u016bdens pistole ir ide\u0101li piem\u0113rota vasaras izklaid\u0113m. T\u0101s dizains ir ide\u0101li piem\u0113rots maziem b\u0113rniem. \u016adens rota\u013clieta ir viegli satverama un lietojama. Nodro\u0161in\u0101ta un dro\u0161a sp\u0113l\u0113\u0161anai. Komplekt\u0101 ir plecu siksna, kas \u013cauj n\u0113s\u0101t \u016bdens pistoli p\u0101r plecu. Baterijas nav iek\u013cautas komplekt\u0101.<\/p>\n<p><strong>\u012apa\u0161as funkcijas:<\/strong><\/p>\n<p>Sp\u0113c\u012bg\u0101 straume \u0161auj l\u012bdz pat vair\u0101k nek\u0101 5 metru augstumam.<\/p>\n<p>Pirms n\u0101kam\u0101s \u016bdens nomai\u0146as \u016bdens tvertni var izmantot l\u012bdz pat 400 reiz\u0113m.<\/p>\n<ul>\n<li>Vecums: 3+<\/li>\n<li>Izm\u0113ri: 16,9 \u00d7 22,4 cm<\/li>\n<\/ul>","protected":false},"excerpt":{"rendered":"<p>\u0160is linksmos drambliuko formos vandens \u0161autuvas skirtas vasaros linksmyb\u0117ms. Jo dizainas yra idialiai pritaikytas ma\u017eiems vaikams. Patogu suimti ir naudoti vandens \u017eaisl\u0105. Setifikuotas ir saugus \u017eaidimas. Rinkinyje yra juostel\u0117, kuri leid\u017eia ne\u0161iotis vandens \u0161autuv\u0105 per pet\u012f. Rinkinyje n\u0117ra baterij\u0173. Ypatingos savyb\u0117s: Galinga srov\u0117 \u0161audo iki daugiau nei 5 metr\u0173. Vandens talpykla leid\u017eia i\u0161auti net 400 kart\u0173 iki kito vandens pakeitimo. Am\u017eius: 3+ Matmenys: 16,9&#215;22,4cm<\/p>","protected":false},"featured_media":4169,"template":"","meta":[],"product_brand":[],"product_cat":[234,235,236,239,244,246,276],"product_tag":[],"class_list":{"0":"post-6415","1":"product","2":"type-product","3":"status-publish","4":"has-post-thumbnail","6":"product_cat-3-4-metai","7":"product_cat-5-6-metai","8":"product_cat-6-metai","9":"product_cat-daugiau-zaislu-ir-zaidimu","10":"product_cat-kas-populiaru","11":"product_cat-lauko-zaislai","12":"product_cat-zaislai-ir-zaidimai","14":"first","15":"outofstock","16":"taxable","17":"shipping-taxable","18":"product-type-simple"},"jetpack_sharing_enabled":true,"_links":{"self":[{"href":"https:\/\/b2b.mideer.lt\/lv\/wp-json\/wp\/v2\/product\/6415"}],"collection":[{"href":"https:\/\/b2b.mideer.lt\/lv\/wp-json\/wp\/v2\/product"}],"about":[{"href":"https:\/\/b2b.mideer.lt\/lv\/wp-json\/wp\/v2\/types\/product"}],"wp:featuredmedia":[{"embeddable":true,"href":"https:\/\/b2b.mideer.lt\/lv\/wp-json\/wp\/v2\/media\/4169"}],"wp:attachment":[{"href":"https:\/\/b2b.mideer.lt\/lv\/wp-json\/wp\/v2\/media?parent=6415"}],"wp:term":[{"taxonomy":"product_brand","embeddable":true,"href":"https:\/\/b2b.mideer.lt\/lv\/wp-json\/wp\/v2\/product_brand?post=6415"},{"taxonomy":"product_cat","embeddable":true,"href":"https:\/\/b2b.mideer.lt\/lv\/wp-json\/wp\/v2\/product_cat?post=6415"},{"taxonomy":"product_tag","embeddable":true,"href":"https:\/\/b2b.mideer.lt\/lv\/wp-json\/wp\/v2\/product_tag?post=6415"}],"curies":[{"name":"wp","href":"https:\/\/api.w.org\/{rel}","templated":true}]}}