{"id":6412,"date":"2026-05-12T10:51:20","date_gmt":"2026-05-12T10:51:20","guid":{"rendered":"https:\/\/b2b.mideer.lt\/?post_type=product&#038;p=6412"},"modified":"2026-05-13T13:32:55","modified_gmt":"2026-05-13T13:32:55","slug":"apvali-delione-povandeninis-nuotykis-copy","status":"publish","type":"product","link":"https:\/\/b2b.mideer.lt\/lv\/product\/apvali-delione-povandeninis-nuotykis-copy\/","title":{"rendered":"Apvali d\u0117lion\u0117 Pasaulio gyv\u016bnai"},"content":{"rendered":"<p>Pasaulio gyv\u016bnai apvalioje d\u0117lion\u0117je! Pasinerk \u012f magi\u0161k\u0105 gyv\u016bn\u0173 pasaul\u012f ir tapk tikru tyrin\u0117toju! \u0160ios d\u0117lion\u0117s detal\u0117s ypatingai storos, tod\u0117l d\u0117lioti lengva ir \u012fdomu. Sud\u0117jus visas detales i\u0161vysi daugyb\u0119 viso pasaulio gyv\u016bn\u0173.<\/p>\n<ul>\n<li><strong>Am\u017eius:<\/strong> 5+<\/li>\n<li><strong>Kastes izm\u0113ri:<\/strong> 24 cm x 24 cm x 6,5 cm<\/li>\n<li><strong>Komplekt\u0101 ietilpst:<\/strong> 1 puzle<\/li>\n<li><strong>Da\u013cu skaits:<\/strong> 150 da\u013cas<\/li>\n<li><strong>M\u012bklas lielums:<\/strong> 52,8 cm x 52,8 cm, apa\u013ca<\/li>\n<li><strong>Materi\u0101ls:<\/strong> Kartons<\/li>\n<\/ul>","protected":false},"excerpt":{"rendered":"<p>Pasaulio gyv\u016bnai apvalioje d\u0117lion\u0117je! Pasinerk \u012f magi\u0161k\u0105 gyv\u016bn\u0173 pasaul\u012f ir tapk tikru tyrin\u0117toju! \u0160ios d\u0117lion\u0117s detal\u0117s ypatingai storos, tod\u0117l d\u0117lioti lengva ir \u012fdomu. Sud\u0117jus visas detales i\u0161vysi daugyb\u0119 viso pasaulio gyv\u016bn\u0173. Am\u017eius: 5+ D\u0117\u017e\u0117s i\u0161matavimai: 24 cm x 24 cm x 6,5 cm Komplekt\u0105 sudaro: 1 d\u0117lion\u0117 Dali\u0173 skai\u010dius: 150 dali\u0173 Sud\u0117liotos d\u0117lion\u0117s dydis: 52.8 cm x 52.8 cm, apvali Med\u017eiaga: Kartonas<\/p>","protected":false},"featured_media":6487,"template":"","meta":[],"product_brand":[],"product_cat":[235,236,240,255,257,258,274],"product_tag":[61,17,18,62,63,33,64,65,66,20,67,68,22,69,70],"class_list":{"0":"post-6412","1":"product","2":"type-product","3":"status-publish","4":"has-post-thumbnail","6":"product_cat-5-6-metai","7":"product_cat-6-metai","8":"product_cat-deliones","9":"product_cat-naujienos","10":"product_cat-netaisyklingu-formu-deliones","11":"product_cat-nuo-100-iki-300-daliu","12":"product_cat-visos-deliones","13":"product_tag-100-to-300-pieces","14":"product_tag-age-5-6-years","15":"product_tag-age-6-years","16":"product_tag-animals-nature","17":"product_tag-best","18":"product_tag-delione","19":"product_tag-deliones-vaikams","20":"product_tag-deliones-vaikui","21":"product_tag-gamta","22":"product_tag-gift","23":"product_tag-puzle","24":"product_tag-puzzles","25":"product_tag-regular-sale","26":"product_tag-shaped-puzzles","27":"product_tag-vaikiska-delione","29":"first","30":"instock","31":"taxable","32":"shipping-taxable","33":"product-type-simple"},"jetpack_sharing_enabled":true,"_links":{"self":[{"href":"https:\/\/b2b.mideer.lt\/lv\/wp-json\/wp\/v2\/product\/6412"}],"collection":[{"href":"https:\/\/b2b.mideer.lt\/lv\/wp-json\/wp\/v2\/product"}],"about":[{"href":"https:\/\/b2b.mideer.lt\/lv\/wp-json\/wp\/v2\/types\/product"}],"wp:featuredmedia":[{"embeddable":true,"href":"https:\/\/b2b.mideer.lt\/lv\/wp-json\/wp\/v2\/media\/6487"}],"wp:attachment":[{"href":"https:\/\/b2b.mideer.lt\/lv\/wp-json\/wp\/v2\/media?parent=6412"}],"wp:term":[{"taxonomy":"product_brand","embeddable":true,"href":"https:\/\/b2b.mideer.lt\/lv\/wp-json\/wp\/v2\/product_brand?post=6412"},{"taxonomy":"product_cat","embeddable":true,"href":"https:\/\/b2b.mideer.lt\/lv\/wp-json\/wp\/v2\/product_cat?post=6412"},{"taxonomy":"product_tag","embeddable":true,"href":"https:\/\/b2b.mideer.lt\/lv\/wp-json\/wp\/v2\/product_tag?post=6412"}],"curies":[{"name":"wp","href":"https:\/\/api.w.org\/{rel}","templated":true}]}}