{"id":6410,"date":"2026-05-12T10:53:34","date_gmt":"2026-05-12T10:53:34","guid":{"rendered":"https:\/\/b2b.mideer.lt\/?post_type=product&#038;p=6410"},"modified":"2026-05-13T07:31:18","modified_gmt":"2026-05-13T07:31:18","slug":"netaisyklingos-formos-delione-raganosio-buveine","status":"publish","type":"product","link":"https:\/\/b2b.mideer.lt\/lv\/product\/netaisyklingos-formos-delione-raganosio-buveine\/","title":{"rendered":"Netaisyklingos formos d\u0117lion\u0117 &#8211; Raganosio buvein\u0117"},"content":{"rendered":"<p class=\"ds-markdown-paragraph\">Netaisyklingos formos d\u0117lioni\u0173 serija \u017eengia u\u017e \u012fprast\u0173 formos rib\u0173. Ji suteikia naujo pob\u016bd\u017eio smagum\u0105, kartu \u0161iek tiek padidindama sud\u0117tingum\u0105.<\/p>\n<p class=\"ds-markdown-paragraph\">\u0160ios raganosio formos d\u0117lion\u0117s motyvas \u2013 d\u017eiungli\u0173 naktinis gyvenimas. Kompozicijoje atrasite daugiau nei 30 augal\u0173, daugiau nei 40 gyv\u016bn\u0173 ir daugyb\u0119 kit\u0173 etnini\u0173 element\u0173.<\/p>\n<ul>\n<li>\n<p class=\"ds-markdown-paragraph\"><strong>Am\u017eius:<\/strong> 5+<\/p>\n<\/li>\n<li>\n<p class=\"ds-markdown-paragraph\"><strong>D\u0117\u017eut\u0117s matmenys:<\/strong> 22,8 x 31 x 5 cm<\/p>\n<\/li>\n<li>\n<p class=\"ds-markdown-paragraph\"><strong>Apr\u012bkojums:<\/strong> 1 puzle, 1 instrukcijas gr\u0101mati\u0146a<\/p>\n<\/li>\n<li>\n<p class=\"ds-markdown-paragraph\"><strong>Da\u013cu skaits:<\/strong> 280<\/p>\n<\/li>\n<li>\n<p class=\"ds-markdown-paragraph\"><strong>Saloc\u012bt\u0101s puzles izm\u0113rs:<\/strong> 73,5 x 38,5 cm<\/p>\n<\/li>\n<li>\n<p class=\"ds-markdown-paragraph\"><strong>Materi\u0101ls:<\/strong> Gr\u016bdintas kartonas<\/p>\n<\/li>\n<\/ul>","protected":false},"excerpt":{"rendered":"<p>Netaisyklingos formos d\u0117lioni\u0173 serija \u017eengia u\u017e \u012fprast\u0173 formos rib\u0173. Ji suteikia naujo pob\u016bd\u017eio smagum\u0105, kartu \u0161iek tiek padidindama sud\u0117tingum\u0105. \u0160ios raganosio formos d\u0117lion\u0117s motyvas \u2013 d\u017eiungli\u0173 naktinis gyvenimas. Kompozicijoje atrasite daugiau nei 30 augal\u0173, daugiau nei 40 gyv\u016bn\u0173 ir daugyb\u0119 kit\u0173 etnini\u0173 element\u0173. Am\u017eius: 5+ D\u0117\u017eut\u0117s matmenys: 22,8 x 31 x 5 cm Komplektacija: 1 d\u0117lion\u0117, 1 instrukcija Detali\u0173 skai\u010dius: 280 Surinktos d\u0117lion\u0117s dydis: 73,5 x 38,5 cm Med\u017eiaga: Gr\u016bdintas kartonas<\/p>","protected":false},"featured_media":6483,"template":"","meta":[],"product_brand":[],"product_cat":[236,240,255,257,258,274],"product_tag":[61,30,17,18,62,80,63,40,20,36,68,22,69,23],"class_list":{"0":"post-6410","1":"product","2":"type-product","3":"status-publish","4":"has-post-thumbnail","6":"product_cat-6-metai","7":"product_cat-deliones","8":"product_cat-naujienos","9":"product_cat-netaisyklingu-formu-deliones","10":"product_cat-nuo-100-iki-300-daliu","11":"product_cat-visos-deliones","12":"product_tag-100-to-300-pieces","13":"product_tag-2023-new-in","14":"product_tag-age-5-6-years","15":"product_tag-age-6-years","16":"product_tag-animals-nature","17":"product_tag-back-in-stock","18":"product_tag-best","19":"product_tag-best-sellers","20":"product_tag-gift","21":"product_tag-kol-koc","22":"product_tag-puzzles","23":"product_tag-regular-sale","24":"product_tag-shaped-puzzles","25":"product_tag-test","27":"first","28":"instock","29":"taxable","30":"shipping-taxable","31":"product-type-simple"},"jetpack_sharing_enabled":true,"_links":{"self":[{"href":"https:\/\/b2b.mideer.lt\/lv\/wp-json\/wp\/v2\/product\/6410"}],"collection":[{"href":"https:\/\/b2b.mideer.lt\/lv\/wp-json\/wp\/v2\/product"}],"about":[{"href":"https:\/\/b2b.mideer.lt\/lv\/wp-json\/wp\/v2\/types\/product"}],"wp:featuredmedia":[{"embeddable":true,"href":"https:\/\/b2b.mideer.lt\/lv\/wp-json\/wp\/v2\/media\/6483"}],"wp:attachment":[{"href":"https:\/\/b2b.mideer.lt\/lv\/wp-json\/wp\/v2\/media?parent=6410"}],"wp:term":[{"taxonomy":"product_brand","embeddable":true,"href":"https:\/\/b2b.mideer.lt\/lv\/wp-json\/wp\/v2\/product_brand?post=6410"},{"taxonomy":"product_cat","embeddable":true,"href":"https:\/\/b2b.mideer.lt\/lv\/wp-json\/wp\/v2\/product_cat?post=6410"},{"taxonomy":"product_tag","embeddable":true,"href":"https:\/\/b2b.mideer.lt\/lv\/wp-json\/wp\/v2\/product_tag?post=6410"}],"curies":[{"name":"wp","href":"https:\/\/api.w.org\/{rel}","templated":true}]}}