{"id":6406,"date":"2026-05-12T11:07:04","date_gmt":"2026-05-12T11:07:04","guid":{"rendered":"https:\/\/b2b.mideer.lt\/?post_type=product&#038;p=6406"},"modified":"2026-05-13T14:17:49","modified_gmt":"2026-05-13T14:17:49","slug":"tylus-kamuolys-20cm-copy","status":"publish","type":"product","link":"https:\/\/b2b.mideer.lt\/lv\/product\/tylus-kamuolys-20cm-copy\/","title":{"rendered":"Tylus kamuolys &#8211; 20cm &#8211; ro\u017einis"},"content":{"rendered":"<p data-start=\"120\" data-end=\"378\">Atraskite nauj\u0105 \u017eaidimo patirt\u012f su <strong data-start=\"155\" data-end=\"181\">tyliu kamuoliu<\/strong> \u2013 mink\u0161tu, saugiu ir begarsiu! \u0160is inovatyvus kamuolys sukurtas taip, kad u\u017etikrint\u0173 maksimal\u0173 smagum\u0105 be erzinan\u010dio triuk\u0161mo, tod\u0117l puikiai tinka naudoti tiek namuose ar lauke.<\/p>\n<p data-start=\"380\" data-end=\"613\">D\u0117l specialios strukt\u016bros su mikro poromis kamuolys efektyviai sugeria gars\u0105, tod\u0117l net aktyviai m\u0117tant ar dau\u017eant \u012f pavir\u0161i\u0173 i\u0161lieka tylus. Mink\u0161ta, elastinga med\u017eiaga yra \u0161velni rankoms ir nesukelia diskomforto net ilgai \u017eaid\u017eiant.<\/p>\n<p data-start=\"615\" data-end=\"748\">Ry\u0161kios spalvos ne tik traukia ak\u012f, bet ir dera prie \u012fvairios aplinkos \u2013 kamuolys nepalieka \u017eymi\u0173 ir yra saugus baldams bei grindims.<\/p>\n<p><strong data-start=\"601\" data-end=\"612\">Am\u017eius:<\/strong> 3+<br data-start=\"615\" data-end=\"618\" data-is-only-node=\"\" \/><strong data-start=\"618\" data-end=\"639\">D\u0117\u017eut\u0117s matmenys:<\/strong> 20 cm<br data-start=\"678\" data-end=\"681\" \/><strong data-start=\"681\" data-end=\"701\">Ypatinga savyb\u0117:<\/strong> vientisas, nereikia prip\u016bsti<br data-start=\"730\" data-end=\"733\" \/><strong data-start=\"733\" data-end=\"746\">Materi\u0101ls:<\/strong> PU (poliuretanas)<\/p>","protected":false},"excerpt":{"rendered":"<p>Atraskite nauj\u0105 \u017eaidimo patirt\u012f su tyliu kamuoliu \u2013 mink\u0161tu, saugiu ir begarsiu! \u0160is inovatyvus kamuolys sukurtas taip, kad u\u017etikrint\u0173 maksimal\u0173 smagum\u0105 be erzinan\u010dio triuk\u0161mo, tod\u0117l puikiai tinka naudoti tiek namuose ar lauke. D\u0117l specialios strukt\u016bros su mikro poromis kamuolys efektyviai sugeria gars\u0105, tod\u0117l net aktyviai m\u0117tant ar dau\u017eant \u012f pavir\u0161i\u0173 i\u0161lieka tylus. Mink\u0161ta, elastinga med\u017eiaga yra \u0161velni rankoms ir nesukelia diskomforto net ilgai \u017eaid\u017eiant. Ry\u0161kios spalvos ne tik traukia ak\u012f, bet ir dera prie \u012fvairios aplinkos \u2013 kamuolys nepalieka \u017eymi\u0173 ir yra saugus baldams bei grindims. Am\u017eius: 3+D\u0117\u017eut\u0117s matmenys: 20 cmYpatinga savyb\u0117: vientisas, nereikia prip\u016bstiMed\u017eiaga: PU (poliuretanas)<\/p>","protected":false},"featured_media":6471,"template":"","meta":[],"product_brand":[],"product_cat":[234,235,236,246,255],"product_tag":[],"class_list":{"0":"post-6406","1":"product","2":"type-product","3":"status-publish","4":"has-post-thumbnail","6":"product_cat-3-4-metai","7":"product_cat-5-6-metai","8":"product_cat-6-metai","9":"product_cat-lauko-zaislai","10":"product_cat-naujienos","12":"first","13":"instock","14":"taxable","15":"shipping-taxable","16":"product-type-simple"},"jetpack_sharing_enabled":true,"_links":{"self":[{"href":"https:\/\/b2b.mideer.lt\/lv\/wp-json\/wp\/v2\/product\/6406"}],"collection":[{"href":"https:\/\/b2b.mideer.lt\/lv\/wp-json\/wp\/v2\/product"}],"about":[{"href":"https:\/\/b2b.mideer.lt\/lv\/wp-json\/wp\/v2\/types\/product"}],"wp:featuredmedia":[{"embeddable":true,"href":"https:\/\/b2b.mideer.lt\/lv\/wp-json\/wp\/v2\/media\/6471"}],"wp:attachment":[{"href":"https:\/\/b2b.mideer.lt\/lv\/wp-json\/wp\/v2\/media?parent=6406"}],"wp:term":[{"taxonomy":"product_brand","embeddable":true,"href":"https:\/\/b2b.mideer.lt\/lv\/wp-json\/wp\/v2\/product_brand?post=6406"},{"taxonomy":"product_cat","embeddable":true,"href":"https:\/\/b2b.mideer.lt\/lv\/wp-json\/wp\/v2\/product_cat?post=6406"},{"taxonomy":"product_tag","embeddable":true,"href":"https:\/\/b2b.mideer.lt\/lv\/wp-json\/wp\/v2\/product_tag?post=6406"}],"curies":[{"name":"wp","href":"https:\/\/api.w.org\/{rel}","templated":true}]}}