{"id":6404,"date":"2026-05-12T10:59:11","date_gmt":"2026-05-12T10:59:11","guid":{"rendered":"https:\/\/b2b.mideer.lt\/?post_type=product&#038;p=6404"},"modified":"2026-05-12T10:59:11","modified_gmt":"2026-05-12T10:59:11","slug":"e-labaratorija-steam-rinkinys","status":"publish","type":"product","link":"https:\/\/b2b.mideer.lt\/lv\/product\/e-labaratorija-steam-rinkinys\/","title":{"rendered":"E-labaratorija &#8211; STEAM rinkinys"},"content":{"rendered":"<p>Paverskite popieri\u0173 \u0161vie\u010dian\u010diomis ir judan\u010diomis grandin\u0117mis su \u0161iuo universaliu vaik\u0173 <strong data-start=\"88\" data-end=\"97\">STEAM<\/strong> rinkiniu! Derinkite men\u0105 ir in\u017einerij\u0105 atlikdami smagius praktinius projektus, kurie skatina k\u016brybi\u0161kum\u0105 ir smalsum\u0105 mokslui. Lengvai surenkami grandini\u0173 dizainai leid\u017eia jauniesiems k\u016br\u0117jams mokytis per \u017eaidim\u0105.<\/p>\n<p><strong data-start=\"337\" data-end=\"362\">6 projekt\u0173 korteli\u0173:<\/strong> kurkite \u0161vie\u010dian\u010dius ir judan\u010dius projektus (besisukantys grotuvai, d\u016bzgian\u010dios bit\u0117s ir kt.)<br data-start=\"456\" data-end=\"459\" \/><strong data-start=\"459\" data-end=\"482\">Dvipusis mokymasis:<\/strong> vienoje pus\u0117je \u2013 meniniai dizainai, kitoje \u2013 grandini\u0173 u\u017eduotys<br data-start=\"546\" data-end=\"549\" \/><strong data-start=\"549\" data-end=\"568\">Lengva naudoti:<\/strong> u\u017etenka klijuoti laid\u017ei\u0105 juost\u0105 grandin\u0117ms sukurti \u2013 programavimo nereikia<br data-start=\"643\" data-end=\"646\" \/><strong data-start=\"646\" data-end=\"670\">Dinamin\u0117s funkcijos:<\/strong> LED lemput\u0117s, vibracinis varikliukas, besisukantis variklis ir magnetiniai jungikliai<br data-start=\"756\" data-end=\"759\" \/><strong data-start=\"759\" data-end=\"777\" data-is-only-node=\"\">STEAM ugdymas:<\/strong> sujungia men\u0105, moksl\u0105 ir in\u017einerij\u0105 praktiniam mokymuisi<br data-start=\"834\" data-end=\"837\" \/><strong data-start=\"837\" data-end=\"856\">Dro\u0161s b\u0113rniem:<\/strong> netoksi\u0161kos med\u017eiagos ir vaikams pritaikyti komponentai<\/p>\n<ul>\n<li data-section-id=\"kr30d8\" data-start=\"944\" data-end=\"962\"><strong data-start=\"946\" data-end=\"957\">Am\u017eius:<\/strong> 8+<\/li>\n<li data-section-id=\"uyfe14\" data-start=\"963\" data-end=\"1009\"><strong data-start=\"965\" data-end=\"986\">D\u0117\u017eut\u0117s matmenys:<\/strong> 28,5 \u00d7 19,5 \u00d7 3,5 cm<\/li>\n<li data-section-id=\"162u2si\" data-start=\"1010\" data-end=\"1118\"><strong data-start=\"1012\" data-end=\"1026\">Ietver:<\/strong> 16 projekt\u0173 korteli\u0173, 35 LED lemput\u0117s, 2 varikliukai, 1 ritin\u0117lis laid\u017eios juostos ir kt.<\/li>\n<li data-section-id=\"1ihtc2g\" data-start=\"1119\" data-end=\"1188\"><strong data-start=\"1121\" data-end=\"1134\">Materi\u0101ls:<\/strong> popierius + vaikams saug\u016bs elektronikos komponentai<\/li>\n<\/ul>","protected":false},"excerpt":{"rendered":"<p>Paverskite popieri\u0173 \u0161vie\u010dian\u010diomis ir judan\u010diomis grandin\u0117mis su \u0161iuo universaliu vaik\u0173 STEAM rinkiniu! Derinkite men\u0105 ir in\u017einerij\u0105 atlikdami smagius praktinius projektus, kurie skatina k\u016brybi\u0161kum\u0105 ir smalsum\u0105 mokslui. Lengvai surenkami grandini\u0173 dizainai leid\u017eia jauniesiems k\u016br\u0117jams mokytis per \u017eaidim\u0105. 6 projekt\u0173 korteli\u0173: kurkite \u0161vie\u010dian\u010dius ir judan\u010dius projektus (besisukantys grotuvai, d\u016bzgian\u010dios bit\u0117s ir kt.)Dvipusis mokymasis: vienoje pus\u0117je \u2013 meniniai dizainai, kitoje \u2013 grandini\u0173 u\u017eduotysLengva naudoti: u\u017etenka klijuoti laid\u017ei\u0105 juost\u0105 grandin\u0117ms sukurti \u2013 programavimo nereikiaDinamin\u0117s funkcijos: LED lemput\u0117s, vibracinis varikliukas, besisukantis variklis ir magnetiniai jungikliaiSTEAM ugdymas: sujungia men\u0105, moksl\u0105 ir in\u017einerij\u0105 praktiniam mokymuisiSaugus vaikams: netoksi\u0161kos med\u017eiagos ir vaikams pritaikyti komponentai Am\u017eius: 8+ D\u0117\u017eut\u0117s matmenys: 28,5 \u00d7 19,5 \u00d7 3,5 cm Komplekte: 16 projekt\u0173 korteli\u0173, 35 LED lemput\u0117s, 2 varikliukai, 1 ritin\u0117lis laid\u017eios juostos ir kt. Med\u017eiaga: popierius + vaikams saug\u016bs elektronikos komponentai<\/p>","protected":false},"featured_media":6464,"template":"","meta":[],"product_brand":[],"product_cat":[236,255,263,276],"product_tag":[],"class_list":{"0":"post-6404","1":"product","2":"type-product","3":"status-publish","4":"has-post-thumbnail","6":"product_cat-6-metai","7":"product_cat-naujienos","8":"product_cat-pasidaryk-pats","9":"product_cat-zaislai-ir-zaidimai","11":"first","12":"outofstock","13":"taxable","14":"shipping-taxable","15":"product-type-simple"},"jetpack_sharing_enabled":true,"_links":{"self":[{"href":"https:\/\/b2b.mideer.lt\/lv\/wp-json\/wp\/v2\/product\/6404"}],"collection":[{"href":"https:\/\/b2b.mideer.lt\/lv\/wp-json\/wp\/v2\/product"}],"about":[{"href":"https:\/\/b2b.mideer.lt\/lv\/wp-json\/wp\/v2\/types\/product"}],"wp:featuredmedia":[{"embeddable":true,"href":"https:\/\/b2b.mideer.lt\/lv\/wp-json\/wp\/v2\/media\/6464"}],"wp:attachment":[{"href":"https:\/\/b2b.mideer.lt\/lv\/wp-json\/wp\/v2\/media?parent=6404"}],"wp:term":[{"taxonomy":"product_brand","embeddable":true,"href":"https:\/\/b2b.mideer.lt\/lv\/wp-json\/wp\/v2\/product_brand?post=6404"},{"taxonomy":"product_cat","embeddable":true,"href":"https:\/\/b2b.mideer.lt\/lv\/wp-json\/wp\/v2\/product_cat?post=6404"},{"taxonomy":"product_tag","embeddable":true,"href":"https:\/\/b2b.mideer.lt\/lv\/wp-json\/wp\/v2\/product_tag?post=6404"}],"curies":[{"name":"wp","href":"https:\/\/api.w.org\/{rel}","templated":true}]}}