{"id":6396,"date":"2026-05-12T11:05:18","date_gmt":"2026-05-12T11:05:18","guid":{"rendered":"https:\/\/b2b.mideer.lt\/?post_type=product&#038;p=6396"},"modified":"2026-05-14T10:18:25","modified_gmt":"2026-05-14T10:18:25","slug":"wild-dodgeball-aktyvus-zaidimu-rinkinys-suaugusio-dydis","status":"publish","type":"product","link":"https:\/\/b2b.mideer.lt\/lv\/product\/wild-dodgeball-aktyvus-zaidimu-rinkinys-suaugusio-dydis\/","title":{"rendered":"\u201eWild Dodgeball\u201c \u2013 aktyvus \u017eaidim\u0173 rinkinys &#8211; am\u017eius 14+"},"content":{"rendered":"<p>\u201eWild Dodgeball\u201c \u2013 tai ne tik \u017eaidimas, bet ir smagus b\u016bdas lavinti vaik\u0173 motorik\u0105, pusiausvyr\u0105 bei reakcij\u0105! Sukurtas vaikams ir visai \u0161eimai, \u0161is interaktyvus rinkinys sujungia jud\u0117jim\u0105, sensorin\u012f lavinim\u0105 ir daug juoko. Puikiai tinka \u017eaisti tiek namuose, tiek lauke.<\/p>\n<p><strong data-start=\"372\" data-end=\"394\">3 viename \u017eaidimas<\/strong> \u2013 m\u0117tykite, venkite ir gaudykite uodeg\u0117les \u2013 keli \u017eaidimo b\u016bdai viename rinkinyje<br data-start=\"476\" data-end=\"479\" \/><strong data-start=\"482\" data-end=\"501\">Lavina judesius<\/strong> \u2013 gerina koordinacij\u0105, reakcij\u0105 ir vikrum\u0105<br data-start=\"544\" data-end=\"547\" \/><strong data-start=\"551\" data-end=\"569\">Saugus vaikams<\/strong> \u2013 itin mink\u0161ti kamuoliukai ir kv\u0117puojan\u010dios med\u017eiagos u\u017etikrina komforti\u0161k\u0105 \u017eaidim\u0105<br data-start=\"653\" data-end=\"656\" \/><strong data-start=\"665\" data-end=\"683\">\u0160eimos pramoga<\/strong> \u2013 skatina bendravim\u0105, komandin\u012f darb\u0105 ir aktyv\u0173 laisvalaik\u012f<br data-start=\"743\" data-end=\"746\" data-is-only-node=\"\" \/><strong data-start=\"749\" data-end=\"770\">Aktyvus jud\u0117jimas<\/strong> \u2013 viso k\u016bno treniruot\u0117 \u017eaid\u017eiant<br data-start=\"803\" data-end=\"806\" \/><strong data-start=\"809\" data-end=\"833\">Sensorinis lavinimas<\/strong> \u2013 gerina pusiausvyr\u0105, erdvin\u012f suvokim\u0105 ir reakcijos laik\u0105<\/p>\n<ul>\n<li data-section-id=\"kr84fr\" data-start=\"923\" data-end=\"941\"><strong data-start=\"925\" data-end=\"936\">Am\u017eius:<\/strong> 14+<\/li>\n<li data-section-id=\"mktrsa\" data-start=\"942\" data-end=\"984\"><strong data-start=\"944\" data-end=\"965\">D\u0117\u017eut\u0117s matmenys:<\/strong><br \/>\n55 \u00d7 38 \u00d7 4 cm<\/li>\n<li data-section-id=\"zpxxf6\" data-start=\"985\" data-end=\"1077\"><strong data-start=\"987\" data-end=\"1001\">Ietver:<\/strong> 1 \u017eaidimo apranga, 3 kamuoliukai, 1 veltinio uodeg\u0117l\u0117, 1 laikymo mai\u0161elis<\/li>\n<li data-section-id=\"ruf9sx\" data-start=\"1078\" data-end=\"1117\"><strong data-start=\"1080\" data-end=\"1093\">Materi\u0101ls:<\/strong> poliesteris, veltinis<\/li>\n<\/ul>","protected":false},"excerpt":{"rendered":"<p>\u201eWild Dodgeball\u201c \u2013 tai ne tik \u017eaidimas, bet ir smagus b\u016bdas lavinti vaik\u0173 motorik\u0105, pusiausvyr\u0105 bei reakcij\u0105! Sukurtas vaikams ir visai \u0161eimai, \u0161is interaktyvus rinkinys sujungia jud\u0117jim\u0105, sensorin\u012f lavinim\u0105 ir daug juoko. Puikiai tinka \u017eaisti tiek namuose, tiek lauke. 3 viename \u017eaidimas \u2013 m\u0117tykite, venkite ir gaudykite uodeg\u0117les \u2013 keli \u017eaidimo b\u016bdai viename rinkinyjeLavina judesius \u2013 gerina koordinacij\u0105, reakcij\u0105 ir vikrum\u0105Saugus vaikams \u2013 itin mink\u0161ti kamuoliukai ir kv\u0117puojan\u010dios med\u017eiagos u\u017etikrina komforti\u0161k\u0105 \u017eaidim\u0105\u0160eimos pramoga \u2013 skatina bendravim\u0105, komandin\u012f darb\u0105 ir aktyv\u0173 laisvalaik\u012fAktyvus jud\u0117jimas \u2013 viso k\u016bno treniruot\u0117 \u017eaid\u017eiantSensorinis lavinimas \u2013 gerina pusiausvyr\u0105, erdvin\u012f suvokim\u0105 ir reakcijos laik\u0105 Am\u017eius: 14+ D\u0117\u017eut\u0117s matmenys: 55 \u00d7 38 \u00d7 4 cm Komplekte: 1 \u017eaidimo apranga, 3 kamuoliukai, 1 veltinio uodeg\u0117l\u0117, 1 laikymo mai\u0161elis Med\u017eiaga: poliesteris, veltinis<\/p>","protected":false},"featured_media":6451,"template":"","meta":[],"product_brand":[],"product_cat":[236,246,255],"product_tag":[],"class_list":{"0":"post-6396","1":"product","2":"type-product","3":"status-publish","4":"has-post-thumbnail","6":"product_cat-6-metai","7":"product_cat-lauko-zaislai","8":"product_cat-naujienos","10":"first","11":"instock","12":"taxable","13":"shipping-taxable","14":"product-type-simple"},"jetpack_sharing_enabled":true,"_links":{"self":[{"href":"https:\/\/b2b.mideer.lt\/lv\/wp-json\/wp\/v2\/product\/6396"}],"collection":[{"href":"https:\/\/b2b.mideer.lt\/lv\/wp-json\/wp\/v2\/product"}],"about":[{"href":"https:\/\/b2b.mideer.lt\/lv\/wp-json\/wp\/v2\/types\/product"}],"wp:featuredmedia":[{"embeddable":true,"href":"https:\/\/b2b.mideer.lt\/lv\/wp-json\/wp\/v2\/media\/6451"}],"wp:attachment":[{"href":"https:\/\/b2b.mideer.lt\/lv\/wp-json\/wp\/v2\/media?parent=6396"}],"wp:term":[{"taxonomy":"product_brand","embeddable":true,"href":"https:\/\/b2b.mideer.lt\/lv\/wp-json\/wp\/v2\/product_brand?post=6396"},{"taxonomy":"product_cat","embeddable":true,"href":"https:\/\/b2b.mideer.lt\/lv\/wp-json\/wp\/v2\/product_cat?post=6396"},{"taxonomy":"product_tag","embeddable":true,"href":"https:\/\/b2b.mideer.lt\/lv\/wp-json\/wp\/v2\/product_tag?post=6396"}],"curies":[{"name":"wp","href":"https:\/\/api.w.org\/{rel}","templated":true}]}}