{"id":6390,"date":"2026-05-12T10:55:55","date_gmt":"2026-05-12T10:55:55","guid":{"rendered":"https:\/\/b2b.mideer.lt\/?post_type=product&#038;p=6390"},"modified":"2026-05-12T10:55:55","modified_gmt":"2026-05-12T10:55:55","slug":"magiska-lempa-grybas","status":"publish","type":"product","link":"https:\/\/b2b.mideer.lt\/lv\/product\/magiska-lempa-grybas\/","title":{"rendered":"Magi\u0161ka grybo formos lempa"},"content":{"rendered":"<p>Stebuklinga grybuko formos lempa, kuri pripildys vaik\u0173 kambar\u012f jaukios \u0161viesos ir magi\u0161k\u0173 projekcij\u0173!<br data-start=\"162\" data-end=\"165\" \/>\u0160i miela mideer lempa ne tik \u0161vie\u010dia, bet ir projektuoja \u017evaig\u017edes bei m\u0117nulio formas ant sien\u0173 ar lub\u0173, sukurdama raminan\u010di\u0105 atmosfer\u0105 prie\u0161 mieg\u0105.<\/p>\n<h3 data-section-id=\"1fr22tb\" data-start=\"315\" data-end=\"337\">Lempos ypatyb\u0117s:<\/h3>\n<ul data-start=\"338\" data-end=\"637\">\n<li data-section-id=\"qvdp1c\" data-start=\"338\" data-end=\"382\">Magi\u0161kos \u017evaig\u017ed\u017ei\u0173 ir m\u0117nulio projekcijos<\/li>\n<li data-section-id=\"chpvmo\" data-start=\"383\" data-end=\"412\">\u0160velni, akims maloni \u0161viesa<\/li>\n<li data-section-id=\"1q32bbk\" data-start=\"413\" data-end=\"471\">Nuimama konstrukcija \u2013 galima naudoti skirtingais b\u016bdais<\/li>\n<li data-section-id=\"19hd06b\" data-start=\"472\" data-end=\"501\">Patogi ranken\u0117l\u0117 ne\u0161iojimui<\/li>\n<li data-section-id=\"3lc74l\" data-start=\"502\" data-end=\"559\">Puikiai tinka palapin\u0117ms, sl\u0117ptuv\u0117ms ar vakaro pasakoms<\/li>\n<li data-section-id=\"1qxl9g5\" data-start=\"560\" data-end=\"575\">USB \u012fkrovimas<\/li>\n<li data-section-id=\"94d6pu\" data-start=\"576\" data-end=\"610\">Kompakti\u0161kas ir lengvas dizainas<\/li>\n<\/ul>\n<p>Pakuot\u0117s dydis:10.7 \u00d7 10.7 \u00d7 15.5 cm<\/p>\n<p data-start=\"935\" data-end=\"1015\" data-is-last-node=\"\" data-is-only-node=\"\">Miela ir funkcionali naktin\u0117 lempa, kuri pavers kiekvien\u0105 vakar\u0105 ma\u017eu stebuklu<\/p>","protected":false},"excerpt":{"rendered":"<p>Stebuklinga grybuko formos lempa, kuri pripildys vaik\u0173 kambar\u012f jaukios \u0161viesos ir magi\u0161k\u0173 projekcij\u0173!\u0160i miela mideer lempa ne tik \u0161vie\u010dia, bet ir projektuoja \u017evaig\u017edes bei m\u0117nulio formas ant sien\u0173 ar lub\u0173, sukurdama raminan\u010di\u0105 atmosfer\u0105 prie\u0161 mieg\u0105. Lempos ypatyb\u0117s: Magi\u0161kos \u017evaig\u017ed\u017ei\u0173 ir m\u0117nulio projekcijos \u0160velni, akims maloni \u0161viesa Nuimama konstrukcija \u2013 galima naudoti skirtingais b\u016bdais Patogi ranken\u0117l\u0117 ne\u0161iojimui Puikiai tinka palapin\u0117ms, sl\u0117ptuv\u0117ms ar vakaro pasakoms USB \u012fkrovimas Kompakti\u0161kas ir lengvas dizainas Pakuot\u0117s dydis:10.7 \u00d7 10.7 \u00d7 15.5 cm Miela ir funkcionali naktin\u0117 lempa, kuri pavers kiekvien\u0105 vakar\u0105 ma\u017eu stebuklu<\/p>","protected":false},"featured_media":6427,"template":"","meta":[],"product_brand":[],"product_cat":[233,234,235,236,244,255,273,276],"product_tag":[],"class_list":{"0":"post-6390","1":"product","2":"type-product","3":"status-publish","4":"has-post-thumbnail","6":"product_cat-0-2-metai","7":"product_cat-3-4-metai","8":"product_cat-5-6-metai","9":"product_cat-6-metai","10":"product_cat-kas-populiaru","11":"product_cat-naujienos","12":"product_cat-visi-aksesuarai","13":"product_cat-zaislai-ir-zaidimai","15":"first","16":"outofstock","17":"taxable","18":"shipping-taxable","19":"product-type-simple"},"jetpack_sharing_enabled":true,"_links":{"self":[{"href":"https:\/\/b2b.mideer.lt\/lv\/wp-json\/wp\/v2\/product\/6390"}],"collection":[{"href":"https:\/\/b2b.mideer.lt\/lv\/wp-json\/wp\/v2\/product"}],"about":[{"href":"https:\/\/b2b.mideer.lt\/lv\/wp-json\/wp\/v2\/types\/product"}],"wp:featuredmedia":[{"embeddable":true,"href":"https:\/\/b2b.mideer.lt\/lv\/wp-json\/wp\/v2\/media\/6427"}],"wp:attachment":[{"href":"https:\/\/b2b.mideer.lt\/lv\/wp-json\/wp\/v2\/media?parent=6390"}],"wp:term":[{"taxonomy":"product_brand","embeddable":true,"href":"https:\/\/b2b.mideer.lt\/lv\/wp-json\/wp\/v2\/product_brand?post=6390"},{"taxonomy":"product_cat","embeddable":true,"href":"https:\/\/b2b.mideer.lt\/lv\/wp-json\/wp\/v2\/product_cat?post=6390"},{"taxonomy":"product_tag","embeddable":true,"href":"https:\/\/b2b.mideer.lt\/lv\/wp-json\/wp\/v2\/product_tag?post=6390"}],"curies":[{"name":"wp","href":"https:\/\/api.w.org\/{rel}","templated":true}]}}