{"id":6387,"date":"2026-05-09T10:02:18","date_gmt":"2026-05-09T10:02:18","guid":{"rendered":"https:\/\/b2b.mideer.lt\/?post_type=product&#038;p=6387"},"modified":"2026-05-09T10:02:19","modified_gmt":"2026-05-09T10:02:19","slug":"markeriu-gamybos-rinkinys","status":"publish","type":"product","link":"https:\/\/b2b.mideer.lt\/lv\/product\/markeriu-gamybos-rinkinys\/","title":{"rendered":"Markeri\u0173 gamybos rinkinys"},"content":{"rendered":"<p data-end=\"325\" data-start=\"70\">Sukurk savo unikalius markerius ir atrask spalv\u0173 mai\u0161ymo magij\u0105!<br data-end=\"137\" data-start=\"134\" \/>\u0160is inovatyvus mideer k\u016brybinis rinkinys leid\u017eia vaikams patiems mai\u0161yti spalvas, gaminti veikian\u010dius markerius ir eksperimentuoti su skirtingais atspalviais kaip tikri ma\u017eieji menininkai.<\/p>\n<h3 data-end=\"351\" data-start=\"327\" data-section-id=\"r0o3oo\">Rinkinio ypatyb\u0117s:<\/h3>\n<ul data-end=\"659\" data-start=\"352\">\n<li data-end=\"397\" data-start=\"352\" data-section-id=\"1f61ngl\">Vaikai gali patys susikurti iki 20 markeri\u0173<\/li>\n<li data-end=\"452\" data-start=\"398\" data-section-id=\"k768u4\">Spalv\u0173 mai\u0161ymas moko k\u016brybi\u0161kumo ir eksperimentavimo<\/li>\n<li data-end=\"486\" data-start=\"453\" data-section-id=\"1lbyad9\">Tikri pie\u0161imui skirti markeriai<\/li>\n<li data-end=\"547\" data-start=\"487\" data-section-id=\"vvbkx7\">Plaunamas ra\u0161alas \u2013 lengvai nusivalo nuo rank\u0173 ir drabu\u017ei\u0173<\/li>\n<li data-end=\"594\" data-start=\"548\" data-section-id=\"1dtw3ml\">Lavina meninius geb\u0117jimus ir spalv\u0173 pa\u017einim\u0105<\/li>\n<li data-end=\"632\" data-start=\"595\" data-section-id=\"cn1fpn\">Patogus organizuotas laikymo d\u0117klas<\/li>\n<\/ul>\n<p>Pakuot\u0117s dydis:27.8 \u00d7 34.3 \u00d7 10.6 cm<\/p>\n<p>Ieteicamais vecums: 3+<\/p>","protected":false},"excerpt":{"rendered":"<p>Sukurk savo unikalius markerius ir atrask spalv\u0173 mai\u0161ymo magij\u0105!\u0160is inovatyvus mideer k\u016brybinis rinkinys leid\u017eia vaikams patiems mai\u0161yti spalvas, gaminti veikian\u010dius markerius ir eksperimentuoti su skirtingais atspalviais kaip tikri ma\u017eieji menininkai. Rinkinio ypatyb\u0117s: Vaikai gali patys susikurti iki 20 markeri\u0173 Spalv\u0173 mai\u0161ymas moko k\u016brybi\u0161kumo ir eksperimentavimo Tikri pie\u0161imui skirti markeriai Plaunamas ra\u0161alas \u2013 lengvai nusivalo nuo rank\u0173 ir drabu\u017ei\u0173 Lavina meninius geb\u0117jimus ir spalv\u0173 pa\u017einim\u0105 Patogus organizuotas laikymo d\u0117klas Pakuot\u0117s dydis:27.8 \u00d7 34.3 \u00d7 10.6 cm Rekomenduojamas am\u017eius: 3+<\/p>","protected":false},"featured_media":6389,"template":"","meta":[],"product_brand":[],"product_cat":[234,235,236,250,252,255,263,268,275],"product_tag":[],"class_list":{"0":"post-6387","1":"product","2":"type-product","3":"status-publish","4":"has-post-thumbnail","6":"product_cat-3-4-metai","7":"product_cat-5-6-metai","8":"product_cat-6-metai","9":"product_cat-menai-ir-kurybiniai-uzsiemimai","10":"product_cat-meno-reikmenys","11":"product_cat-naujienos","12":"product_cat-pasidaryk-pats","13":"product_cat-spalvinimo-priemones","14":"product_cat-visos-meno-prekes","16":"first","17":"outofstock","18":"taxable","19":"shipping-taxable","20":"product-type-simple"},"jetpack_sharing_enabled":true,"_links":{"self":[{"href":"https:\/\/b2b.mideer.lt\/lv\/wp-json\/wp\/v2\/product\/6387"}],"collection":[{"href":"https:\/\/b2b.mideer.lt\/lv\/wp-json\/wp\/v2\/product"}],"about":[{"href":"https:\/\/b2b.mideer.lt\/lv\/wp-json\/wp\/v2\/types\/product"}],"wp:featuredmedia":[{"embeddable":true,"href":"https:\/\/b2b.mideer.lt\/lv\/wp-json\/wp\/v2\/media\/6389"}],"wp:attachment":[{"href":"https:\/\/b2b.mideer.lt\/lv\/wp-json\/wp\/v2\/media?parent=6387"}],"wp:term":[{"taxonomy":"product_brand","embeddable":true,"href":"https:\/\/b2b.mideer.lt\/lv\/wp-json\/wp\/v2\/product_brand?post=6387"},{"taxonomy":"product_cat","embeddable":true,"href":"https:\/\/b2b.mideer.lt\/lv\/wp-json\/wp\/v2\/product_cat?post=6387"},{"taxonomy":"product_tag","embeddable":true,"href":"https:\/\/b2b.mideer.lt\/lv\/wp-json\/wp\/v2\/product_tag?post=6387"}],"curies":[{"name":"wp","href":"https:\/\/api.w.org\/{rel}","templated":true}]}}