{"id":6323,"date":"2026-04-24T07:29:35","date_gmt":"2026-04-24T07:29:35","guid":{"rendered":"https:\/\/b2b.mideer.lt\/product\/hugz-pikniko-kilimelis-summit-bazaar\/"},"modified":"2026-04-24T11:02:42","modified_gmt":"2026-04-24T11:02:42","slug":"hugz-pikniko-kilimelis-summit-bazaar","status":"publish","type":"product","link":"https:\/\/b2b.mideer.lt\/lv\/product\/hugz-pikniko-kilimelis-summit-bazaar\/","title":{"rendered":"Vandeniui atsparus pikniko kilim\u0117lis &#8220;Summit Bazaar&#8221;"},"content":{"rendered":"<p data-start=\"55\" data-end=\"238\">\u0160is prakti\u0161kas ir patogus kilim\u0117lis puikiai tinka papl\u016bdimiui, piknikams, stovyklavimui ar poilsiui gamtoje. Jis sukurtas taip, kad b\u016bt\u0173 patvarus, lengvas ir lengvai transportuojamas.<\/p>\n<p data-start=\"240\" data-end=\"264\"><strong data-start=\"240\" data-end=\"264\">Galven\u0101s funkcijas:<\/strong><\/p>\n<ul data-start=\"266\" data-end=\"976\">\n<li data-section-id=\"t1u3oa\" data-start=\"266\" data-end=\"443\">\n<p data-start=\"268\" data-end=\"443\"><strong data-start=\"268\" data-end=\"303\">Atsparus vandeniui ir riebalams<\/strong> \u2013 specialus audinys yra lygus, atsparus nusid\u0117v\u0117jimui ir nepritraukia sm\u0117lio ar \u017eol\u0117s, tod\u0117l kilim\u0117l\u012f lengva nuvalyti ir palaikyti \u0161var\u0173.<\/p>\n<\/li>\n<li data-section-id=\"179txyu\" data-start=\"444\" data-end=\"572\">\n<p data-start=\"446\" data-end=\"572\"><strong data-start=\"446\" data-end=\"473\">Lengvas ir kompakti\u0161kas<\/strong> \u2013 kilim\u0117l\u012f paprasta sulankstyti ir patogu ne\u0161iotis su savimi keliaujant ar vykstant \u012f papl\u016bdim\u012f.<\/p>\n<\/li>\n<li data-section-id=\"u99u6o\" data-start=\"573\" data-end=\"799\">\n<p data-start=\"575\" data-end=\"799\"><strong data-start=\"575\" data-end=\"610\">Sustiprinti kampiniai kuoliukai<\/strong> \u2013 storesni ir patvaresni kuoliukai u\u017etikrina stabilum\u0105 ir neleid\u017eia kilim\u0117liui pasislinkti. Jie tvirtesni nei plastikiniai, tod\u0117l nel\u016b\u017eta ir i\u0161lieka stabil\u016bs net esant stipresniam v\u0117jui.<\/p>\n<\/li>\n<li data-section-id=\"leou81\" data-start=\"800\" data-end=\"976\">\n<p data-start=\"802\" data-end=\"976\"><strong data-start=\"802\" data-end=\"824\">Kampin\u0117s ki\u0161en\u0117l\u0117s<\/strong> \u2013 visose keturiose kampuose esan\u010dios ki\u0161en\u0117s leid\u017eia papildomai pritvirtinti kilim\u0117l\u012f sm\u0117liu ar kitais daiktais, kad jis tvirtai laikyt\u0173si papl\u016bdimyje.<\/p>\n<\/li>\n<\/ul>\n<p data-start=\"978\" data-end=\"1076\" data-is-last-node=\"\" data-is-only-node=\"\">Puikus pasirinkimas papl\u016bdimiui, piknikams, stovyklavimui, festivaliams ar poilsiui gamtoje.<\/p>","protected":false},"excerpt":{"rendered":"<p>\u0160is prakti\u0161kas ir patogus kilim\u0117lis puikiai tinka papl\u016bdimiui, piknikams, stovyklavimui ar poilsiui gamtoje. Jis sukurtas taip, kad b\u016bt\u0173 patvarus, lengvas ir lengvai transportuojamas. Pagrindin\u0117s savyb\u0117s: Atsparus vandeniui ir riebalams \u2013 specialus audinys yra lygus, atsparus nusid\u0117v\u0117jimui ir nepritraukia sm\u0117lio ar \u017eol\u0117s, tod\u0117l kilim\u0117l\u012f lengva nuvalyti ir palaikyti \u0161var\u0173. Lengvas ir kompakti\u0161kas \u2013 kilim\u0117l\u012f paprasta sulankstyti ir patogu ne\u0161iotis su savimi keliaujant ar vykstant \u012f papl\u016bdim\u012f. Sustiprinti kampiniai kuoliukai \u2013 storesni ir patvaresni kuoliukai u\u017etikrina stabilum\u0105 ir neleid\u017eia kilim\u0117liui pasislinkti. Jie tvirtesni nei plastikiniai, tod\u0117l nel\u016b\u017eta ir i\u0161lieka stabil\u016bs net esant stipresniam v\u0117jui. Kampin\u0117s ki\u0161en\u0117l\u0117s \u2013 visose keturiose kampuose esan\u010dios ki\u0161en\u0117s leid\u017eia papildomai pritvirtinti kilim\u0117l\u012f sm\u0117liu ar kitais daiktais, kad jis tvirtai laikyt\u0173si papl\u016bdimyje. Puikus pasirinkimas papl\u016bdimiui, piknikams, stovyklavimui, festivaliams ar poilsiui gamtoje.<\/p>","protected":false},"featured_media":6367,"template":"","meta":[],"product_brand":[],"product_cat":[],"product_tag":[],"class_list":{"0":"post-6323","1":"product","2":"type-product","3":"status-publish","4":"has-post-thumbnail","7":"first","8":"instock","9":"taxable","10":"shipping-taxable","11":"product-type-simple"},"jetpack_sharing_enabled":true,"_links":{"self":[{"href":"https:\/\/b2b.mideer.lt\/lv\/wp-json\/wp\/v2\/product\/6323"}],"collection":[{"href":"https:\/\/b2b.mideer.lt\/lv\/wp-json\/wp\/v2\/product"}],"about":[{"href":"https:\/\/b2b.mideer.lt\/lv\/wp-json\/wp\/v2\/types\/product"}],"wp:featuredmedia":[{"embeddable":true,"href":"https:\/\/b2b.mideer.lt\/lv\/wp-json\/wp\/v2\/media\/6367"}],"wp:attachment":[{"href":"https:\/\/b2b.mideer.lt\/lv\/wp-json\/wp\/v2\/media?parent=6323"}],"wp:term":[{"taxonomy":"product_brand","embeddable":true,"href":"https:\/\/b2b.mideer.lt\/lv\/wp-json\/wp\/v2\/product_brand?post=6323"},{"taxonomy":"product_cat","embeddable":true,"href":"https:\/\/b2b.mideer.lt\/lv\/wp-json\/wp\/v2\/product_cat?post=6323"},{"taxonomy":"product_tag","embeddable":true,"href":"https:\/\/b2b.mideer.lt\/lv\/wp-json\/wp\/v2\/product_tag?post=6323"}],"curies":[{"name":"wp","href":"https:\/\/api.w.org\/{rel}","templated":true}]}}