{"id":6313,"date":"2026-04-24T07:29:30","date_gmt":"2026-04-24T07:29:30","guid":{"rendered":"https:\/\/b2b.mideer.lt\/product\/daugiafunkcinis-deklas-garden-field-23x18x10cm\/"},"modified":"2026-04-25T11:47:23","modified_gmt":"2026-04-25T11:47:23","slug":"daugiafunkcinis-deklas-garden-field-23x18x10cm","status":"publish","type":"product","link":"https:\/\/b2b.mideer.lt\/lv\/product\/daugiafunkcinis-deklas-garden-field-23x18x10cm\/","title":{"rendered":"Daugiafunkcinis d\u0117klas Garden Field 23x18x10cm"},"content":{"rendered":"<p data-start=\"55\" data-end=\"304\">Prakti\u0161kas ir stilingas piet\u0173 d\u0117klas, skirtas patogiai ne\u0161tis maist\u0105 \u012f dar\u017eel\u012f ar mokykl\u0105. Kompakti\u0161kas, bet talpus dizainas leid\u017eia tvarkingai susid\u0117ti piet\u0173 d\u0117\u017eutes, u\u017ekand\u017eius ar g\u0117rimus, kad viskas b\u016bt\u0173 vienoje vietoje. <strong data-start=\"828\" data-end=\"854\">Universalus naudojimas<\/strong> \u2013 be piet\u0173 d\u0117klo funkcijos, gali b\u016bti naudojamas kaip u\u017ekand\u017ei\u0173 krep\u0161elis i\u0161vykoms, ma\u017eas kelioninis d\u0117klas ar daikt\u0173 laikymo krep\u0161elis.<\/p>\n<p data-start=\"306\" data-end=\"330\"><strong data-start=\"306\" data-end=\"330\">Galven\u0101s funkcijas:<\/strong><\/p>\n<ul data-start=\"332\" data-end=\"1536\">\n<li data-section-id=\"1du8z2f\" data-start=\"332\" data-end=\"531\">\n<p data-start=\"334\" data-end=\"531\"><strong data-start=\"334\" data-end=\"368\">Patogus dviej\u0173 skyri\u0173 dizainas<\/strong> \u2013 dvigubo sluoksnio skyriai leid\u017eia atskirti piet\u0173 d\u0117\u017eutes, vaisius, u\u017ekand\u017eius ar kitus maisto produktus, kad jie b\u016bt\u0173 tvarkingai sud\u0117ti ir lengvai pasiekiami.<\/p>\n<\/li>\n<li data-section-id=\"104tijf\" data-start=\"532\" data-end=\"698\">\n<p data-start=\"534\" data-end=\"698\"><strong data-start=\"534\" data-end=\"564\">Vandeniui atsparus audinys<\/strong> \u2013 med\u017eiaga atstumia dr\u0117gm\u0119, tod\u0117l i\u0161siliejusius skys\u010dius ar d\u0117mes lengva nuvalyti. Audinys bekvapis, saugus ir lengvai pri\u017ei\u016brimas.<\/p>\n<\/li>\n<li data-section-id=\"1s7em9m\" data-start=\"699\" data-end=\"825\">\n<p data-start=\"701\" data-end=\"825\"><strong data-start=\"701\" data-end=\"722\">Platus atidarymas<\/strong> \u2013 patogi konstrukcija leid\u017eia lengvai matyti visus viduje esan\u010dius produktus ir greitai juos i\u0161imti.<\/p>\n<\/li>\n<li data-section-id=\"wt3szr\" data-start=\"994\" data-end=\"1126\">\n<p data-start=\"996\" data-end=\"1126\"><strong data-start=\"996\" data-end=\"1023\">Lengvas ir kompakti\u0161kas<\/strong> \u2013 neu\u017eima daug vietos kuprin\u0117je ar rankin\u0117je, tod\u0117l patogu ne\u0161tis \u012f mokymo \u012fstaigas kiekvien\u0105 dien\u0105.<\/p>\n<\/li>\n<li data-section-id=\"jpc95v\" data-start=\"1127\" data-end=\"1304\">\n<p data-start=\"1129\" data-end=\"1304\"><strong data-start=\"1129\" data-end=\"1152\">Patogi konstrukcija<\/strong> \u2013 platesn\u0117s rankenos, dvigubas u\u017etrauktukas ir tvirta forma leid\u017eia patogiai ne\u0161ti ar pakabinti. D\u0117klas nesusmunka, o u\u017etrauktukai veikia skland\u017eiai.<\/p>\n<\/li>\n<\/ul>\n<p data-start=\"1538\" data-end=\"1661\" data-is-last-node=\"\" data-is-only-node=\"\">Puikus pasirinkimas <strong data-start=\"1558\" data-end=\"1656\">mokiniams, studentams ir visiems, kurie nori patogiai ne\u0161tis pietus \u012f mokymo \u012fstaig\u0105 ar darb\u0105.<\/strong><\/p>","protected":false},"excerpt":{"rendered":"<p>Prakti\u0161kas ir stilingas piet\u0173 d\u0117klas, skirtas patogiai ne\u0161tis maist\u0105 \u012f dar\u017eel\u012f ar mokykl\u0105. Kompakti\u0161kas, bet talpus dizainas leid\u017eia tvarkingai susid\u0117ti piet\u0173 d\u0117\u017eutes, u\u017ekand\u017eius ar g\u0117rimus, kad viskas b\u016bt\u0173 vienoje vietoje. Universalus naudojimas \u2013 be piet\u0173 d\u0117klo funkcijos, gali b\u016bti naudojamas kaip u\u017ekand\u017ei\u0173 krep\u0161elis i\u0161vykoms, ma\u017eas kelioninis d\u0117klas ar daikt\u0173 laikymo krep\u0161elis. Pagrindin\u0117s savyb\u0117s: Patogus dviej\u0173 skyri\u0173 dizainas \u2013 dvigubo sluoksnio skyriai leid\u017eia atskirti piet\u0173 d\u0117\u017eutes, vaisius, u\u017ekand\u017eius ar kitus maisto produktus, kad jie b\u016bt\u0173 tvarkingai sud\u0117ti ir lengvai pasiekiami. Vandeniui atsparus audinys \u2013 med\u017eiaga atstumia dr\u0117gm\u0119, tod\u0117l i\u0161siliejusius skys\u010dius ar d\u0117mes lengva nuvalyti. Audinys bekvapis, saugus ir lengvai pri\u017ei\u016brimas. Platus atidarymas \u2013 patogi konstrukcija leid\u017eia lengvai matyti visus viduje esan\u010dius produktus ir greitai juos i\u0161imti. Lengvas ir kompakti\u0161kas \u2013 neu\u017eima daug vietos kuprin\u0117je ar rankin\u0117je, tod\u0117l patogu ne\u0161tis \u012f mokymo \u012fstaigas kiekvien\u0105 dien\u0105. Patogi konstrukcija \u2013 platesn\u0117s rankenos, dvigubas u\u017etrauktukas ir tvirta forma leid\u017eia patogiai ne\u0161ti ar pakabinti. D\u0117klas nesusmunka, o u\u017etrauktukai veikia skland\u017eiai. Puikus pasirinkimas mokiniams, studentams ir visiems, kurie nori patogiai ne\u0161tis pietus \u012f mokymo \u012fstaig\u0105 ar darb\u0105.<\/p>","protected":false},"featured_media":6352,"template":"","meta":[],"product_brand":[],"product_cat":[234,235,236,255,273],"product_tag":[],"class_list":{"0":"post-6313","1":"product","2":"type-product","3":"status-publish","4":"has-post-thumbnail","6":"product_cat-3-4-metai","7":"product_cat-5-6-metai","8":"product_cat-6-metai","9":"product_cat-naujienos","10":"product_cat-visi-aksesuarai","12":"first","13":"instock","14":"taxable","15":"shipping-taxable","16":"product-type-simple"},"jetpack_sharing_enabled":true,"_links":{"self":[{"href":"https:\/\/b2b.mideer.lt\/lv\/wp-json\/wp\/v2\/product\/6313"}],"collection":[{"href":"https:\/\/b2b.mideer.lt\/lv\/wp-json\/wp\/v2\/product"}],"about":[{"href":"https:\/\/b2b.mideer.lt\/lv\/wp-json\/wp\/v2\/types\/product"}],"wp:featuredmedia":[{"embeddable":true,"href":"https:\/\/b2b.mideer.lt\/lv\/wp-json\/wp\/v2\/media\/6352"}],"wp:attachment":[{"href":"https:\/\/b2b.mideer.lt\/lv\/wp-json\/wp\/v2\/media?parent=6313"}],"wp:term":[{"taxonomy":"product_brand","embeddable":true,"href":"https:\/\/b2b.mideer.lt\/lv\/wp-json\/wp\/v2\/product_brand?post=6313"},{"taxonomy":"product_cat","embeddable":true,"href":"https:\/\/b2b.mideer.lt\/lv\/wp-json\/wp\/v2\/product_cat?post=6313"},{"taxonomy":"product_tag","embeddable":true,"href":"https:\/\/b2b.mideer.lt\/lv\/wp-json\/wp\/v2\/product_tag?post=6313"}],"curies":[{"name":"wp","href":"https:\/\/api.w.org\/{rel}","templated":true}]}}