{"id":6304,"date":"2026-04-24T07:29:26","date_gmt":"2026-04-24T07:29:26","guid":{"rendered":"https:\/\/b2b.mideer.lt\/product\/papuosalu-kurimo-rinkinys\/"},"modified":"2026-04-25T11:43:38","modified_gmt":"2026-04-25T11:43:38","slug":"papuosalu-kurimo-rinkinys","status":"publish","type":"product","link":"https:\/\/b2b.mideer.lt\/lv\/product\/papuosalu-kurimo-rinkinys\/","title":{"rendered":"Papuo\u0161al\u0173 k\u016brimo rinkinys"},"content":{"rendered":"<p>\u0160is \u201eviskas viename\u201c karoliuk\u0173 v\u0117rimo k\u016brybinis rinkinys leid\u017eia kurti unikalias apyrankes, kaklo papuo\u0161alus, \u017eiedus ir pakabukus, naudojant ry\u0161kius, spalvotus karoliukus ir \u017eavingus gamtos tematikos pakabukus. Puikiai tinka pradedantiesiems \u2013 rinkinyje yra specialus karoliuk\u0173 d\u0117liojimo pad\u0117klas ir \u017eingsnis po \u017eingsnio instrukcijos, tod\u0117l stilingus aksesuarus gal\u0117site prad\u0117ti kurti vos per kelias minutes.<\/p>\n<p data-start=\"549\" data-end=\"752\"><strong data-start=\"549\" data-end=\"581\">Neribotos k\u016brybos galimyb\u0117s:<\/strong><br data-start=\"581\" data-end=\"584\" \/>Derinkite daugiau nei 10 skirting\u0173 karoliuk\u0173 tip\u0173 (da\u017eyti karoliukai, \u0161irdeli\u0173 pakabukai, g\u0117li\u0173 formos detal\u0117s ir kt.) ir kurkite unikalius papuo\u0161alus kiekvienai progai<\/p>\n<p data-start=\"754\" data-end=\"928\"><strong data-start=\"754\" data-end=\"785\">Tvarkingas k\u016brimo procesas:<\/strong><br data-start=\"785\" data-end=\"788\" \/>Integruotas pad\u0117klas padeda i\u0161laikyti karoliukus vietoje, tod\u0117l galite patogiai d\u0117lioti ir verti \u2013 nebereik\u0117s gaudyti nuried\u0117jusi\u0173 karoliuk\u0173<\/p>\n<p data-start=\"930\" data-end=\"1080\"><strong data-start=\"930\" data-end=\"957\">Tinka pradedantiesiems:<\/strong><br data-start=\"957\" data-end=\"960\" \/>Iliustruota instrukcija ir vaizdo pamokos pad\u0117s nuo pirmojo karoliuko iki u\u017ebaigto papuo\u0161alo \u2013 jokios patirties nereikia<\/p>\n<p data-start=\"1082\" data-end=\"1244\"><strong data-start=\"1082\" data-end=\"1114\">Ilgai i\u0161liekantis blizgesys:<\/strong><br data-start=\"1114\" data-end=\"1117\" \/>Patobulinta spalvos i\u0161laikymo technologija u\u017etikrina, kad karoliukai i\u0161liks ry\u0161k\u016bs ir atspar\u016bs \u012fbr\u0117\u017eimams net kasdien ne\u0161iojant<\/p>\n<p data-start=\"1082\" data-end=\"1244\"><strong data-start=\"38\" data-end=\"49\">Am\u017eius:<\/strong> nuo 8 met\u0173<br data-start=\"60\" data-end=\"63\" \/><strong data-start=\"63\" data-end=\"84\">D\u0117\u017eut\u0117s matmenys:<\/strong> 17,8 \u00d7 24,9 \u00d7 5,1 cm<br data-start=\"105\" data-end=\"108\" \/><strong data-start=\"108\" data-end=\"121\" data-is-only-node=\"\">Materi\u0101ls:<\/strong> ekologi\u0161ki akrilo karoliukai<\/p>","protected":false},"excerpt":{"rendered":"<p>\u0160is \u201eviskas viename\u201c karoliuk\u0173 v\u0117rimo k\u016brybinis rinkinys leid\u017eia kurti unikalias apyrankes, kaklo papuo\u0161alus, \u017eiedus ir pakabukus, naudojant ry\u0161kius, spalvotus karoliukus ir \u017eavingus gamtos tematikos pakabukus. Puikiai tinka pradedantiesiems \u2013 rinkinyje yra specialus karoliuk\u0173 d\u0117liojimo pad\u0117klas ir \u017eingsnis po \u017eingsnio instrukcijos, tod\u0117l stilingus aksesuarus gal\u0117site prad\u0117ti kurti vos per kelias minutes. Neribotos k\u016brybos galimyb\u0117s:Derinkite daugiau nei 10 skirting\u0173 karoliuk\u0173 tip\u0173 (da\u017eyti karoliukai, \u0161irdeli\u0173 pakabukai, g\u0117li\u0173 formos detal\u0117s ir kt.) ir kurkite unikalius papuo\u0161alus kiekvienai progai Tvarkingas k\u016brimo procesas:Integruotas pad\u0117klas padeda i\u0161laikyti karoliukus vietoje, tod\u0117l galite patogiai d\u0117lioti ir verti \u2013 nebereik\u0117s gaudyti nuried\u0117jusi\u0173 karoliuk\u0173 Tinka pradedantiesiems:Iliustruota instrukcija ir vaizdo pamokos pad\u0117s nuo pirmojo karoliuko iki u\u017ebaigto papuo\u0161alo \u2013 jokios patirties nereikia Ilgai i\u0161liekantis blizgesys:Patobulinta spalvos i\u0161laikymo technologija u\u017etikrina, kad karoliukai i\u0161liks ry\u0161k\u016bs ir atspar\u016bs \u012fbr\u0117\u017eimams net kasdien ne\u0161iojant Am\u017eius: nuo 8 met\u0173D\u0117\u017eut\u0117s matmenys: 17,8 \u00d7 24,9 \u00d7 5,1 cmMed\u017eiaga: ekologi\u0161ki akrilo karoliukai<\/p>","protected":false},"featured_media":6332,"template":"","meta":[],"product_brand":[],"product_cat":[236,242,244,250,252,255,263,273,275,276],"product_tag":[],"class_list":{"0":"post-6304","1":"product","2":"type-product","3":"status-publish","4":"has-post-thumbnail","6":"product_cat-6-metai","7":"product_cat-dovanu-idejos","8":"product_cat-kas-populiaru","9":"product_cat-menai-ir-kurybiniai-uzsiemimai","10":"product_cat-meno-reikmenys","11":"product_cat-naujienos","12":"product_cat-pasidaryk-pats","13":"product_cat-visi-aksesuarai","14":"product_cat-visos-meno-prekes","15":"product_cat-zaislai-ir-zaidimai","17":"first","18":"instock","19":"taxable","20":"shipping-taxable","21":"product-type-simple"},"jetpack_sharing_enabled":true,"_links":{"self":[{"href":"https:\/\/b2b.mideer.lt\/lv\/wp-json\/wp\/v2\/product\/6304"}],"collection":[{"href":"https:\/\/b2b.mideer.lt\/lv\/wp-json\/wp\/v2\/product"}],"about":[{"href":"https:\/\/b2b.mideer.lt\/lv\/wp-json\/wp\/v2\/types\/product"}],"wp:featuredmedia":[{"embeddable":true,"href":"https:\/\/b2b.mideer.lt\/lv\/wp-json\/wp\/v2\/media\/6332"}],"wp:attachment":[{"href":"https:\/\/b2b.mideer.lt\/lv\/wp-json\/wp\/v2\/media?parent=6304"}],"wp:term":[{"taxonomy":"product_brand","embeddable":true,"href":"https:\/\/b2b.mideer.lt\/lv\/wp-json\/wp\/v2\/product_brand?post=6304"},{"taxonomy":"product_cat","embeddable":true,"href":"https:\/\/b2b.mideer.lt\/lv\/wp-json\/wp\/v2\/product_cat?post=6304"},{"taxonomy":"product_tag","embeddable":true,"href":"https:\/\/b2b.mideer.lt\/lv\/wp-json\/wp\/v2\/product_tag?post=6304"}],"curies":[{"name":"wp","href":"https:\/\/api.w.org\/{rel}","templated":true}]}}