{"id":6303,"date":"2026-04-24T07:29:26","date_gmt":"2026-04-24T07:29:26","guid":{"rendered":"https:\/\/b2b.mideer.lt\/product\/pliusiniu-zaislu-kurimo-rinkinys\/"},"modified":"2026-04-25T11:44:28","modified_gmt":"2026-04-25T11:44:28","slug":"pliusiniu-zaislu-kurimo-rinkinys","status":"publish","type":"product","link":"https:\/\/b2b.mideer.lt\/lv\/product\/pliusiniu-zaislu-kurimo-rinkinys\/","title":{"rendered":"Pliu\u0161ini\u0173 \u017eaisl\u0173 k\u016brimo rinkinys"},"content":{"rendered":"<p>\u0160is pliu\u0161ini\u0173 \u017eaisl\u0173 k\u016brimo rinkinys, skirtas vaikams nuo 8 met\u0173, leid\u017eia sukurti 3 mielus pliu\u0161inius gyv\u016bn\u0117lius, kuriuos galima naudoti kaip rakt\u0173 pakabukus, dovan\u0173 dekoracijas ar kelioni\u0173 draugus.<\/p>\n<p data-start=\"316\" data-end=\"493\"><strong data-start=\"316\" data-end=\"346\">Sukurk 3 mink\u0161tus draugus:<\/strong><br data-start=\"346\" data-end=\"349\" \/>Pagamink 3 apkabinamus pliu\u0161inius gyv\u016bn\u0117lius (me\u0161kiukus, zuiku\u010dius, katytes ir kt.) i\u0161 mink\u0161t\u0173, p\u016bkuot\u0173 med\u017eiag\u0173, kurios suteikia jaukumo poj\u016bt\u012f<\/p>\n<p data-start=\"495\" data-end=\"646\"><strong data-start=\"495\" data-end=\"517\">Mini teatro scena:<\/strong><br data-start=\"517\" data-end=\"520\" \/>Pridedamas i\u0161lankstomas scenos fonas paver\u010dia tavo k\u016brinius \u017eaviu mini teatru, kuriame gali pristatyti savo pliu\u0161inius draugus<\/p>\n<p data-start=\"648\" data-end=\"800\"><strong data-start=\"648\" data-end=\"673\">Universal\u016bs k\u016briniai:<\/strong><br data-start=\"673\" data-end=\"676\" \/>Paversk gyv\u016bn\u0117lius rankini\u0173 pakabukais, puok\u0161\u010di\u0173 akcentais ar stalo dekoracijomis, suteikian\u010diomis jaukumo bet kuriai erdvei<\/p>\n<p data-start=\"802\" data-end=\"965\"><strong data-start=\"802\" data-end=\"836\">Vaikams pritaikytos med\u017eiagos:<\/strong><br data-start=\"836\" data-end=\"839\" \/>Mink\u0161ti, lengvai lankstomi vieliniai \u0161eniliniai pagaliukai ir p\u016bkuoti kamuoliukai leid\u017eia lengvai \u012fgyvendinti k\u016brybines id\u0117jas<\/p>\n<p data-start=\"967\" data-end=\"1096\"><strong data-start=\"967\" data-end=\"993\">Individual\u016bs dizainai:<\/strong><br data-start=\"993\" data-end=\"996\" \/>Papildyk k\u016brinius juostel\u0117mis, pakabukais ir veido detal\u0117mis, kad kiekvienas gyv\u016bn\u0117lis b\u016bt\u0173 unikalus<\/p>\n<p data-start=\"1103\" data-end=\"1172\"><strong data-start=\"1103\" data-end=\"1114\">Am\u017eius:<\/strong> nuo 8 met\u0173<br data-start=\"1125\" data-end=\"1128\" \/><strong data-start=\"1128\" data-end=\"1149\">D\u0117\u017eut\u0117s matmenys:<\/strong> 28,4 \u00d7 18,0 \u00d7 6,6 cm<\/p>\n<p data-start=\"1174\" data-end=\"1479\"><strong data-start=\"1683\" data-end=\"1702\">Svarbi pastaba:<\/strong><br data-start=\"1702\" data-end=\"1705\" \/>Kiekviename rinkinyje yra pakankamai med\u017eiag\u0173 sukurti 3 pliu\u0161iniams gyv\u016bn\u0117liams (papildomi gyv\u016bnai, pavaizduoti nuotraukose, yra tik dizaino pavyzd\u017eiai ir \u012f rinkin\u012f ne\u012feina).<\/p>","protected":false},"excerpt":{"rendered":"<p>\u0160is pliu\u0161ini\u0173 \u017eaisl\u0173 k\u016brimo rinkinys, skirtas vaikams nuo 8 met\u0173, leid\u017eia sukurti 3 mielus pliu\u0161inius gyv\u016bn\u0117lius, kuriuos galima naudoti kaip rakt\u0173 pakabukus, dovan\u0173 dekoracijas ar kelioni\u0173 draugus. Sukurk 3 mink\u0161tus draugus:Pagamink 3 apkabinamus pliu\u0161inius gyv\u016bn\u0117lius (me\u0161kiukus, zuiku\u010dius, katytes ir kt.) i\u0161 mink\u0161t\u0173, p\u016bkuot\u0173 med\u017eiag\u0173, kurios suteikia jaukumo poj\u016bt\u012f Mini teatro scena:Pridedamas i\u0161lankstomas scenos fonas paver\u010dia tavo k\u016brinius \u017eaviu mini teatru, kuriame gali pristatyti savo pliu\u0161inius draugus Universal\u016bs k\u016briniai:Paversk gyv\u016bn\u0117lius rankini\u0173 pakabukais, puok\u0161\u010di\u0173 akcentais ar stalo dekoracijomis, suteikian\u010diomis jaukumo bet kuriai erdvei Vaikams pritaikytos med\u017eiagos:Mink\u0161ti, lengvai lankstomi vieliniai \u0161eniliniai pagaliukai ir p\u016bkuoti kamuoliukai leid\u017eia lengvai \u012fgyvendinti k\u016brybines id\u0117jas Individual\u016bs dizainai:Papildyk k\u016brinius juostel\u0117mis, pakabukais ir veido detal\u0117mis, kad kiekvienas gyv\u016bn\u0117lis b\u016bt\u0173 unikalus Am\u017eius: nuo 8 met\u0173D\u0117\u017eut\u0117s matmenys: 28,4 \u00d7 18,0 \u00d7 6,6 cm Svarbi pastaba:Kiekviename rinkinyje yra pakankamai med\u017eiag\u0173 sukurti 3 pliu\u0161iniams gyv\u016bn\u0117liams (papildomi gyv\u016bnai, pavaizduoti nuotraukose, yra tik dizaino pavyzd\u017eiai ir \u012f rinkin\u012f ne\u012feina).<\/p>","protected":false},"featured_media":6324,"template":"","meta":[],"product_brand":[],"product_cat":[236,242,250,255,263,273,275,276],"product_tag":[],"class_list":{"0":"post-6303","1":"product","2":"type-product","3":"status-publish","4":"has-post-thumbnail","6":"product_cat-6-metai","7":"product_cat-dovanu-idejos","8":"product_cat-menai-ir-kurybiniai-uzsiemimai","9":"product_cat-naujienos","10":"product_cat-pasidaryk-pats","11":"product_cat-visi-aksesuarai","12":"product_cat-visos-meno-prekes","13":"product_cat-zaislai-ir-zaidimai","15":"first","16":"instock","17":"taxable","18":"shipping-taxable","19":"product-type-simple"},"jetpack_sharing_enabled":true,"_links":{"self":[{"href":"https:\/\/b2b.mideer.lt\/lv\/wp-json\/wp\/v2\/product\/6303"}],"collection":[{"href":"https:\/\/b2b.mideer.lt\/lv\/wp-json\/wp\/v2\/product"}],"about":[{"href":"https:\/\/b2b.mideer.lt\/lv\/wp-json\/wp\/v2\/types\/product"}],"wp:featuredmedia":[{"embeddable":true,"href":"https:\/\/b2b.mideer.lt\/lv\/wp-json\/wp\/v2\/media\/6324"}],"wp:attachment":[{"href":"https:\/\/b2b.mideer.lt\/lv\/wp-json\/wp\/v2\/media?parent=6303"}],"wp:term":[{"taxonomy":"product_brand","embeddable":true,"href":"https:\/\/b2b.mideer.lt\/lv\/wp-json\/wp\/v2\/product_brand?post=6303"},{"taxonomy":"product_cat","embeddable":true,"href":"https:\/\/b2b.mideer.lt\/lv\/wp-json\/wp\/v2\/product_cat?post=6303"},{"taxonomy":"product_tag","embeddable":true,"href":"https:\/\/b2b.mideer.lt\/lv\/wp-json\/wp\/v2\/product_tag?post=6303"}],"curies":[{"name":"wp","href":"https:\/\/api.w.org\/{rel}","templated":true}]}}