{"id":6300,"date":"2026-04-24T07:29:24","date_gmt":"2026-04-24T07:29:24","guid":{"rendered":"https:\/\/b2b.mideer.lt\/product\/interaktyviu-automobiliu-rinkinys\/"},"modified":"2026-04-27T07:33:29","modified_gmt":"2026-04-27T07:33:29","slug":"interaktyviu-automobiliu-rinkinys","status":"publish","type":"product","link":"https:\/\/b2b.mideer.lt\/lv\/product\/interaktyviu-automobiliu-rinkinys\/","title":{"rendered":"Interaktyvi\u0173 automobili\u0173 rinkinys"},"content":{"rendered":"<p data-start=\"228\" data-end=\"527\">Pasiruo\u0161k smagiai kovai su \u0161iuo interaktyviu nuotoliniu b\u016bdu valdom\u0173 automobili\u0173 rinkiniu! \u201eCrash &amp; Pop \u2013 Dvikova\u201c leid\u017eia dviem \u017eaid\u0117jams var\u017eytis tarpusavyje \u2013 atsitrenk, manevruok ir i\u0161mu\u0161k var\u017eov\u0105 i\u0161 trasos. Spalvingi, linksmi dizainai ir \u0161viesos efektai pavers kiekvien\u0105 \u017eaidim\u0105 tikru nuotykiu.<\/p>\n<p data-start=\"529\" data-end=\"726\">Automobiliai juda 360\u00b0 kryptimis \u2013 gali suktis, slysti ir lengvai manevruoti bet kuria kryptimi. Kiekvienas valdomas atskiru pulteliu su nepriklausomu signalu, tod\u0117l \u017eaid\u017eiant nebus joki\u0173 trukd\u017ei\u0173.<\/p>\n<p data-start=\"728\" data-end=\"849\">Tvirta konstrukcija su sustiprintu korpusu u\u017etikrina atsparum\u0105 sm\u016bgiams, tod\u0117l \u017eaislas puikiai tinka aktyviems \u017eaidimams.<\/p>\n<p data-start=\"886\" data-end=\"980\"><strong data-start=\"886\" data-end=\"905\">360\u00b0 jud\u0117jimas:<\/strong><br data-start=\"905\" data-end=\"908\" \/>Laisvai jud\u0117k visomis kryptimis \u2013 sukis, slysk ir atlik greitus manevrus<\/p>\n<p data-start=\"982\" data-end=\"1102\"><strong data-start=\"982\" data-end=\"1009\">Dviej\u0173 \u017eaid\u0117j\u0173 re\u017eimas:<\/strong><br data-start=\"1009\" data-end=\"1012\" \/>Rinkinyje yra 2 automobiliai ir 2 pulteliai \u2013 puikiai tinka var\u017eyboms su draugais ar \u0161eima<\/p>\n<p data-start=\"1104\" data-end=\"1204\"><strong data-start=\"1104\" data-end=\"1132\">Nepriklausomas valdymas:<\/strong><br data-start=\"1132\" data-end=\"1135\" \/>Kiekvienas automobilis veikia savo signalu \u2013 be trikd\u017ei\u0173 \u017eaidimo metu<\/p>\n<p data-start=\"1206\" data-end=\"1309\"><strong data-start=\"1206\" data-end=\"1237\">Atsparus sm\u016bgiams dizainas:<\/strong><br data-start=\"1237\" data-end=\"1240\" \/>Tvirtas korpusas apsaugo nuo pa\u017eeidim\u0173 net intensyvi\u0173 susid\u016brim\u0173 metu<\/p>\n<p data-start=\"1311\" data-end=\"1429\"><strong data-start=\"1311\" data-end=\"1354\">\u0160viesos efektai ir \u017eaismingas dizainas:<\/strong><br data-start=\"1354\" data-end=\"1357\" \/>Linksmi persona\u017eai ir LED \u0161viesos suteikia dar daugiau \u017eaidimo d\u017eiaugsmo<\/p>\n<p data-start=\"1311\" data-end=\"1429\"><strong data-start=\"1611\" data-end=\"1622\">Am\u017eius:<\/strong> nuo 6 met\u0173<br data-start=\"1633\" data-end=\"1636\" \/><strong data-start=\"1636\" data-end=\"1658\">Iepakojuma izm\u0113ri:<\/strong> 20,7 \u00d7 20,2 \u00d7 12,25 cm<\/p>\n<h3 data-section-id=\"1nnzfns\" data-start=\"1690\" data-end=\"1708\"><span role=\"text\"><strong data-start=\"1694\" data-end=\"1706\">Piez\u012bme:<\/strong><\/span><\/h3>\n<p data-start=\"1709\" data-end=\"1748\">Greito \u012fkrovimo adapteriai nepalaikomi.<\/p>","protected":false},"excerpt":{"rendered":"<p>Pasiruo\u0161k smagiai kovai su \u0161iuo interaktyviu nuotoliniu b\u016bdu valdom\u0173 automobili\u0173 rinkiniu! \u201eCrash &amp; Pop \u2013 Dvikova\u201c leid\u017eia dviem \u017eaid\u0117jams var\u017eytis tarpusavyje \u2013 atsitrenk, manevruok ir i\u0161mu\u0161k var\u017eov\u0105 i\u0161 trasos. Spalvingi, linksmi dizainai ir \u0161viesos efektai pavers kiekvien\u0105 \u017eaidim\u0105 tikru nuotykiu. Automobiliai juda 360\u00b0 kryptimis \u2013 gali suktis, slysti ir lengvai manevruoti bet kuria kryptimi. Kiekvienas valdomas atskiru pulteliu su nepriklausomu signalu, tod\u0117l \u017eaid\u017eiant nebus joki\u0173 trukd\u017ei\u0173. Tvirta konstrukcija su sustiprintu korpusu u\u017etikrina atsparum\u0105 sm\u016bgiams, tod\u0117l \u017eaislas puikiai tinka aktyviems \u017eaidimams. 360\u00b0 jud\u0117jimas:Laisvai jud\u0117k visomis kryptimis \u2013 sukis, slysk ir atlik greitus manevrus Dviej\u0173 \u017eaid\u0117j\u0173 re\u017eimas:Rinkinyje yra 2 automobiliai ir 2 pulteliai \u2013 puikiai tinka var\u017eyboms su draugais ar \u0161eima Nepriklausomas valdymas:Kiekvienas automobilis veikia savo signalu \u2013 be trikd\u017ei\u0173 \u017eaidimo metu Atsparus sm\u016bgiams dizainas:Tvirtas korpusas apsaugo nuo pa\u017eeidim\u0173 net intensyvi\u0173 susid\u016brim\u0173 metu \u0160viesos efektai ir \u017eaismingas dizainas:Linksmi persona\u017eai ir LED \u0161viesos suteikia dar daugiau \u017eaidimo d\u017eiaugsmo Am\u017eius: nuo 6 met\u0173Pakuot\u0117s matmenys: 20,7 \u00d7 20,2 \u00d7 12,25 cm Pastaba: Greito \u012fkrovimo adapteriai nepalaikomi.<\/p>","protected":false},"featured_media":6307,"template":"","meta":[],"product_brand":[],"product_cat":[236,242,255,276],"product_tag":[],"class_list":{"0":"post-6300","1":"product","2":"type-product","3":"status-publish","4":"has-post-thumbnail","6":"product_cat-6-metai","7":"product_cat-dovanu-idejos","8":"product_cat-naujienos","9":"product_cat-zaislai-ir-zaidimai","11":"first","12":"instock","13":"taxable","14":"shipping-taxable","15":"product-type-simple"},"jetpack_sharing_enabled":true,"_links":{"self":[{"href":"https:\/\/b2b.mideer.lt\/lv\/wp-json\/wp\/v2\/product\/6300"}],"collection":[{"href":"https:\/\/b2b.mideer.lt\/lv\/wp-json\/wp\/v2\/product"}],"about":[{"href":"https:\/\/b2b.mideer.lt\/lv\/wp-json\/wp\/v2\/types\/product"}],"wp:featuredmedia":[{"embeddable":true,"href":"https:\/\/b2b.mideer.lt\/lv\/wp-json\/wp\/v2\/media\/6307"}],"wp:attachment":[{"href":"https:\/\/b2b.mideer.lt\/lv\/wp-json\/wp\/v2\/media?parent=6300"}],"wp:term":[{"taxonomy":"product_brand","embeddable":true,"href":"https:\/\/b2b.mideer.lt\/lv\/wp-json\/wp\/v2\/product_brand?post=6300"},{"taxonomy":"product_cat","embeddable":true,"href":"https:\/\/b2b.mideer.lt\/lv\/wp-json\/wp\/v2\/product_cat?post=6300"},{"taxonomy":"product_tag","embeddable":true,"href":"https:\/\/b2b.mideer.lt\/lv\/wp-json\/wp\/v2\/product_tag?post=6300"}],"curies":[{"name":"wp","href":"https:\/\/api.w.org\/{rel}","templated":true}]}}