{"id":6298,"date":"2026-04-24T07:29:23","date_gmt":"2026-04-24T07:29:23","guid":{"rendered":"https:\/\/b2b.mideer.lt\/product\/automatinis-piestuku-droztukas\/"},"modified":"2026-04-25T11:41:29","modified_gmt":"2026-04-25T11:41:29","slug":"automatinis-piestuku-droztukas","status":"publish","type":"product","link":"https:\/\/b2b.mideer.lt\/lv\/product\/automatinis-piestuku-droztukas\/","title":{"rendered":"Automatinis pie\u0161tuk\u0173 dro\u017etukas"},"content":{"rendered":"<p data-start=\"100\" data-end=\"315\">Linksmo, \u017eaismingo dizaino automatinis pie\u0161tuk\u0173 dro\u017etukas \u2013 puikus pasirinkimas vaikams ir k\u016brybingiems \u017emon\u0117ms. Ry\u0161kiai geltona \u201egrybo\u201c forma ne tik patraukia d\u0117mes\u012f, bet ir puikiai papildo darbo ar mokymosi erdv\u0119.<\/p>\n<ul data-start=\"342\" data-end=\"786\">\n<li data-section-id=\"urpjbd\" data-start=\"342\" data-end=\"453\"><strong data-start=\"347\" data-end=\"375\">Automatinis reguliavimas<\/strong> \u2013 dro\u017etuvas prisitaiko prie skirtingo storio pie\u0161tuk\u0173 (nuo 6,5 mm iki 12 mm).<\/li>\n<li data-section-id=\"ctr0mr\" data-start=\"454\" data-end=\"541\"><strong data-start=\"459\" data-end=\"481\">Lengvas naudojimas<\/strong> \u2013 tiesiog \u012fstatykite pie\u0161tuk\u0105 ir \u012frenginys pats j\u012f pagal\u0105s.<\/li>\n<li data-section-id=\"1ngffye\" data-start=\"542\" data-end=\"647\"><strong data-start=\"547\" data-end=\"563\">Didel\u0117 talpa<\/strong> \u2013 skaidrus konteineris talpina daug dro\u017eli\u0173 (100+), tod\u0117l nereikia da\u017enai tu\u0161tinti.<\/li>\n<li data-section-id=\"h9s38i\" data-start=\"648\" data-end=\"704\"><strong data-start=\"653\" data-end=\"667\">\u012ekraunamas<\/strong> \u2013 komplekte yra USB \u012fkrovimo laidas.<\/li>\n<li data-section-id=\"i3c519\" data-start=\"705\" data-end=\"786\"><strong data-start=\"710\" data-end=\"733\">Saugus vaikams (3+)<\/strong> \u2013 sukurtas taip, kad b\u016bt\u0173 patogus ir saugus naudoti.<\/li>\n<\/ul>\n<p data-start=\"788\" data-end=\"806\"><strong data-start=\"788\" data-end=\"806\">Apr\u012bkojums:<\/strong><\/p>\n<ul data-start=\"807\" data-end=\"891\">\n<li data-section-id=\"k03xa1\" data-start=\"807\" data-end=\"841\">Automatinis pie\u0161tuk\u0173 dro\u017etukas<\/li>\n<li data-section-id=\"6ygql6\" data-start=\"842\" data-end=\"865\">USB \u012fkrovimo laidas<\/li>\n<li data-section-id=\"qxkcl1\" data-start=\"866\" data-end=\"891\">Naudojimo instrukcija<\/li>\n<\/ul>","protected":false},"excerpt":{"rendered":"<p>Linksmo, \u017eaismingo dizaino automatinis pie\u0161tuk\u0173 dro\u017etukas \u2013 puikus pasirinkimas vaikams ir k\u016brybingiems \u017emon\u0117ms. Ry\u0161kiai geltona \u201egrybo\u201c forma ne tik patraukia d\u0117mes\u012f, bet ir puikiai papildo darbo ar mokymosi erdv\u0119. Automatinis reguliavimas \u2013 dro\u017etuvas prisitaiko prie skirtingo storio pie\u0161tuk\u0173 (nuo 6,5 mm iki 12 mm). Lengvas naudojimas \u2013 tiesiog \u012fstatykite pie\u0161tuk\u0105 ir \u012frenginys pats j\u012f pagal\u0105s. Didel\u0117 talpa \u2013 skaidrus konteineris talpina daug dro\u017eli\u0173 (100+), tod\u0117l nereikia da\u017enai tu\u0161tinti. \u012ekraunamas \u2013 komplekte yra USB \u012fkrovimo laidas. Saugus vaikams (3+) \u2013 sukurtas taip, kad b\u016bt\u0173 patogus ir saugus naudoti. Komplektacija: Automatinis pie\u0161tuk\u0173 dro\u017etukas USB \u012fkrovimo laidas Naudojimo instrukcija<\/p>","protected":false},"featured_media":6372,"template":"","meta":[],"product_brand":[],"product_cat":[15,235,236,250,252,254,255,275],"product_tag":[],"class_list":{"0":"post-6298","1":"product","2":"type-product","3":"status-publish","4":"has-post-thumbnail","6":"product_cat-uncategorized","7":"product_cat-5-6-metai","8":"product_cat-6-metai","9":"product_cat-menai-ir-kurybiniai-uzsiemimai","10":"product_cat-meno-reikmenys","11":"product_cat-mokyklos-reikmenys","12":"product_cat-naujienos","13":"product_cat-visos-meno-prekes","15":"first","16":"instock","17":"taxable","18":"shipping-taxable","19":"product-type-simple"},"jetpack_sharing_enabled":true,"_links":{"self":[{"href":"https:\/\/b2b.mideer.lt\/lv\/wp-json\/wp\/v2\/product\/6298"}],"collection":[{"href":"https:\/\/b2b.mideer.lt\/lv\/wp-json\/wp\/v2\/product"}],"about":[{"href":"https:\/\/b2b.mideer.lt\/lv\/wp-json\/wp\/v2\/types\/product"}],"wp:featuredmedia":[{"embeddable":true,"href":"https:\/\/b2b.mideer.lt\/lv\/wp-json\/wp\/v2\/media\/6372"}],"wp:attachment":[{"href":"https:\/\/b2b.mideer.lt\/lv\/wp-json\/wp\/v2\/media?parent=6298"}],"wp:term":[{"taxonomy":"product_brand","embeddable":true,"href":"https:\/\/b2b.mideer.lt\/lv\/wp-json\/wp\/v2\/product_brand?post=6298"},{"taxonomy":"product_cat","embeddable":true,"href":"https:\/\/b2b.mideer.lt\/lv\/wp-json\/wp\/v2\/product_cat?post=6298"},{"taxonomy":"product_tag","embeddable":true,"href":"https:\/\/b2b.mideer.lt\/lv\/wp-json\/wp\/v2\/product_tag?post=6298"}],"curies":[{"name":"wp","href":"https:\/\/api.w.org\/{rel}","templated":true}]}}