{"id":6292,"date":"2026-04-23T10:46:55","date_gmt":"2026-04-23T10:46:55","guid":{"rendered":"https:\/\/b2b.mideer.lt\/?post_type=product&#038;p=6292"},"modified":"2026-04-23T10:57:44","modified_gmt":"2026-04-23T10:57:44","slug":"isplaunami-taskiniai-markeriai-6-spalvos","status":"publish","type":"product","link":"https:\/\/b2b.mideer.lt\/lv\/product\/isplaunami-taskiniai-markeriai-6-spalvos\/","title":{"rendered":"I\u0161plaunami ta\u0161kiniai markeriai &#8211; 6 spalvos"},"content":{"rendered":"<p data-sourcepos=\"5:1-5:266\">Ta\u0161kutis, ta\u0161kutis ir pie\u0161inys! Stebuklingi markeriai ma\u017e\u0173j\u0173 rankut\u0117ms. Patogi forma leid\u017eia pie\u0161ti lengvai ir be vargo. Atraskite menininko talent\u0105 pie\u0161dami ta\u0161kus. Tobula prad\u017eia k\u016brybin\u0117je kelion\u0117je: ta\u0161kas, linija, plotas. Lavina vaizduot\u0119 ir ranky\u010di\u0173 miklum\u0105!<\/p>\n<ul>\n<li><strong>Am\u017eius:<\/strong> 2+<\/li>\n<li><strong>D\u0117\u017eut\u0117s matmenys:<\/strong> 20,7 cm x 13 cm x 4 cm<\/li>\n<li><strong>Iek\u013cauts:<\/strong> 6 markeriai<\/li>\n<li><strong>Spalvos:<\/strong> 6 spalvos<\/li>\n<li><strong>Izm\u0113rs uz mar\u0137iera:<\/strong> 3 cm x 3 cm x 12 cm<\/li>\n<li><strong>Materi\u0101ls:<\/strong> PP un \u016bdens b\u0101zes tinte<\/li>\n<\/ul>","protected":false},"excerpt":{"rendered":"<p>Ta\u0161kutis, ta\u0161kutis ir pie\u0161inys! Stebuklingi markeriai ma\u017e\u0173j\u0173 rankut\u0117ms. Patogi forma leid\u017eia pie\u0161ti lengvai ir be vargo. Atraskite menininko talent\u0105 pie\u0161dami ta\u0161kus. Tobula prad\u017eia k\u016brybin\u0117je kelion\u0117je: ta\u0161kas, linija, plotas. Lavina vaizduot\u0119 ir ranky\u010di\u0173 miklum\u0105! Am\u017eius: 2+ D\u0117\u017eut\u0117s matmenys: 20,7 cm x 13 cm x 4 cm \u012etraukta: 6 markeriai Spalvos: 6 spalvos Vieno markerio dydis: 3 cm x 3 cm x 12 cm Med\u017eiaga: PP ir vandens pagrindo ra\u0161alas<\/p>","protected":false},"featured_media":6296,"template":"","meta":[],"product_brand":[],"product_cat":[233,234,242,272,250,252,255,277,268,275],"product_tag":[138,41,27,42,40,20,52,51,53,46,54,55,47,56,22,48,49,23],"class_list":{"0":"post-6292","1":"product","2":"type-product","3":"status-publish","4":"has-post-thumbnail","6":"product_cat-0-2-metai","7":"product_cat-3-4-metai","8":"product_cat-dovanu-idejos","9":"product_cat-kaledines-dovanos","10":"product_cat-menai-ir-kurybiniai-uzsiemimai","11":"product_cat-meno-reikmenys","12":"product_cat-naujienos","13":"product_cat-smart-products-filter-index-do-not-delete","14":"product_cat-spalvinimo-priemones","15":"product_cat-visos-meno-prekes","16":"product_tag-age-0-2-years","17":"product_tag-art-supplies","18":"product_tag-arts-crafts","19":"product_tag-atsiplaunantys","20":"product_tag-best-sellers","21":"product_tag-gift","22":"product_tag-kurybines-dirbtuveles","23":"product_tag-kurybines-dirbtuves","24":"product_tag-kurybiskumui","25":"product_tag-marker","26":"product_tag-menininko-rinkinys","27":"product_tag-piesimas-maziesiams","28":"product_tag-piesimo-reikmenys","29":"product_tag-piesimo-rinkinys","30":"product_tag-regular-sale","31":"product_tag-ryskios-spalvos","32":"product_tag-spalvinimo-priemones","33":"product_tag-test","35":"first","36":"outofstock","37":"taxable","38":"shipping-taxable","39":"product-type-simple"},"jetpack_sharing_enabled":true,"_links":{"self":[{"href":"https:\/\/b2b.mideer.lt\/lv\/wp-json\/wp\/v2\/product\/6292"}],"collection":[{"href":"https:\/\/b2b.mideer.lt\/lv\/wp-json\/wp\/v2\/product"}],"about":[{"href":"https:\/\/b2b.mideer.lt\/lv\/wp-json\/wp\/v2\/types\/product"}],"wp:featuredmedia":[{"embeddable":true,"href":"https:\/\/b2b.mideer.lt\/lv\/wp-json\/wp\/v2\/media\/6296"}],"wp:attachment":[{"href":"https:\/\/b2b.mideer.lt\/lv\/wp-json\/wp\/v2\/media?parent=6292"}],"wp:term":[{"taxonomy":"product_brand","embeddable":true,"href":"https:\/\/b2b.mideer.lt\/lv\/wp-json\/wp\/v2\/product_brand?post=6292"},{"taxonomy":"product_cat","embeddable":true,"href":"https:\/\/b2b.mideer.lt\/lv\/wp-json\/wp\/v2\/product_cat?post=6292"},{"taxonomy":"product_tag","embeddable":true,"href":"https:\/\/b2b.mideer.lt\/lv\/wp-json\/wp\/v2\/product_tag?post=6292"}],"curies":[{"name":"wp","href":"https:\/\/api.w.org\/{rel}","templated":true}]}}