{"id":6196,"date":"2026-03-05T06:11:57","date_gmt":"2026-03-05T06:11:57","guid":{"rendered":"https:\/\/b2b.mideer.lt\/?post_type=product&#038;p=6196"},"modified":"2026-04-22T07:31:21","modified_gmt":"2026-04-22T07:31:21","slug":"velykiniu-kiausiniu-dekoravimo-rinkinys-2","status":"publish","type":"product","link":"https:\/\/b2b.mideer.lt\/lv\/product\/velykiniu-kiausiniu-dekoravimo-rinkinys-2\/","title":{"rendered":"LIELDIENU OLU DEKOR\u0112\u0160ANAS KOMPLEKTS"},"content":{"rendered":"<p>mideer Lieldienu olu dekor\u0113\u0161anas komplekts, kur\u0101 ir 6 kr\u0101sainas olas, ko b\u0113rni var dekor\u0113t un rad\u012bt savus m\u0101kslas darbus. Ar re\u0101la izm\u0113ra ol\u0101m b\u0113rniem b\u016bs prieks rot\u0101t ar da\u017e\u0101d\u0101m uzl\u012bm\u0113m un veidot skaistus DIY dizainus. B\u0113rni noteikti izbaud\u012bs \u0161o Lieldienu laiku, kr\u0101sojot m\u016bsu Lieldienu olas! Lieliski piem\u0113rots Lieldienu olu med\u012bbu sp\u0113l\u0113m, Lieldienu d\u0101van\u0101m un Lieldienu rot\u0101jumiem.<\/p>\n<ul>\n<li><strong>Am\u017eius:<\/strong> 3+<\/li>\n<li><strong>D\u0117\u017eut\u0117s matmenys:<\/strong> 14,4 cm x 11 cm x 7 cm<\/li>\n<li><strong>Ietver: <\/strong>1 lieto\u0161anas pam\u0101c\u012bba, 6 Lieldienu olas, 2 mirdzuma trafareti ar veidn\u0113m, 4 filca auduma trafareti ar veidn\u0113m, 4 rombveida uzl\u012bmes, 12 acu uzl\u012bmes, 60 l\u012bmes punkti\u0146i, 34 bumbu\u013ci.<\/li>\n<li><strong>Materi\u0101ls:<\/strong> plastmasa, pap\u012brs, filcs<\/li>\n<\/ul>","protected":false},"excerpt":{"rendered":"<p>mideer Velykini\u0173 kiau\u0161ini\u0173 dekoravimo rinkinys, kuriame yra 6 spalvoti kiau\u0161iniai, kuriuos vaikai gali dekoruoti ir sukurti savo meno k\u016brinius. Su tikrovi\u0161ko dyd\u017eio kiau\u0161iniais vaikai gal\u0117s m\u0117gautis dekoravimu \u012fvairiais lipdukais ir sukurti gra\u017e\u0173 &#8220;pasidaryk pats&#8221; dizain\u0105. Vaikai tikrai m\u0117gausis \u0161i\u0173 Velyk\u0173 sezonu da\u017eydami m\u016bs\u0173 velykinius kiau\u0161inius! Puikiai tinka Velykini\u0173 kiau\u0161ini\u0173 med\u017eiokl\u0117s \u017eaidimams, Velykin\u0117ms dovan\u0117l\u0117ms ir Velykin\u0117ms dekoracijoms. Am\u017eius: 3+ D\u0117\u017eut\u0117s matmenys: 14,4 cm x 11 cm x 7 cm \u012e komplekt\u0105 \u012feina: 1 instrukcij\u0173 vadovas, 6 velykiniai kiau\u0161iniai, 2 blizgan\u010diai trafaretai su formel\u0117mis, 4 veltinio audinio trafaretai su formel\u0117mis, 4 deimantiniai lipdukai, 12 aki\u0173 lipduk\u0173, 60 ta\u0161keli\u0173 klij\u0173, 34 pomponai. Med\u017eiaga: plastikas, popierius, veltinis<\/p>","protected":false},"featured_media":5013,"template":"","meta":[],"product_brand":[],"product_cat":[234,235,236,280,239,242,244,250,252,255,263,264,275,276],"product_tag":[],"class_list":{"0":"post-6196","1":"product","2":"type-product","3":"status-publish","4":"has-post-thumbnail","6":"product_cat-3-4-metai","7":"product_cat-5-6-metai","8":"product_cat-6-metai","9":"product_cat-akcija","10":"product_cat-daugiau-zaislu-ir-zaidimu","11":"product_cat-dovanu-idejos","12":"product_cat-kas-populiaru","13":"product_cat-menai-ir-kurybiniai-uzsiemimai","14":"product_cat-meno-reikmenys","15":"product_cat-naujienos","16":"product_cat-pasidaryk-pats","17":"product_cat-perkamiausi","18":"product_cat-visos-meno-prekes","19":"product_cat-zaislai-ir-zaidimai","21":"first","22":"instock","23":"taxable","24":"shipping-taxable","25":"product-type-simple"},"jetpack_sharing_enabled":true,"_links":{"self":[{"href":"https:\/\/b2b.mideer.lt\/lv\/wp-json\/wp\/v2\/product\/6196"}],"collection":[{"href":"https:\/\/b2b.mideer.lt\/lv\/wp-json\/wp\/v2\/product"}],"about":[{"href":"https:\/\/b2b.mideer.lt\/lv\/wp-json\/wp\/v2\/types\/product"}],"wp:featuredmedia":[{"embeddable":true,"href":"https:\/\/b2b.mideer.lt\/lv\/wp-json\/wp\/v2\/media\/5013"}],"wp:attachment":[{"href":"https:\/\/b2b.mideer.lt\/lv\/wp-json\/wp\/v2\/media?parent=6196"}],"wp:term":[{"taxonomy":"product_brand","embeddable":true,"href":"https:\/\/b2b.mideer.lt\/lv\/wp-json\/wp\/v2\/product_brand?post=6196"},{"taxonomy":"product_cat","embeddable":true,"href":"https:\/\/b2b.mideer.lt\/lv\/wp-json\/wp\/v2\/product_cat?post=6196"},{"taxonomy":"product_tag","embeddable":true,"href":"https:\/\/b2b.mideer.lt\/lv\/wp-json\/wp\/v2\/product_tag?post=6196"}],"curies":[{"name":"wp","href":"https:\/\/api.w.org\/{rel}","templated":true}]}}