{"id":613,"date":"2024-04-26T07:43:58","date_gmt":"2024-04-26T07:43:58","guid":{"rendered":"https:\/\/b2b.mideer.lt\/product\/portable-puzzle-box-our-world-100p\/"},"modified":"2026-04-30T07:30:00","modified_gmt":"2026-04-30T07:30:00","slug":"nesiojama-delione-pasaulio-zemelapis","status":"publish","type":"product","link":"https:\/\/b2b.mideer.lt\/lv\/product\/nesiojama-delione-pasaulio-zemelapis\/","title":{"rendered":"Pasaules kartes portat\u012bv\u0101 puzle"},"content":{"rendered":"<p data-mce-fragment=\"1\">\u0160\u012b p\u0101rn\u0113s\u0101jam\u0101 puzle ir komplekt\u0101 ar skaisti veidotu koferi, ko var \u0113rti \u0146emt l\u012bdzi, dodoties viz\u012bt\u0113 vai ce\u013cojum\u0101. Lieliski piem\u0113rots deta\u013cu glab\u0101\u0161anai. T\u0101 ir lieliska d\u0101vin\u0101juma ideja b\u0113rniem.<\/p>\n<p data-mce-fragment=\"1\">\u0160\u012b puzle att\u0113lo pasaules karti ar 8 kontinentiem, 5 oke\u0101niem un \u012bpa\u0161iem dz\u012bvniekiem, kas dz\u012bvo noteikt\u0101s teritorij\u0101s.<\/p>\n<ul data-mce-fragment=\"1\">\n<li data-mce-fragment=\"1\"><strong data-mce-fragment=\"1\">Am\u017eius:<\/strong> 3+<\/li>\n<li data-mce-fragment=\"1\"><strong data-mce-fragment=\"1\">Kastes izm\u0113ri:<\/strong> 20,7 cm x 7,7 cm x 20,2 cm<\/li>\n<li data-mce-fragment=\"1\"><strong data-mce-fragment=\"1\">Iek\u013cauts:<\/strong> 1 puzle, 1 instrukcijas gr\u0101mati\u0146a<\/li>\n<li data-mce-fragment=\"1\"><strong data-mce-fragment=\"1\">Da\u013cu skaits:<\/strong> 100 da\u013cas<\/li>\n<li data-mce-fragment=\"1\"><strong data-mce-fragment=\"1\">M\u012bklas lielums:<\/strong> 76 cm x 40 cm<\/li>\n<li data-mce-fragment=\"1\"><strong data-mce-fragment=\"1\">Materi\u0101ls:<\/strong> Kartons<\/li>\n<\/ul>","protected":false},"excerpt":{"rendered":"<p>\u0160i ne\u0161iojama d\u0117lion\u0117 turi gra\u017eaus dizainao lagamin\u0117l\u012f, kur\u012f lengva ne\u0161iotis kartu vykstant \u012f sve\u010dius ar \u012f kelion\u0119. Puikiai tinka detali\u0173 laikymui. Tai puiki dovanos id\u0117ja vaikams. \u0160ioje d\u0117lion\u0117je pavaizduotas pasaulio \u017eem\u0117lapis su 8 \u017eemynais, 5 vandenynais ir ypatingais gyv\u016bnais, gyvenan\u010diais tam tikrose srityse. Am\u017eius: 3+ D\u0117\u017eut\u0117s i\u0161matavimai: 20.7 cm x 7.7 cm x 20.2 cm \u012eskai\u010diuota: 1 d\u0117lion\u0117, 1 instrukcija Dali\u0173 skai\u010dius: 100 dali\u0173 Sud\u0117liotos d\u0117lion\u0117s dydis: 76 cm x 40 cm Med\u017eiaga: Kartonas<\/p>","protected":false},"featured_media":2805,"template":"","meta":[],"product_brand":[],"product_cat":[234,235,240,241,242,244,256,258,277,274],"product_tag":[30,102,16,63,40,33,64,65,85,66,20,215,36,104,218,74,67,68,22,23,76,70],"class_list":{"0":"post-613","1":"product","2":"type-product","3":"status-publish","4":"has-post-thumbnail","6":"product_cat-3-4-metai","7":"product_cat-5-6-metai","8":"product_cat-deliones","9":"product_cat-dideliu-daliu-deliones","10":"product_cat-dovanu-idejos","11":"product_cat-kas-populiaru","12":"product_cat-nesiojamos-deliones","13":"product_cat-nuo-100-iki-300-daliu","14":"product_cat-smart-products-filter-index-do-not-delete","15":"product_cat-visos-deliones","16":"product_tag-2023-new-in","17":"product_tag-50-to-100-pieces","18":"product_tag-age-3-4-years","19":"product_tag-best","20":"product_tag-best-sellers","21":"product_tag-delione","22":"product_tag-deliones-vaikams","23":"product_tag-deliones-vaikui","24":"product_tag-for-girls","25":"product_tag-gamta","26":"product_tag-gift","27":"product_tag-gift-box","28":"product_tag-kol-koc","29":"product_tag-mini-puzzles","30":"product_tag-pasaulio-zemelapis","31":"product_tag-pasaulis","32":"product_tag-puzle","33":"product_tag-puzzles","34":"product_tag-regular-sale","35":"product_tag-test","36":"product_tag-us-warehouse","37":"product_tag-vaikiska-delione","39":"first","40":"instock","41":"taxable","42":"shipping-taxable","43":"product-type-simple"},"jetpack_sharing_enabled":true,"_links":{"self":[{"href":"https:\/\/b2b.mideer.lt\/lv\/wp-json\/wp\/v2\/product\/613"}],"collection":[{"href":"https:\/\/b2b.mideer.lt\/lv\/wp-json\/wp\/v2\/product"}],"about":[{"href":"https:\/\/b2b.mideer.lt\/lv\/wp-json\/wp\/v2\/types\/product"}],"wp:featuredmedia":[{"embeddable":true,"href":"https:\/\/b2b.mideer.lt\/lv\/wp-json\/wp\/v2\/media\/2805"}],"wp:attachment":[{"href":"https:\/\/b2b.mideer.lt\/lv\/wp-json\/wp\/v2\/media?parent=613"}],"wp:term":[{"taxonomy":"product_brand","embeddable":true,"href":"https:\/\/b2b.mideer.lt\/lv\/wp-json\/wp\/v2\/product_brand?post=613"},{"taxonomy":"product_cat","embeddable":true,"href":"https:\/\/b2b.mideer.lt\/lv\/wp-json\/wp\/v2\/product_cat?post=613"},{"taxonomy":"product_tag","embeddable":true,"href":"https:\/\/b2b.mideer.lt\/lv\/wp-json\/wp\/v2\/product_tag?post=613"}],"curies":[{"name":"wp","href":"https:\/\/api.w.org\/{rel}","templated":true}]}}