{"id":611,"date":"2024-04-26T07:43:57","date_gmt":"2024-04-26T07:43:57","guid":{"rendered":"https:\/\/b2b.mideer.lt\/product\/portable-puzzle-box-sleeping-beauty-104p\/"},"modified":"2026-04-06T07:32:53","modified_gmt":"2026-04-06T07:32:53","slug":"portable-puzzle-box-sleeping-beauty-104p","status":"publish","type":"product","link":"https:\/\/b2b.mideer.lt\/lv\/product\/portable-puzzle-box-sleeping-beauty-104p\/","title":{"rendered":"Sleeping Beauty portat\u012bv\u0101 puzle"},"content":{"rendered":"<p data-mce-fragment=\"1\">\u0160\u012b p\u0101rn\u0113s\u0101jam\u0101 puzle ir komplekt\u0101 ar skaisti veidotu somi\u0146u, kas atvieglo t\u0101s p\u0101rn\u0113s\u0101\u0161anu un nodro\u0161ina \u0113rtu deta\u013cu uzglab\u0101\u0161anu. T\u0101 ir lieliska d\u0101vana b\u0113rniem.<\/p>\n<p data-mce-fragment=\"1\">\u0160\u012b puzle apvieno vair\u0101kas pasakas: \"Miega skaistule\", \"Alise Br\u012bnumzem\u0113\", \"Pelnru\u0161\u0137\u012bte\" un v\u0113l daudzas citas, ko atkl\u0101t un izp\u0113t\u012bt.<\/p>\n<ul data-mce-fragment=\"1\">\n<li data-mce-fragment=\"1\"><strong data-mce-fragment=\"1\">Am\u017eius:<\/strong> 3+<\/li>\n<li data-mce-fragment=\"1\"><strong data-mce-fragment=\"1\">D\u0117\u017eut\u0117s matmenys:<\/strong> 20,7 cm x 7,7 cm x 20,2 cm<\/li>\n<li data-mce-fragment=\"1\"><strong data-mce-fragment=\"1\">Komplekt\u0101 ietilpst:<\/strong> 1 puzle, 1 instrukcijas gr\u0101mati\u0146a<\/li>\n<li data-mce-fragment=\"1\"><strong data-mce-fragment=\"1\">Da\u013cu skaits:<\/strong> 104 da\u013cas<\/li>\n<li data-mce-fragment=\"1\"><strong data-mce-fragment=\"1\">M\u012bklas lielums:<\/strong> 40 cm x 70 cm<\/li>\n<li data-mce-fragment=\"1\"><strong data-mce-fragment=\"1\">Materi\u0101ls:<\/strong> Kartons<\/li>\n<\/ul>","protected":false},"excerpt":{"rendered":"<p>\u0160i ne\u0161iojama d\u0117lion\u0117 turi nuostabaus dizaino lagamin\u0117l\u012f, tod\u0117l j\u0105 lengva ne\u0161iotis ir patogu saugoti detales. Tai puikus dovanos pasirinkimas vaikams. \u0160i d\u0117lion\u0117 sujungia kelet\u0105 pasak\u0173: \u201eMiegan\u010dioji gra\u017euol\u0117\u201c, \u201eAlisa stebukl\u0173 \u0161alyje\u201c, \u201ePelen\u0117\u201c ir daugel\u012f kit\u0173, kurias galima atrasti ir tyrin\u0117ti. Am\u017eius: 3+ D\u0117\u017eut\u0117s matmenys: 20.7 cm x 7.7 cm x 20.2 cm Komplekt\u0105 sudaro: 1 d\u0117lion\u0117, 1 instrukcija Dali\u0173 skai\u010dius: 104 dalys Sud\u0117liotos d\u0117lion\u0117s dydis: 40 cm x 70 cm Med\u017eiaga: Kartonas<\/p>","protected":false},"featured_media":2800,"template":"","meta":[],"product_brand":[],"product_cat":[234,235,240,241,242,272,244,256,258,277,274],"product_tag":[61,30,16,63,33,64,65,87,85,20,215,36,185,217,67,68,22,76,70],"class_list":{"0":"post-611","1":"product","2":"type-product","3":"status-publish","4":"has-post-thumbnail","6":"product_cat-3-4-metai","7":"product_cat-5-6-metai","8":"product_cat-deliones","9":"product_cat-dideliu-daliu-deliones","10":"product_cat-dovanu-idejos","11":"product_cat-kaledines-dovanos","12":"product_cat-kas-populiaru","13":"product_cat-nesiojamos-deliones","14":"product_cat-nuo-100-iki-300-daliu","15":"product_cat-smart-products-filter-index-do-not-delete","16":"product_cat-visos-deliones","17":"product_tag-100-to-300-pieces","18":"product_tag-2023-new-in","19":"product_tag-age-3-4-years","20":"product_tag-best","21":"product_tag-delione","22":"product_tag-deliones-vaikams","23":"product_tag-deliones-vaikui","24":"product_tag-fantasy-magic","25":"product_tag-for-girls","26":"product_tag-gift","27":"product_tag-gift-box","28":"product_tag-kol-koc","29":"product_tag-pasakos","30":"product_tag-pasaulio-pasakos","31":"product_tag-puzle","32":"product_tag-puzzles","33":"product_tag-regular-sale","34":"product_tag-us-warehouse","35":"product_tag-vaikiska-delione","37":"first","38":"instock","39":"taxable","40":"shipping-taxable","41":"product-type-simple"},"jetpack_sharing_enabled":true,"_links":{"self":[{"href":"https:\/\/b2b.mideer.lt\/lv\/wp-json\/wp\/v2\/product\/611"}],"collection":[{"href":"https:\/\/b2b.mideer.lt\/lv\/wp-json\/wp\/v2\/product"}],"about":[{"href":"https:\/\/b2b.mideer.lt\/lv\/wp-json\/wp\/v2\/types\/product"}],"wp:featuredmedia":[{"embeddable":true,"href":"https:\/\/b2b.mideer.lt\/lv\/wp-json\/wp\/v2\/media\/2800"}],"wp:attachment":[{"href":"https:\/\/b2b.mideer.lt\/lv\/wp-json\/wp\/v2\/media?parent=611"}],"wp:term":[{"taxonomy":"product_brand","embeddable":true,"href":"https:\/\/b2b.mideer.lt\/lv\/wp-json\/wp\/v2\/product_brand?post=611"},{"taxonomy":"product_cat","embeddable":true,"href":"https:\/\/b2b.mideer.lt\/lv\/wp-json\/wp\/v2\/product_cat?post=611"},{"taxonomy":"product_tag","embeddable":true,"href":"https:\/\/b2b.mideer.lt\/lv\/wp-json\/wp\/v2\/product_tag?post=611"}],"curies":[{"name":"wp","href":"https:\/\/api.w.org\/{rel}","templated":true}]}}