{"id":6106,"date":"2026-03-03T16:02:11","date_gmt":"2026-03-03T16:02:11","guid":{"rendered":"https:\/\/b2b.mideer.lt\/?post_type=product&#038;p=6106"},"modified":"2026-04-15T22:02:29","modified_gmt":"2026-04-15T22:02:29","slug":"didelis-magnetinis-pasaulio-zemelapis-delione","status":"publish","type":"product","link":"https:\/\/b2b.mideer.lt\/lv\/product\/didelis-magnetinis-pasaulio-zemelapis-delione\/","title":{"rendered":"DIDELIS MAGNETINIS PASAULIO \u017dEM\u0116LAPIS \/ D\u0116LION\u0116"},"content":{"rendered":"<p data-start=\"77\" data-end=\"370\">Didelis magnetinis pasaulio \u017eem\u0117lapis leid\u017eia vaikams pa\u017einti \u017eemynus, vandenynus ir pasaulio \u012f\u017eymybes \u017eaidimo forma. D\u0117l ry\u0161ki\u0173 iliustracij\u0173 ir i\u0161imam\u0173 detali\u0173 mokymasis tampa interaktyvus ir \u012ftraukiantis. Lengva, patvari konstrukcija leid\u017eia patogiai naudoti namuose, mokykloje ar kelion\u0117se.<\/p>\n<h3 data-start=\"372\" data-end=\"397\">Pagrindin\u0117s funkcijos<\/h3>\n<ul data-start=\"398\" data-end=\"1078\">\n<li data-start=\"398\" data-end=\"491\">\n<p data-start=\"400\" data-end=\"491\"><strong data-start=\"403\" data-end=\"440\">Geografijos pa\u017einimas per \u017eaidim\u0105<\/strong> \u2013 mokomasi \u017eemyn\u0173, vandenyn\u0173 ir pasaulio objekt\u0173<\/p>\n<\/li>\n<li data-start=\"492\" data-end=\"585\">\n<p data-start=\"494\" data-end=\"585\"><strong data-start=\"497\" data-end=\"519\">Magnetin\u0117s detal\u0117s<\/strong> \u2013 lengvai nuimamos ir tvirtinamos, skatina pa\u017eintin\u012f tyrin\u0117jim\u0105<\/p>\n<\/li>\n<li data-start=\"586\" data-end=\"678\">\n<p data-start=\"588\" data-end=\"678\"><strong data-start=\"591\" data-end=\"620\">Loginio m\u0105stymo lavinimas<\/strong> \u2013 galvos\u016bkio principas padeda suprasti pasaulio sandar\u0105<\/p>\n<\/li>\n<li data-start=\"679\" data-end=\"771\">\n<p data-start=\"681\" data-end=\"771\"><strong data-start=\"684\" data-end=\"718\">Ai\u0161kios, ry\u0161kios iliustracijos<\/strong> \u2013 lengvai atpa\u017e\u012fstami gyv\u016bnai, kult\u016bra ir objektai<\/p>\n<\/li>\n<li data-start=\"772\" data-end=\"850\">\n<p data-start=\"774\" data-end=\"850\"><strong data-start=\"777\" data-end=\"798\">Dvipusis dizainas<\/strong> \u2013 viena pus\u0117 d\u0117lionei, kita \u2013 pie\u0161imui ar k\u016brybai ant baltos lentos<\/p>\n<\/li>\n<li data-start=\"851\" data-end=\"929\">\n<p data-start=\"853\" data-end=\"929\"><strong data-start=\"856\" data-end=\"889\">Tinka magnetiniams pavir\u0161iams<\/strong> \u2013 galima dekoruoti \u0161aldytuv\u0105 ar lent\u0105<\/p>\n<\/li>\n<li data-start=\"930\" data-end=\"995\">\n<p data-start=\"932\" data-end=\"995\"><strong data-start=\"935\" data-end=\"958\">Lengvas ir patvarus<\/strong> \u2013 50 % lengvesnis, patogu ne\u0161iotis<\/p>\n<\/li>\n<li data-start=\"996\" data-end=\"1078\">\n<p data-start=\"998\" data-end=\"1078\"><strong data-start=\"1002\" data-end=\"1025\">Tvirta konstrukcija<\/strong> \u2013 storas EVA pavir\u0161ius ir medin\u0117 baz\u0117 ilgaam\u017ei\u0161kumui<\/p>\n<\/li>\n<\/ul>\n<h3 data-start=\"1080\" data-end=\"1093\">Iek\u013cauts<\/h3>\n<ul data-start=\"1094\" data-end=\"1205\">\n<li data-start=\"1094\" data-end=\"1127\">\n<p data-start=\"1096\" data-end=\"1127\">magnetinis pasaulio \u017eem\u0117lapis<\/p>\n<\/li>\n<li data-start=\"1128\" data-end=\"1162\">\n<p data-start=\"1130\" data-end=\"1162\">48 magnetin\u0117s d\u0117lion\u0117s detal\u0117s<\/p>\n<\/li>\n<li data-start=\"1163\" data-end=\"1205\">\n<p data-start=\"1165\" data-end=\"1205\">edukacin\u0117 knygel\u0117 su geografijos faktais<\/p>\n<\/li>\n<\/ul>\n<p data-start=\"1227\" data-end=\"1258\">\u017dem\u0117lapio dydis:\u00a0<strong data-start=\"1244\" data-end=\"1258\">60 \u00d7 40 cm<\/strong><\/p>\n<p data-start=\"1227\" data-end=\"1258\">Ieteicamais vecums:<strong data-start=\"1244\" data-end=\"1258\"> 3+<\/strong><\/p>","protected":false},"excerpt":{"rendered":"<p>Didelis magnetinis pasaulio \u017eem\u0117lapis leid\u017eia vaikams pa\u017einti \u017eemynus, vandenynus ir pasaulio \u012f\u017eymybes \u017eaidimo forma. D\u0117l ry\u0161ki\u0173 iliustracij\u0173 ir i\u0161imam\u0173 detali\u0173 mokymasis tampa interaktyvus ir \u012ftraukiantis. Lengva, patvari konstrukcija leid\u017eia patogiai naudoti namuose, mokykloje ar kelion\u0117se. Pagrindin\u0117s funkcijos Geografijos pa\u017einimas per \u017eaidim\u0105 \u2013 mokomasi \u017eemyn\u0173, vandenyn\u0173 ir pasaulio objekt\u0173 Magnetin\u0117s detal\u0117s \u2013 lengvai nuimamos ir tvirtinamos, skatina pa\u017eintin\u012f tyrin\u0117jim\u0105 Loginio m\u0105stymo lavinimas \u2013 galvos\u016bkio principas padeda suprasti pasaulio sandar\u0105 Ai\u0161kios, ry\u0161kios iliustracijos \u2013 lengvai atpa\u017e\u012fstami gyv\u016bnai, kult\u016bra ir objektai Dvipusis dizainas \u2013 viena pus\u0117 d\u0117lionei, kita \u2013 pie\u0161imui ar k\u016brybai ant baltos lentos Tinka magnetiniams pavir\u0161iams \u2013 galima dekoruoti \u0161aldytuv\u0105 ar lent\u0105 Lengvas ir patvarus \u2013 50 % lengvesnis, patogu ne\u0161iotis Tvirta konstrukcija \u2013 storas EVA pavir\u0161ius ir medin\u0117 baz\u0117 ilgaam\u017ei\u0161kumui Komplekte magnetinis pasaulio \u017eem\u0117lapis 48 magnetin\u0117s d\u0117lion\u0117s detal\u0117s edukacin\u0117 knygel\u0117 su geografijos faktais \u017dem\u0117lapio dydis:\u00a060 \u00d7 40 cm Rekomenduojamas am\u017eius: 3+<\/p>","protected":false},"featured_media":6149,"template":"","meta":[],"product_brand":[],"product_cat":[234,235,236,237,239,240,242,244,255,274,276],"product_tag":[],"class_list":{"0":"post-6106","1":"product","2":"type-product","3":"status-publish","4":"has-post-thumbnail","6":"product_cat-3-4-metai","7":"product_cat-5-6-metai","8":"product_cat-6-metai","9":"product_cat-ankstyvo-lavinimo-zaidimai","10":"product_cat-daugiau-zaislu-ir-zaidimu","11":"product_cat-deliones","12":"product_cat-dovanu-idejos","13":"product_cat-kas-populiaru","14":"product_cat-naujienos","15":"product_cat-visos-deliones","16":"product_cat-zaislai-ir-zaidimai","18":"first","19":"instock","20":"taxable","21":"shipping-taxable","22":"product-type-simple"},"jetpack_sharing_enabled":true,"_links":{"self":[{"href":"https:\/\/b2b.mideer.lt\/lv\/wp-json\/wp\/v2\/product\/6106"}],"collection":[{"href":"https:\/\/b2b.mideer.lt\/lv\/wp-json\/wp\/v2\/product"}],"about":[{"href":"https:\/\/b2b.mideer.lt\/lv\/wp-json\/wp\/v2\/types\/product"}],"wp:featuredmedia":[{"embeddable":true,"href":"https:\/\/b2b.mideer.lt\/lv\/wp-json\/wp\/v2\/media\/6149"}],"wp:attachment":[{"href":"https:\/\/b2b.mideer.lt\/lv\/wp-json\/wp\/v2\/media?parent=6106"}],"wp:term":[{"taxonomy":"product_brand","embeddable":true,"href":"https:\/\/b2b.mideer.lt\/lv\/wp-json\/wp\/v2\/product_brand?post=6106"},{"taxonomy":"product_cat","embeddable":true,"href":"https:\/\/b2b.mideer.lt\/lv\/wp-json\/wp\/v2\/product_cat?post=6106"},{"taxonomy":"product_tag","embeddable":true,"href":"https:\/\/b2b.mideer.lt\/lv\/wp-json\/wp\/v2\/product_tag?post=6106"}],"curies":[{"name":"wp","href":"https:\/\/api.w.org\/{rel}","templated":true}]}}