{"id":610,"date":"2024-04-26T07:43:55","date_gmt":"2024-04-26T07:43:55","guid":{"rendered":"https:\/\/b2b.mideer.lt\/product\/portable-puzzle-box-busy-garage-104p\/"},"modified":"2026-04-06T07:32:53","modified_gmt":"2026-04-06T07:32:53","slug":"nesiojama-delione-garazas","status":"publish","type":"product","link":"https:\/\/b2b.mideer.lt\/lv\/product\/nesiojama-delione-garazas\/","title":{"rendered":"Gar\u0101\u017eas portat\u012bvais atjaut\u012bbas z\u0101\u0123is"},"content":{"rendered":"<p data-mce-fragment=\"1\">\u0160\u012b p\u0101rn\u0113s\u0101jam\u0101 puzle ir komplekt\u0101 ar skaisti veidotu somi\u0146u, kas ir \u0113rti p\u0101rn\u0113s\u0101jama un lieliski piem\u0113rota j\u016bsu b\u0113rna puzles gabali\u0146u vai citu mazu rota\u013clietu glab\u0101\u0161anai. T\u0101 ir lieliska d\u0101vin\u0101juma ideja b\u0113rniem.<\/p>\n<p data-mce-fragment=\"1\">\u0160\u012b puzle att\u0113lo remontdarbn\u012bcu dz\u012bvnieku pils\u0113t\u0101, kuras iedz\u012bvot\u0101ji ir aiz\u0146emti ar da\u017e\u0101du transportl\u012bdzek\u013cu remontu.<\/p>\n<ul data-mce-fragment=\"1\">\n<li data-mce-fragment=\"1\"><strong data-mce-fragment=\"1\">Am\u017eius:<\/strong> 3+<\/li>\n<li data-mce-fragment=\"1\"><strong data-mce-fragment=\"1\">D\u0117\u017eut\u0117s matmenys:<\/strong> 20,7 cm x 7,7 cm x 20,2 cm<\/li>\n<li data-mce-fragment=\"1\"><strong data-mce-fragment=\"1\">Ietver:<\/strong> 1 puzle, 1 instrukcijas gr\u0101mati\u0146a<\/li>\n<li data-mce-fragment=\"1\"><strong data-mce-fragment=\"1\">Da\u013cu skaits:<\/strong> 104 da\u013cas<\/li>\n<li data-mce-fragment=\"1\"><strong data-mce-fragment=\"1\">M\u012bklas lielums:<\/strong> 40 cm x 70 cm<\/li>\n<li data-mce-fragment=\"1\"><strong data-mce-fragment=\"1\">Materi\u0101ls:<\/strong> Kartons<\/li>\n<\/ul>","protected":false},"excerpt":{"rendered":"<p>\u0160i ne\u0161iojama d\u0117lion\u0117 turi nuostabaus dizaino lagamin\u0117l\u012f, kur\u012f lengva ne\u0161iotis ir jis puikiai tinka saugoti d\u0117lion\u0117s dalis arba kitus smulkius vaiko \u017eaislus. Tai puiki dovanos id\u0117ja vaikams. \u0160i d\u0117lion\u0117 vaizduoja remonto dirbtuves gyv\u016bn\u0173 mieste, kur gyventojai u\u017esi\u0117m\u0119 \u012fvairi\u0173 transporto priemoni\u0173 taisymu. Am\u017eius: 3+ D\u0117\u017eut\u0117s matmenys: 20.7 cm x 7.7 cm x 20.2 cm Komplekte: 1 d\u0117lion\u0117, 1 instrukcija Dali\u0173 skai\u010dius: 104 dalys Sud\u0117liotos d\u0117lion\u0117s dydis: 40 cm x 70 cm Med\u017eiaga: Kartonas<\/p>","protected":false},"featured_media":2794,"template":"","meta":[],"product_brand":[],"product_cat":[234,235,240,241,242,272,244,256,258,277,274],"product_tag":[61,16,125,40,58,33,216,142,64,65,87,20,215,133,36,67,68,22,23,132,76,70],"class_list":{"0":"post-610","1":"product","2":"type-product","3":"status-publish","4":"has-post-thumbnail","6":"product_cat-3-4-metai","7":"product_cat-5-6-metai","8":"product_cat-deliones","9":"product_cat-dideliu-daliu-deliones","10":"product_cat-dovanu-idejos","11":"product_cat-kaledines-dovanos","12":"product_cat-kas-populiaru","13":"product_cat-nesiojamos-deliones","14":"product_cat-nuo-100-iki-300-daliu","15":"product_cat-smart-products-filter-index-do-not-delete","16":"product_cat-visos-deliones","17":"product_tag-100-to-300-pieces","18":"product_tag-age-3-4-years","19":"product_tag-automobiliai","20":"product_tag-best-sellers","21":"product_tag-cars-trucks","22":"product_tag-delione","23":"product_tag-delione-kudikiams","24":"product_tag-deliones-priedai","25":"product_tag-deliones-vaikams","26":"product_tag-deliones-vaikui","27":"product_tag-fantasy-magic","28":"product_tag-gift","29":"product_tag-gift-box","30":"product_tag-gyvunu-deliones","31":"product_tag-kol-koc","32":"product_tag-puzle","33":"product_tag-puzzles","34":"product_tag-regular-sale","35":"product_tag-test","36":"product_tag-transporto-priemones","37":"product_tag-us-warehouse","38":"product_tag-vaikiska-delione","40":"first","41":"instock","42":"taxable","43":"shipping-taxable","44":"product-type-simple"},"jetpack_sharing_enabled":true,"_links":{"self":[{"href":"https:\/\/b2b.mideer.lt\/lv\/wp-json\/wp\/v2\/product\/610"}],"collection":[{"href":"https:\/\/b2b.mideer.lt\/lv\/wp-json\/wp\/v2\/product"}],"about":[{"href":"https:\/\/b2b.mideer.lt\/lv\/wp-json\/wp\/v2\/types\/product"}],"wp:featuredmedia":[{"embeddable":true,"href":"https:\/\/b2b.mideer.lt\/lv\/wp-json\/wp\/v2\/media\/2794"}],"wp:attachment":[{"href":"https:\/\/b2b.mideer.lt\/lv\/wp-json\/wp\/v2\/media?parent=610"}],"wp:term":[{"taxonomy":"product_brand","embeddable":true,"href":"https:\/\/b2b.mideer.lt\/lv\/wp-json\/wp\/v2\/product_brand?post=610"},{"taxonomy":"product_cat","embeddable":true,"href":"https:\/\/b2b.mideer.lt\/lv\/wp-json\/wp\/v2\/product_cat?post=610"},{"taxonomy":"product_tag","embeddable":true,"href":"https:\/\/b2b.mideer.lt\/lv\/wp-json\/wp\/v2\/product_tag?post=610"}],"curies":[{"name":"wp","href":"https:\/\/api.w.org\/{rel}","templated":true}]}}