{"id":609,"date":"2024-04-26T07:43:54","date_gmt":"2024-04-26T07:43:54","guid":{"rendered":"https:\/\/b2b.mideer.lt\/product\/portable-puzzle-box-dinosaur-age-104p\/"},"modified":"2026-04-10T07:32:56","modified_gmt":"2026-04-10T07:32:56","slug":"nesiojama-delione-dinozauru-amzius","status":"publish","type":"product","link":"https:\/\/b2b.mideer.lt\/lv\/product\/nesiojama-delione-dinozauru-amzius\/","title":{"rendered":"Dinosauru laikmeta p\u0101rn\u0113s\u0101jam\u0101 puzle"},"content":{"rendered":"<p data-mce-fragment=\"1\">\u0160ai p\u0101rn\u0113s\u0101jamajai puzlei ir \u013coti praktisks somi\u0146a futr\u0101lis, kas \u013cauj to \u0113rti n\u0113s\u0101t l\u012bdzi un \u0113rti uzglab\u0101t deta\u013cas. T\u0101 var b\u016bt lieliska d\u0101vin\u0101juma ideja b\u0113rniem.<\/p>\n<p data-mce-fragment=\"1\">\u0160\u012b puzle att\u0113lo dinozauru laikmetu ar milzu dinozauriem, kas dz\u012bvo kalnos un ezeros.<\/p>\n<ul data-mce-fragment=\"1\">\n<li data-mce-fragment=\"1\"><strong data-mce-fragment=\"1\">Am\u017eius:<\/strong> 3+<\/li>\n<li data-mce-fragment=\"1\"><strong data-mce-fragment=\"1\">Kastes izm\u0113ri:<\/strong> 20,7 cm x 7,7 cm x 20,2 cm<\/li>\n<li data-mce-fragment=\"1\"><strong data-mce-fragment=\"1\">Ietver:<\/strong> 1 puzle, 1 instrukcijas gr\u0101mati\u0146a<\/li>\n<li data-mce-fragment=\"1\"><strong data-mce-fragment=\"1\">Da\u013cu skaits:<\/strong> 104 da\u013cas<\/li>\n<li data-mce-fragment=\"1\"><strong data-mce-fragment=\"1\">M\u012bklas lielums:<\/strong> 40 cm x 70 cm<\/li>\n<li data-mce-fragment=\"1\"><strong data-mce-fragment=\"1\">Materi\u0101ls:<\/strong> Kartons<\/li>\n<\/ul>","protected":false},"excerpt":{"rendered":"<p>\u0160i ne\u0161iojama d\u0117lion\u0117 turi ypatingai prakti\u0161k\u0105 lagamin\u0117l\u012f, tod\u0117l j\u0105 lengva ne\u0161iotis kartu su savimi ir patogu saugoti detales. Tai gali b\u016bti puiki dovanos id\u0117ja vaikams. \u0160i d\u0117lion\u0117 pavaizduoja dinozaur\u0173 am\u017ei\u0173 su mil\u017eini\u0161kais dinozaurais, gyvenan\u010diais kalnuose ir e\u017eeruose. Am\u017eius: 3+ D\u0117\u017eut\u0117s i\u0161matavimai: 20.7 cm x 7.7 cm x 20.2 cm Komplekte: 1 d\u0117lion\u0117, 1 instrukcija Dali\u0173 skai\u010dius: 104 dalys Sud\u0117liotos d\u0117lion\u0117s dydis: 40 cm x 70 cm Med\u017eiaga: Kartonas<\/p>","protected":false},"featured_media":2789,"template":"","meta":[],"product_brand":[],"product_cat":[234,235,240,241,242,244,256,258,277,274],"product_tag":[61,190,102,16,62,63,40,33,64,65,144,214,66,20,215,133,36,67,68,22,23],"class_list":{"0":"post-609","1":"product","2":"type-product","3":"status-publish","4":"has-post-thumbnail","6":"product_cat-3-4-metai","7":"product_cat-5-6-metai","8":"product_cat-deliones","9":"product_cat-dideliu-daliu-deliones","10":"product_cat-dovanu-idejos","11":"product_cat-kas-populiaru","12":"product_cat-nesiojamos-deliones","13":"product_cat-nuo-100-iki-300-daliu","14":"product_cat-smart-products-filter-index-do-not-delete","15":"product_cat-visos-deliones","16":"product_tag-100-to-300-pieces","17":"product_tag-3-4-metu-amziaus","18":"product_tag-50-to-100-pieces","19":"product_tag-age-3-4-years","20":"product_tag-animals-nature","21":"product_tag-best","22":"product_tag-best-sellers","23":"product_tag-delione","24":"product_tag-deliones-vaikams","25":"product_tag-deliones-vaikui","26":"product_tag-dinosaurs","27":"product_tag-dinozaurai","28":"product_tag-gamta","29":"product_tag-gift","30":"product_tag-gift-box","31":"product_tag-gyvunu-deliones","32":"product_tag-kol-koc","33":"product_tag-puzle","34":"product_tag-puzzles","35":"product_tag-regular-sale","36":"product_tag-test","38":"first","39":"instock","40":"taxable","41":"shipping-taxable","42":"product-type-simple"},"jetpack_sharing_enabled":true,"_links":{"self":[{"href":"https:\/\/b2b.mideer.lt\/lv\/wp-json\/wp\/v2\/product\/609"}],"collection":[{"href":"https:\/\/b2b.mideer.lt\/lv\/wp-json\/wp\/v2\/product"}],"about":[{"href":"https:\/\/b2b.mideer.lt\/lv\/wp-json\/wp\/v2\/types\/product"}],"wp:featuredmedia":[{"embeddable":true,"href":"https:\/\/b2b.mideer.lt\/lv\/wp-json\/wp\/v2\/media\/2789"}],"wp:attachment":[{"href":"https:\/\/b2b.mideer.lt\/lv\/wp-json\/wp\/v2\/media?parent=609"}],"wp:term":[{"taxonomy":"product_brand","embeddable":true,"href":"https:\/\/b2b.mideer.lt\/lv\/wp-json\/wp\/v2\/product_brand?post=609"},{"taxonomy":"product_cat","embeddable":true,"href":"https:\/\/b2b.mideer.lt\/lv\/wp-json\/wp\/v2\/product_cat?post=609"},{"taxonomy":"product_tag","embeddable":true,"href":"https:\/\/b2b.mideer.lt\/lv\/wp-json\/wp\/v2\/product_tag?post=609"}],"curies":[{"name":"wp","href":"https:\/\/api.w.org\/{rel}","templated":true}]}}