{"id":5899,"date":"2025-11-05T13:03:59","date_gmt":"2025-11-05T13:03:59","guid":{"rendered":"https:\/\/b2b.mideer.lt\/?post_type=product&#038;p=5899"},"modified":"2026-05-01T07:32:22","modified_gmt":"2026-05-01T07:32:22","slug":"magiskas-kaledu-medis-kristalu-auginimo-rinkinys","status":"publish","type":"product","link":"https:\/\/b2b.mideer.lt\/lv\/product\/magiskas-kaledu-medis-kristalu-auginimo-rinkinys\/","title":{"rendered":"Burvju Ziemassv\u0113tku egl\u012bte"},"content":{"rendered":"<p class=\"ds-markdown-paragraph\">Izveidojiet savu Ziemassv\u0113tku br\u012bnumu ar \u0161o burv\u012bgo eksperimentu! Skatieties, k\u0101 vienk\u0101r\u0161a kartona egl\u012bte p\u0101rsteidzo\u0161i p\u0101rv\u0113r\u0161as mirdzo\u0161\u0101 krist\u0101la \u0161edevr\u0101. \u0160is burv\u012bgais komplekts j\u016bsu m\u0101j\u0101s ienes\u012bs \u012bstu kristaliz\u0101cijas burv\u012bbu.<\/p>\n<p class=\"ds-markdown-paragraph\">Vienk\u0101r\u0161i sajauciet \u012bpa\u0161o aug\u0161anas \u0161\u0137idrumu, ielejiet to koka pamatn\u0113 un v\u0113rojiet, k\u0101 24 stundu laik\u0101 tas izaudz\u0113 za\u013cus, sp\u012bd\u012bgus zarus. Rezult\u0101ts ir skaists un piln\u012bgi unik\u0101ls Ziemassv\u0113tku rot\u0101jums, ko esat izveidojis pats!<\/p>\n<p class=\"ds-markdown-paragraph\"><strong>K\u0101p\u0113c jums b\u016btu nepiecie\u0161ams \u0161is komplekts?<\/strong><\/p>\n<ul>\n<li>\n<p class=\"ds-markdown-paragraph\"><strong>Ma\u0123ija, kas aug j\u016bsu acu priek\u0161\u0101.<\/strong>\u00a0Aizraujo\u0161ais krist\u0101lu audz\u0113\u0161anas process ir lielisks veids, k\u0101 b\u0113rniem praktiski un jautri iepaz\u012bt zin\u0101tnes br\u012bnumus.<\/p>\n<\/li>\n<li>\n<p class=\"ds-markdown-paragraph\"><strong>Lieliskas izgl\u012btojo\u0161as aktivit\u0101tes.<\/strong>\u00a0T\u0101 rosina zin\u0101tk\u0101ri, m\u0101ca paciet\u012bbu un zin\u0101tnes pamatprincipus. Ide\u0101li piem\u0113rots jaunajiem zin\u0101tniekiem vecum\u0101 no 6 gadiem!<\/p>\n<\/li>\n<li>\n<p class=\"ds-markdown-paragraph\"><strong>Ar sav\u0101m rok\u0101m izgatavota apdare.<\/strong>\u00a0J\u016bsu b\u0113rns izaudz\u0113s savu Ziemassv\u0113tku egl\u012bti - daudz iespaid\u012bg\u0101ku nek\u0101 tikai nopirkts rot\u0101jums!<\/p>\n<\/li>\n<li>\n<p class=\"ds-markdown-paragraph\"><strong>Lieliska d\u0101vana. <\/strong>Visas nepiecie\u0161am\u0101s sast\u0101vda\u013cas ir iek\u013cautas kast\u0113, t\u0101p\u0113c t\u0101 ir lieliska izv\u0113le d\u0101vanai!<\/p>\n<\/li>\n<\/ul>\n<p class=\"ds-markdown-paragraph\"><strong>Apr\u012bkojums:<\/strong><\/p>\n<ul>\n<li>\n<p class=\"ds-markdown-paragraph\">1 Ziemassv\u0113tku egl\u012bte<\/p>\n<\/li>\n<li>\n<p class=\"ds-markdown-paragraph\">1 zvaigzne<\/p>\n<\/li>\n<li>\n<p class=\"ds-markdown-paragraph\">1 plastmasas koka stat\u012bvs<\/p>\n<\/li>\n<li>\n<p class=\"ds-markdown-paragraph\">1 pudele mirdzumu<\/p>\n<\/li>\n<li>\n<p class=\"ds-markdown-paragraph\">1 sarkana p\u0113rl\u012b\u0161u virtene<\/p>\n<\/li>\n<li>\n<p class=\"ds-markdown-paragraph\">1 iepakojums aug\u0161anas \u0161\u0137idruma<\/p>\n<\/li>\n<li>\n<p class=\"ds-markdown-paragraph\">1 detaliz\u0113ta lieto\u0161anas pam\u0101c\u012bba<\/p>\n<\/li>\n<\/ul>\n<p class=\"ds-markdown-paragraph\"><strong>Ieteicamais vecums:<\/strong> 6+<br \/>\n<strong>D\u0117\u017eut\u0117s matmenys:<\/strong> 17,5 x 17,5 x 3,8 cm<\/p>\n<p class=\"ds-markdown-paragraph\"><strong>Ieviesiet burv\u012bbu sav\u0101s m\u0101j\u0101s ar Mideer burvju egl\u012bti!<\/strong><\/p>","protected":false},"excerpt":{"rendered":"<p>Susikurkite savo Kal\u0117d\u0173 stebukl\u0105 su \u0161iuo u\u017eburian\u010diu eksperimentu! Steb\u0117kite, kaip paprastas kartoninis medis steb\u0117tinai virsta spindin\u010diu kristaliniu \u0161edevru. \u0160is \u017eavus rinkinys \u012f j\u016bs\u0173 namus atne\u0161 tikr\u0105 kristalizacijos magij\u0105. Tiesiog i\u0161mai\u0161ykite special\u0173j\u012f augimo skyst\u012f, u\u017epilkite j\u012f \u012f med\u017eio pagrind\u0105 ir steb\u0117kite, kaip per 24 val. jis i\u0161leid\u017eia \u017ealias, blizgan\u010dias \u0161akas. Rezultatas \u2013 gra\u017ei ir visi\u0161kai unikali Kal\u0117d\u0173 dekoracija, kuri\u0105 suk\u016br\u0117te patys! Kod\u0117l Jums patiks \u0161is rinkinys? Magija, kuri auga j\u016bs\u0173 akyse.\u00a0U\u017eburiantis kristal\u0173 auginimo procesas \u2013 nuostabus b\u016bdas vaikams pa\u017einti mokslo stebuklus prakti\u0161kai ir linksmai. Puiki edukacin\u0117 veikla.\u00a0Skatina smalsum\u0105, moko kantryb\u0117s ir pagrindini\u0173 mokslo princip\u0173. Puikiai tinka jauniesiems mokslininkams nuo 6 met\u0173! Savo rankomis sukurtas papuo\u0161imas.\u00a0J\u016bs\u0173 vaikas i\u0161augins savo paties Kal\u0117d\u0173 eglut\u0119 \u2013 tai daug \u012fsp\u016bdingiau nei paprastas pirktas papuo\u0161imas! Puiki dovana. Visi reikiami komponentai yra d\u0117\u017eut\u0117je, tod\u0117l tai puikus dovanos pasirinkimas! Komplektacija: 1 Kal\u0117d\u0173 medis 1 \u017evaig\u017ed\u0117 1 plastikinis med\u017eio stovas 1 buteliukas blizgu\u010di\u0173 1 raudona karoliuk\u0173 virvel\u0117 1 augimo skys\u010dio pakuot\u0117 1 detali instrukcija Rekomenduojamas am\u017eius: 6+ D\u0117\u017eut\u0117s matmenys: 17,5 x 17,5 x 3,8 cm Atne\u0161kite stebukl\u0105 \u012f savo namus su Mideer magi\u0161ku Kal\u0117d\u0173 med\u017eiu!<\/p>","protected":false},"featured_media":5969,"template":"","meta":[],"product_brand":[],"product_cat":[235,236,239,242,272,244,250,255,263,264,271],"product_tag":[],"class_list":{"0":"post-5899","1":"product","2":"type-product","3":"status-publish","4":"has-post-thumbnail","6":"product_cat-5-6-metai","7":"product_cat-6-metai","8":"product_cat-daugiau-zaislu-ir-zaidimu","9":"product_cat-dovanu-idejos","10":"product_cat-kaledines-dovanos","11":"product_cat-kas-populiaru","12":"product_cat-menai-ir-kurybiniai-uzsiemimai","13":"product_cat-naujienos","14":"product_cat-pasidaryk-pats","15":"product_cat-perkamiausi","16":"product_cat-vel-prekyboje","18":"first","19":"onbackorder","20":"taxable","21":"shipping-taxable","22":"product-type-simple"},"jetpack_sharing_enabled":true,"_links":{"self":[{"href":"https:\/\/b2b.mideer.lt\/lv\/wp-json\/wp\/v2\/product\/5899"}],"collection":[{"href":"https:\/\/b2b.mideer.lt\/lv\/wp-json\/wp\/v2\/product"}],"about":[{"href":"https:\/\/b2b.mideer.lt\/lv\/wp-json\/wp\/v2\/types\/product"}],"wp:featuredmedia":[{"embeddable":true,"href":"https:\/\/b2b.mideer.lt\/lv\/wp-json\/wp\/v2\/media\/5969"}],"wp:attachment":[{"href":"https:\/\/b2b.mideer.lt\/lv\/wp-json\/wp\/v2\/media?parent=5899"}],"wp:term":[{"taxonomy":"product_brand","embeddable":true,"href":"https:\/\/b2b.mideer.lt\/lv\/wp-json\/wp\/v2\/product_brand?post=5899"},{"taxonomy":"product_cat","embeddable":true,"href":"https:\/\/b2b.mideer.lt\/lv\/wp-json\/wp\/v2\/product_cat?post=5899"},{"taxonomy":"product_tag","embeddable":true,"href":"https:\/\/b2b.mideer.lt\/lv\/wp-json\/wp\/v2\/product_tag?post=5899"}],"curies":[{"name":"wp","href":"https:\/\/api.w.org\/{rel}","templated":true}]}}