{"id":5814,"date":"2025-11-05T08:11:13","date_gmt":"2025-11-05T08:11:13","guid":{"rendered":"https:\/\/b2b.mideer.lt\/product\/menininkes-kurta-delione-coliuke-66-dalys\/"},"modified":"2026-04-11T07:33:10","modified_gmt":"2026-04-11T07:33:10","slug":"menininkes-kurta-delione-coliuke-66-dalys","status":"publish","type":"product","link":"https:\/\/b2b.mideer.lt\/lv\/product\/menininkes-kurta-delione-coliuke-66-dalys\/","title":{"rendered":"M\u0101kslinieka puzle - Coliuk\u0117, 66 gabali\u0146i"},"content":{"rendered":"<p class=\"ds-markdown-paragraph\">\u0160is Coluke puzles komplekts ir ne tikai jautra nodarbe, bet ar\u012b izgl\u012btojo\u0161s l\u012bdzeklis, kas veicina rado\u0161umu un m\u012blest\u012bbu pret m\u0101kslu. B\u0113rni var\u0113s salikt kop\u0101 skaisti ilustr\u0113tas fig\u016bri\u0146as ar ikoniskiem pasaku varo\u0146iem. Pievienot\u0101 st\u0101stu gr\u0101mata (ang\u013cu valod\u0101) bag\u0101tina pieredzi, \u013caujot b\u0113rniem iejusties si\u017eet\u0101.<\/p>\n<p class=\"ds-markdown-paragraph\">Izgatavots bez \u0137\u012bmisk\u0101m viel\u0101m, 100% ir biolo\u0123isks produkts.<\/p>\n<p class=\"ds-markdown-paragraph\"><strong>Galven\u0101s funkcijas:<\/strong><\/p>\n<ul>\n<li>\n<p class=\"ds-markdown-paragraph\"><strong>Pasaules klases m\u0101kslinieces \u017dakl\u012bnas Monl\u0101res izstr\u0101d\u0101tais dizains<\/strong><\/p>\n<\/li>\n<li>\n<p class=\"ds-markdown-paragraph\"><strong>Optim\u0101la sare\u017e\u0123\u012bt\u012bba:<\/strong> Pareizais gabali\u0146u skaits puzlei ir tie\u0161i tik daudz, cik nepiecie\u0161ams, un t\u0101 pied\u0101v\u0101 pareizo izaicin\u0101jumu, stimul\u0113jot da\u017e\u0101das prasmes, s\u0101kot no probl\u0113mu risin\u0101\u0161anas l\u012bdz roku un acu koordin\u0101cijai.<\/p>\n<\/li>\n<li>\n<p class=\"ds-markdown-paragraph\"><strong>Komplekt\u0101 ir iek\u013cauta st\u0101stu gr\u0101mata:<\/strong> M\u012bklu papildina burv\u012bga gr\u0101mati\u0146a, kas pievienota puzlei, un t\u0101 bag\u0101tina sp\u0113les pieredzi.<\/p>\n<\/li>\n<li>\n<p class=\"ds-markdown-paragraph\"><strong>Lieliska d\u0101vana b\u0113rnam:<\/strong> T\u0101 ir rado\u0161a un j\u0113gpilna d\u0101vin\u0101juma ideja jebkuram gad\u012bjumam, ide\u0101li piem\u0113rota b\u0113rniem, kuriem pat\u012bk puzles un klasiski st\u0101sti.<\/p>\n<\/li>\n<\/ul>\n<p class=\"ds-markdown-paragraph\"><strong>Papildu inform\u0101cija:<\/strong><\/p>\n<ul>\n<li>\n<p class=\"ds-markdown-paragraph\"><strong>M\u012bklu t\u0113ma:<\/strong> Coliuke<\/p>\n<\/li>\n<li>\n<p class=\"ds-markdown-paragraph\"><strong>Am\u017eius:<\/strong> no 3 gadiem<\/p>\n<\/li>\n<li>\n<p class=\"ds-markdown-paragraph\"><strong>M\u0101kslinieks:<\/strong> Jacqueline Monl\u00e1r<\/p>\n<\/li>\n<li>\n<p class=\"ds-markdown-paragraph\"><strong>Ziedu skaits:<\/strong> 66<\/p>\n<\/li>\n<li>\n<p class=\"ds-markdown-paragraph\"><strong>D\u0117\u017eut\u0117s matmenys: <\/strong>11 x 15 x 12 cm<\/p>\n<\/li>\n<li>\n<p class=\"ds-markdown-paragraph\"><strong>M\u012bklas lielums:<\/strong> 35 x 50 cm<\/p>\n<\/li>\n<li>\n<p class=\"ds-markdown-paragraph\"><strong>Apr\u012bkojums:<\/strong> 1 puzle, 1 st\u0101stu gr\u0101mata<\/p>\n<\/li>\n<li>\n<p class=\"ds-markdown-paragraph\"><strong>Materi\u0101ls:<\/strong> R\u012bsu d\u0113lis + sojas tinte<\/p>\n<\/li>\n<\/ul>","protected":false},"excerpt":{"rendered":"<p>\u0160is Coliuk\u0117s d\u0117lion\u0117s rinkinys yra ne tik smagus u\u017esi\u0117mimas, bet ir \u0161vietimo priemon\u0117, skatinanti k\u016brybi\u0161kum\u0105 ir meil\u0119 menui. Vaikai gal\u0117s sud\u0117lioti gra\u017eiai iliustruotas dalis, kuriose pavaizduoti ikoniniai pasak\u0173 herojai. Prid\u0117ta pasak\u0173 knygel\u0117 (angl\u0173 kalba) praturtina patirt\u012f, leisdama vaikams pasinerti \u012f siu\u017eet\u0105. Pagaminta be chemini\u0173 med\u017eiag\u0173, 100% ekologi\u0161kas produktas. Pagrindin\u0117s savyb\u0117s: Sukurta pasaulinio lygio meninink\u0117s &#8211; Jacqueline Monl\u00e1r Optimalus sud\u0117tingumas: Tur\u0117dama tinkam\u0105 detali\u0173 skai\u010di\u0173, d\u0117lion\u0117 si\u016blo tinkam\u0105 i\u0161\u0161\u016bk\u012f, skatinant\u012f \u012fvairius \u012fg\u016bd\u017eius \u2013 nuo problem\u0173 sprendimo iki rank\u0173 ir aki\u0173 koordinacijos. Prid\u0117ta pasak\u0173 knygel\u0117: D\u0117lion\u0119 lydinti \u017eavi knygel\u0117 praturtina \u017eaidimo patirt\u012f. Puiki dovana vaikui: Tai k\u016brybi\u0161ka ir prasminga dovanos id\u0117ja bet kuria proga, puikiai tinkanti vaikams, m\u0117gstantiems d\u0117liones ir klasikines pasakas. Papildoma informacija: D\u0117lion\u0117s tema: Coliuk\u0117 Am\u017eius: nuo 3 met\u0173 Meninink\u0117: Jacqueline Monl\u00e1r D\u0117li\u0173 skai\u010dius: 66 D\u0117\u017eut\u0117s matmenys: 11 x 15 x 12 cm Sud\u0117liotos d\u0117lion\u0117s dydis: 35 x 50 cm Komplektacija: 1 d\u0117lion\u0117, 1 pasak\u0173 knygel\u0117 Med\u017eiaga: ry\u017ei\u0173 kartonas + sojos ra\u0161alas<\/p>","protected":false},"featured_media":5879,"template":"","meta":[],"product_brand":[],"product_cat":[234,235,280,240,241,242,272,251,255,257,260,274],"product_tag":[],"class_list":{"0":"post-5814","1":"product","2":"type-product","3":"status-publish","4":"has-post-thumbnail","6":"product_cat-3-4-metai","7":"product_cat-5-6-metai","8":"product_cat-akcija","9":"product_cat-deliones","10":"product_cat-dideliu-daliu-deliones","11":"product_cat-dovanu-idejos","12":"product_cat-kaledines-dovanos","13":"product_cat-meninku-kurtos-deliones","14":"product_cat-naujienos","15":"product_cat-netaisyklingu-formu-deliones","16":"product_cat-nuo-50-iki-100-daliu","17":"product_cat-visos-deliones","19":"first","20":"instock","21":"taxable","22":"shipping-taxable","23":"product-type-simple"},"jetpack_sharing_enabled":true,"_links":{"self":[{"href":"https:\/\/b2b.mideer.lt\/lv\/wp-json\/wp\/v2\/product\/5814"}],"collection":[{"href":"https:\/\/b2b.mideer.lt\/lv\/wp-json\/wp\/v2\/product"}],"about":[{"href":"https:\/\/b2b.mideer.lt\/lv\/wp-json\/wp\/v2\/types\/product"}],"wp:featuredmedia":[{"embeddable":true,"href":"https:\/\/b2b.mideer.lt\/lv\/wp-json\/wp\/v2\/media\/5879"}],"wp:attachment":[{"href":"https:\/\/b2b.mideer.lt\/lv\/wp-json\/wp\/v2\/media?parent=5814"}],"wp:term":[{"taxonomy":"product_brand","embeddable":true,"href":"https:\/\/b2b.mideer.lt\/lv\/wp-json\/wp\/v2\/product_brand?post=5814"},{"taxonomy":"product_cat","embeddable":true,"href":"https:\/\/b2b.mideer.lt\/lv\/wp-json\/wp\/v2\/product_cat?post=5814"},{"taxonomy":"product_tag","embeddable":true,"href":"https:\/\/b2b.mideer.lt\/lv\/wp-json\/wp\/v2\/product_tag?post=5814"}],"curies":[{"name":"wp","href":"https:\/\/api.w.org\/{rel}","templated":true}]}}