{"id":5810,"date":"2025-11-05T08:11:11","date_gmt":"2025-11-05T08:11:11","guid":{"rendered":"https:\/\/b2b.mideer.lt\/product\/dizainerio-eskizu-knyga\/"},"modified":"2026-04-03T22:02:33","modified_gmt":"2026-04-03T22:02:33","slug":"dizainerio-eskizu-knyga","status":"publish","type":"product","link":"https:\/\/b2b.mideer.lt\/lv\/product\/dizainerio-eskizu-knyga\/","title":{"rendered":"Dizainera ski\u010du burtn\u012bca"},"content":{"rendered":"<p class=\"ds-markdown-paragraph\">Izj\u016btiet \u012bstu dizainera pieredzi! \u0160is komplekts \u013cauj b\u0113rniem piln\u012bb\u0101 iejusties modes rad\u012b\u0161anas proces\u0101 - no pirm\u0101s idejas l\u012bdz gal\u012bgajam modes skatei. Ekr\u0101na sp\u0113\u013cu viet\u0101 - \u012bsti audumi un \u012bsts rado\u0161ums!<\/p>\n<p class=\"ds-markdown-paragraph\"><strong>Galven\u0101s funkcijas:<\/strong><\/p>\n<ul>\n<li>\n<p class=\"ds-markdown-paragraph\"><strong>12 profesion\u0101li audumi:<\/strong> B\u0113rni var izm\u0113\u0123in\u0101t da\u017e\u0101das tekst\u016bras - z\u012bda, d\u017einsa, diegu, t\u012bklu un citas.<\/p>\n<\/li>\n<li>\n<p class=\"ds-markdown-paragraph\"><strong>4 da\u017e\u0101du stilu izveide:<\/strong> no maig\u0101m princeses kleit\u0101m l\u012bdz m\u016bsdien\u012bgiem pils\u0113tas t\u0113rpiem.<\/p>\n<\/li>\n<li>\n<p class=\"ds-markdown-paragraph\"><strong>Viss projekt\u0113\u0161anas process:<\/strong> no mode\u013ca izv\u0113les l\u012bdz gal\u012bgajai pieg\u0101dei<\/p>\n<\/li>\n<li>\n<p class=\"ds-markdown-paragraph\"><strong>Dro\u0161us r\u012bkus:<\/strong> \u012bpa\u0161i b\u0113rniem (dro\u0161as \u0161\u0137\u0113res bez asiem galiem).<\/p>\n<\/li>\n<li>\n<p class=\"ds-markdown-paragraph\"><strong>\u012asta prezent\u0101cija:<\/strong> ar paraksta laukumu un auduma eti\u0137et\u0113m, glu\u017ei k\u0101 \u012bst\u0101s dizaineru ski\u010du burtn\u012bc\u0101s.<\/p>\n<\/li>\n<\/ul>\n<p class=\"ds-markdown-paragraph\"><strong>Kolekcijas sast\u0101vs:<\/strong><\/p>\n<ul>\n<li>\n<p class=\"ds-markdown-paragraph\">12 da\u017e\u0101du tekst\u016bru audumu paraugi<\/p>\n<\/li>\n<li>\n<p class=\"ds-markdown-paragraph\">Dizaina rokasgr\u0101mata ar uzdevumiem un idej\u0101m<\/p>\n<\/li>\n<li>\n<p class=\"ds-markdown-paragraph\">Dro\u0161i rado\u0161i rado\u0161ie r\u012bki<\/p>\n<\/li>\n<li>\n<p class=\"ds-markdown-paragraph\">Dekorat\u012bvie elementi dekor\u0113\u0161anai<\/p>\n<\/li>\n<li>\n<p class=\"ds-markdown-paragraph\">Mode\u013cu veidnes<\/p>\n<\/li>\n<li>\n<p class=\"ds-markdown-paragraph\">Prezent\u0101cijas materi\u0101li (eti\u0137etes, paraksta laukums)<\/p>\n<\/li>\n<\/ul>\n<p class=\"ds-markdown-paragraph\"><strong>Ieteicamais vecums:<\/strong>\u00a08+ gadi<\/p>\n<p class=\"ds-markdown-paragraph\"><strong>Izm\u0113ri:<\/strong> 29 \u00d7 30 \u00d7 8 cm<\/p>\n<p class=\"ds-markdown-paragraph\"><strong>Ieguvumi:<\/strong><\/p>\n<ul>\n<li>\n<p class=\"ds-markdown-paragraph\">Att\u012bsta m\u0101ksliniecisko gaumi un kr\u0101su uztveri<\/p>\n<\/li>\n<li>\n<p class=\"ds-markdown-paragraph\">Stimul\u0113 rado\u0161umu un izt\u0113li<\/p>\n<\/li>\n<li>\n<p class=\"ds-markdown-paragraph\">Att\u012bsta smalk\u0101s motorikas prasmes<\/p>\n<\/li>\n<li>\n<p class=\"ds-markdown-paragraph\">liek kritiski dom\u0101t un risin\u0101t probl\u0113mas.<\/p>\n<\/li>\n<li>\n<p class=\"ds-markdown-paragraph\">Att\u012bsta pa\u0161apzi\u0146u un pa\u0161izpausmi.<\/p>\n<\/li>\n<\/ul>\n<p class=\"ds-markdown-paragraph\">Tas viss liek jums justies k\u0101 \u012bstam dizainerim, kas veido savu pirmo modes kolekciju!<\/p>","protected":false},"excerpt":{"rendered":"<p>Pajuskite tikr\u0105 dizainerio patirt\u012f! \u0160is rinkinys leid\u017eia vaikams visi\u0161kai pasinerti \u012f mados k\u016brimo proces\u0105 \u2013 nuo pirmos id\u0117jos iki galutinio podiumo demonstravimo. Vietoje ekran\u0173 \u017eaidim\u0173 \u2013 tikri audiniai ir tikras k\u016brybi\u0161kumas! Pagrindiniai bruo\u017eai: 12 profesionali\u0173 audini\u0173: vaikai gali i\u0161bandyti \u012fvairias tekst\u016bras \u2013 \u0161ilk\u0105, d\u017eins\u0105, si\u016bl\u0105, tinklel\u012f ir daugiau 4 skirting\u0173 stili\u0173 k\u016brimas: nuo \u0161velni\u0173 princesi\u0173 sukneli\u0173 iki moderni\u0173 miesto \u012fvaizd\u017ei\u0173 Visas dizaino procesas: nuo modelio pasirinkimo iki galutinio pristatymo Saug\u016bs \u012frankiai: specialiai sukurti vaikams (saugios \u017eirkl\u0117s, neturin\u010dios a\u0161tri\u0173 gal\u0173) Tikras pristatymas: su para\u0161\u0173 zona ir audinio etiket\u0117mis, kaip tikrose dizaineri\u0173 eskiz\u0173 knygose Rinkinio sud\u0117tis: 12 skirting\u0173 tekst\u016br\u0173 audini\u0173 pavyzd\u017eiai Dizaino gidas su u\u017eduotimis ir id\u0117jomis Saug\u016bs k\u016brybiniai \u012frankiai Dekoratyviniai elementai puo\u0161imui Modeli\u0173 \u0161ablonai Pristatymo med\u017eiagos (etiket\u0117s, para\u0161\u0173 zona) Am\u017eiaus rekomendacija:\u00a08+ met\u0173 I\u0161matavimai: 29 \u00d7 30 \u00d7 8 cm Privalumai: Ugdo menin\u012f skon\u012f ir spalv\u0173 suvokim\u0105 Skatina k\u016brybi\u0161kum\u0105 ir vaizduot\u0119 Lavina smulki\u0105j\u0105 motorik\u0105 Ver\u010dia kriti\u0161kai m\u0105styti ir spr\u0119sti problemas Ugdo pasitik\u0117jim\u0105 savimi ir savirai\u0161k\u0105 Visa tai leid\u017eia jaustis tikru dizaineriu, kurian\u010diu savo pirm\u0105j\u0105 mados kolekcij\u0105!<\/p>","protected":false},"featured_media":5862,"template":"","meta":[],"product_brand":[],"product_cat":[236,242,272,245,250,252,255,263,267,275],"product_tag":[],"class_list":{"0":"post-5810","1":"product","2":"type-product","3":"status-publish","4":"has-post-thumbnail","6":"product_cat-6-metai","7":"product_cat-dovanu-idejos","8":"product_cat-kaledines-dovanos","9":"product_cat-kurybiniu-uzduociu-knygeles","10":"product_cat-menai-ir-kurybiniai-uzsiemimai","11":"product_cat-meno-reikmenys","12":"product_cat-naujienos","13":"product_cat-pasidaryk-pats","14":"product_cat-spalvinimo-knygeles","15":"product_cat-visos-meno-prekes","17":"first","18":"instock","19":"taxable","20":"shipping-taxable","21":"product-type-simple"},"jetpack_sharing_enabled":true,"_links":{"self":[{"href":"https:\/\/b2b.mideer.lt\/lv\/wp-json\/wp\/v2\/product\/5810"}],"collection":[{"href":"https:\/\/b2b.mideer.lt\/lv\/wp-json\/wp\/v2\/product"}],"about":[{"href":"https:\/\/b2b.mideer.lt\/lv\/wp-json\/wp\/v2\/types\/product"}],"wp:featuredmedia":[{"embeddable":true,"href":"https:\/\/b2b.mideer.lt\/lv\/wp-json\/wp\/v2\/media\/5862"}],"wp:attachment":[{"href":"https:\/\/b2b.mideer.lt\/lv\/wp-json\/wp\/v2\/media?parent=5810"}],"wp:term":[{"taxonomy":"product_brand","embeddable":true,"href":"https:\/\/b2b.mideer.lt\/lv\/wp-json\/wp\/v2\/product_brand?post=5810"},{"taxonomy":"product_cat","embeddable":true,"href":"https:\/\/b2b.mideer.lt\/lv\/wp-json\/wp\/v2\/product_cat?post=5810"},{"taxonomy":"product_tag","embeddable":true,"href":"https:\/\/b2b.mideer.lt\/lv\/wp-json\/wp\/v2\/product_tag?post=5810"}],"curies":[{"name":"wp","href":"https:\/\/api.w.org\/{rel}","templated":true}]}}