{"id":5808,"date":"2025-11-05T08:11:09","date_gmt":"2025-11-05T08:11:09","guid":{"rendered":"https:\/\/b2b.mideer.lt\/product\/gipsiniu-figureliu-kurimo-rinkinys\/"},"modified":"2026-04-10T07:33:16","modified_gmt":"2026-04-10T07:33:16","slug":"gipsiniu-figureliu-kurimo-rinkinys","status":"publish","type":"product","link":"https:\/\/b2b.mideer.lt\/lv\/product\/gipsiniu-figureliu-kurimo-rinkinys\/","title":{"rendered":"\u0122ip\u0161a fig\u016bri\u0146u celtniec\u012bbas komplekts"},"content":{"rendered":"<p class=\"ds-markdown-paragraph\">\u013baujiet saviem b\u0113rniem izbaud\u012bt patiesu rado\u0161uma prieku! \u0160is visaptvero\u0161ais m\u0101kslas komplekts sniedz iesp\u0113ju izveidot savas unik\u0101l\u0101s fig\u016bri\u0146as no nulles - no \u0123ip\u0161a sajauk\u0161anas l\u012bdz gal\u012bgajai apdarei.<\/p>\n<p class=\"ds-markdown-paragraph\"><strong>Rado\u0161ais process:<\/strong><\/p>\n<ol start=\"1\">\n<li>\n<p class=\"ds-markdown-paragraph\">Sajauciet apmetumu un aizpildiet silikona formu.<\/p>\n<\/li>\n<li>\n<p class=\"ds-markdown-paragraph\">P\u0113c tam, kad veidot\u0101 fig\u016bra ir nost\u0101v\u0113ju\u0161i, no\u0146emiet to.<\/p>\n<\/li>\n<li>\n<p class=\"ds-markdown-paragraph\">Gleznojiet un dekor\u0113jiet savus m\u0101kslas darbus<\/p>\n<\/li>\n<li>\n<p class=\"ds-markdown-paragraph\">Pievienojiet unik\u0101lu dekoru no m\u0101la<\/p>\n<\/li>\n<\/ol>\n<p class=\"ds-markdown-paragraph\"><strong>Galvenie ieguvumi:<\/strong><\/p>\n<ul>\n<li>\n<p class=\"ds-markdown-paragraph\"><strong>Piln\u012bgs rado\u0161ais process:<\/strong> B\u0113rni apg\u016bs \u0123ip\u0161a lie\u0161anas tehniku no s\u0101kuma l\u012bdz beig\u0101m<\/p>\n<\/li>\n<li>\n<p class=\"ds-markdown-paragraph\"><strong>Spilgtas kr\u0101sas:<\/strong> 8 akrila mar\u0137ieri spilgtam un vienm\u0113r\u012bgam p\u0101rkl\u0101jumam<\/p>\n<\/li>\n<li>\n<p class=\"ds-markdown-paragraph\"><strong>Daudzdimensiju rado\u0161ums:<\/strong> papildu dekorat\u012bvos elementus var veidot no \u012bpa\u0161i viegla m\u0101la.<\/p>\n<\/li>\n<li>\n<p class=\"ds-markdown-paragraph\"><strong>T\u012bra lieto\u0161ana:<\/strong> aizsargcimdi un paroc\u012bgi darbar\u012bki nodro\u0161ina t\u012bru rado\u0161o procesu.<\/p>\n<\/li>\n<li>\n<p class=\"ds-markdown-paragraph\"><strong>Kolekcija, kur\u0101 ir viss:<\/strong> viss nepiecie\u0161amais vien\u0101 iepakojum\u0101<\/p>\n<\/li>\n<\/ul>\n<p class=\"ds-markdown-paragraph\"><strong>Kolekcijas sast\u0101vs:<\/strong><\/p>\n<ul>\n<li>\n<p class=\"ds-markdown-paragraph\">8 akrila mar\u0137ieri<\/p>\n<\/li>\n<li>\n<p class=\"ds-markdown-paragraph\">6 paci\u0146as \u0123ip\u0161a pulvera<\/p>\n<\/li>\n<li>\n<p class=\"ds-markdown-paragraph\">M\u012bksta silikona veidne<\/p>\n<\/li>\n<li>\n<p class=\"ds-markdown-paragraph\">2 m\u0101la iepakojumi<\/p>\n<\/li>\n<li>\n<p class=\"ds-markdown-paragraph\">Instrumentu komplekts<\/p>\n<\/li>\n<li>\n<p class=\"ds-markdown-paragraph\">M\u0113rgl\u0101ze, piltuve<\/p>\n<\/li>\n<li>\n<p class=\"ds-markdown-paragraph\">4 p\u0101ri vienreizlietojamo cimdu<\/p>\n<\/li>\n<li>\n<p class=\"ds-markdown-paragraph\">Balta l\u012bme, laka<\/p>\n<\/li>\n<li>\n<p class=\"ds-markdown-paragraph\">Pa\u0161aizv\u0113r\u0161an\u0101s maisi\u0146i<\/p>\n<\/li>\n<li>\n<p class=\"ds-markdown-paragraph\">Ilustr\u0113tas instrukcijas<\/p>\n<\/li>\n<\/ul>\n<p class=\"ds-markdown-paragraph\"><strong>Ieteicamais vecums:<\/strong> 6+ gadi<\/p>\n<p class=\"ds-markdown-paragraph\"><strong>Izm\u0113ri:<\/strong><\/p>\n<ul>\n<li>\n<p class=\"ds-markdown-paragraph\"><strong>Skait\u013cu izm\u0113rs:<\/strong> 5,5\u00d74\u00d78 cm<\/p>\n<\/li>\n<li>\n<p class=\"ds-markdown-paragraph\"><strong>Iepakojuma izm\u0113rs:<\/strong> 27,5 \u00d7 22,5 \u00d7 7 cm<\/p>\n<\/li>\n<\/ul>\n<p class=\"ds-markdown-paragraph\"><strong>Izgl\u012bt\u012bbas ieguvumi:<\/strong><\/p>\n<ul>\n<li>\n<p class=\"ds-markdown-paragraph\">Att\u012bsta roku veikl\u012bbu un rado\u0161umu.<\/p>\n<\/li>\n<li>\n<p class=\"ds-markdown-paragraph\">Att\u012bsta koncentr\u0113\u0161an\u0101s sp\u0113jas<\/p>\n<\/li>\n<li>\n<p class=\"ds-markdown-paragraph\">Stimul\u0113 m\u0101ksliniecisk\u0101s izpausmes<\/p>\n<\/li>\n<li>\n<p class=\"ds-markdown-paragraph\">liek jums pl\u0101not un sekot l\u012bdzi procesam.<\/p>\n<\/li>\n<\/ul>\n<p class=\"ds-markdown-paragraph\">Ide\u0101la d\u0101vana rado\u0161iem b\u0113rniem, kuriem pat\u012bk rad\u012bt un eksperiment\u0113t ar da\u017e\u0101diem materi\u0101liem!<\/p>","protected":false},"excerpt":{"rendered":"<p>Leiskite vaikams patirti tikr\u0105 k\u016brybos d\u017eiaugsm\u0105! \u0160is i\u0161samus meninis rinkinys suteikia galimyb\u0119 nuo nulio sukurti savo unikalias fig\u016br\u0117les \u2013 nuo gipso mai\u0161ymo iki galutinio dekoravimo. K\u016brybos procesas: Sumai\u0161ykite gips\u0105 ir u\u017epildykite silikonin\u0119 form\u0105 I\u0161imkite suformuot\u0105 fig\u016br\u0117l\u0119, po to kai \u0161i sustingsta Nuda\u017eykite ir papuo\u0161kite savo k\u016brin\u012f Prid\u0117kite unikal\u0173 dekor\u0105 i\u0161 molio Pagrindiniai privalumai: Pilnas k\u016brybinis procesas: vaikai i\u0161moks gipso liejimo technikos nuo prad\u017ei\u0173 iki galo Ry\u0161kios spalvos: 8 akriliniai \u017eymekliai u\u017etikina ry\u0161k\u0173 ir lyg\u0173 dengim\u0105 Daugialypis k\u016brybi\u0161kumas: galima papildomai kurti dekoratyvinius elementus i\u0161 ultra lengvo molio \u0160varus naudojimas: apsaugin\u0117s pir\u0161tin\u0117s ir patog\u016bs \u012frankiai u\u017etikina \u0161var\u0173 k\u016brybos proces\u0105 Visa ko rinkinys: viskas, ko reikia, vienoje pakuot\u0117je Rinkinio sud\u0117tis: 8 akriliniai \u017eymekliai 6 mai\u0161eliai gipso milteli\u0173 Mink\u0161ta silikonin\u0117 forma 2 pakuot\u0117s molio \u012eranki\u0173 rinkinys Matavimo taur\u0117, piltuvas 4 poros vienkartini\u0173 pir\u0161tini\u0173 Balti klijai, lakas Savaranki\u0161kai u\u017esidarantys mai\u0161eliai Vaizdin\u0117 instrukcija Am\u017eiaus rekomendacija: 6+ met\u0173 I\u0161matavimai: Fig\u016br\u0117li\u0173 dydis: 5,5\u00d74\u00d78 cm Pakuot\u0117s dydis: 27,5\u00d722,5\u00d77 cm Ugdomieji privalumai: Lavina rank\u0173 \u012fg\u016bd\u017eius ir k\u016brybi\u0161kum\u0105 Ugdo d\u0117mesio koncentracij\u0105 Skatina menin\u0119 rai\u0161k\u0105 Ver\u010dia planuoti ir sekti proces\u0105 Puiki dovana k\u016brybi\u0161kiems vaikams, m\u0117gstantiems kurti ir eksperimentuoti su \u012fvairiomis med\u017eiagomis!<\/p>","protected":false},"featured_media":5856,"template":"","meta":[],"product_brand":[],"product_cat":[236,242,272,250,252,255,263,275],"product_tag":[],"class_list":{"0":"post-5808","1":"product","2":"type-product","3":"status-publish","4":"has-post-thumbnail","6":"product_cat-6-metai","7":"product_cat-dovanu-idejos","8":"product_cat-kaledines-dovanos","9":"product_cat-menai-ir-kurybiniai-uzsiemimai","10":"product_cat-meno-reikmenys","11":"product_cat-naujienos","12":"product_cat-pasidaryk-pats","13":"product_cat-visos-meno-prekes","15":"first","16":"instock","17":"taxable","18":"shipping-taxable","19":"product-type-simple"},"jetpack_sharing_enabled":true,"_links":{"self":[{"href":"https:\/\/b2b.mideer.lt\/lv\/wp-json\/wp\/v2\/product\/5808"}],"collection":[{"href":"https:\/\/b2b.mideer.lt\/lv\/wp-json\/wp\/v2\/product"}],"about":[{"href":"https:\/\/b2b.mideer.lt\/lv\/wp-json\/wp\/v2\/types\/product"}],"wp:featuredmedia":[{"embeddable":true,"href":"https:\/\/b2b.mideer.lt\/lv\/wp-json\/wp\/v2\/media\/5856"}],"wp:attachment":[{"href":"https:\/\/b2b.mideer.lt\/lv\/wp-json\/wp\/v2\/media?parent=5808"}],"wp:term":[{"taxonomy":"product_brand","embeddable":true,"href":"https:\/\/b2b.mideer.lt\/lv\/wp-json\/wp\/v2\/product_brand?post=5808"},{"taxonomy":"product_cat","embeddable":true,"href":"https:\/\/b2b.mideer.lt\/lv\/wp-json\/wp\/v2\/product_cat?post=5808"},{"taxonomy":"product_tag","embeddable":true,"href":"https:\/\/b2b.mideer.lt\/lv\/wp-json\/wp\/v2\/product_tag?post=5808"}],"curies":[{"name":"wp","href":"https:\/\/api.w.org\/{rel}","templated":true}]}}