{"id":5807,"date":"2025-11-05T08:11:09","date_gmt":"2025-11-05T08:11:09","guid":{"rendered":"https:\/\/b2b.mideer.lt\/product\/gipso-milteliu-papildymas-145g\/"},"modified":"2026-04-03T22:02:34","modified_gmt":"2026-04-03T22:02:34","slug":"gipso-milteliu-papildymas-145g","status":"publish","type":"product","link":"https:\/\/b2b.mideer.lt\/lv\/product\/gipso-milteliu-papildymas-145g\/","title":{"rendered":"\u0122ip\u0161a pulvera uzpilde, 145g"},"content":{"rendered":"<p>Gipso milteli\u0173 papildymas k\u016brybinam rinkiniui.<\/p>","protected":false},"excerpt":{"rendered":"<p>Gipso milteli\u0173 papildymas k\u016brybinam rinkiniui.<\/p>","protected":false},"featured_media":5855,"template":"","meta":[],"product_brand":[],"product_cat":[236,255,275],"product_tag":[],"class_list":{"0":"post-5807","1":"product","2":"type-product","3":"status-publish","4":"has-post-thumbnail","6":"product_cat-6-metai","7":"product_cat-naujienos","8":"product_cat-visos-meno-prekes","10":"first","11":"instock","12":"taxable","13":"shipping-taxable","14":"product-type-simple"},"jetpack_sharing_enabled":true,"_links":{"self":[{"href":"https:\/\/b2b.mideer.lt\/lv\/wp-json\/wp\/v2\/product\/5807"}],"collection":[{"href":"https:\/\/b2b.mideer.lt\/lv\/wp-json\/wp\/v2\/product"}],"about":[{"href":"https:\/\/b2b.mideer.lt\/lv\/wp-json\/wp\/v2\/types\/product"}],"wp:featuredmedia":[{"embeddable":true,"href":"https:\/\/b2b.mideer.lt\/lv\/wp-json\/wp\/v2\/media\/5855"}],"wp:attachment":[{"href":"https:\/\/b2b.mideer.lt\/lv\/wp-json\/wp\/v2\/media?parent=5807"}],"wp:term":[{"taxonomy":"product_brand","embeddable":true,"href":"https:\/\/b2b.mideer.lt\/lv\/wp-json\/wp\/v2\/product_brand?post=5807"},{"taxonomy":"product_cat","embeddable":true,"href":"https:\/\/b2b.mideer.lt\/lv\/wp-json\/wp\/v2\/product_cat?post=5807"},{"taxonomy":"product_tag","embeddable":true,"href":"https:\/\/b2b.mideer.lt\/lv\/wp-json\/wp\/v2\/product_tag?post=5807"}],"curies":[{"name":"wp","href":"https:\/\/api.w.org\/{rel}","templated":true}]}}