{"id":5804,"date":"2025-11-05T08:11:08","date_gmt":"2025-11-05T08:11:08","guid":{"rendered":"https:\/\/b2b.mideer.lt\/product\/piesimo-pirstais-kurybinis-albumas-sodo-tematika-copy\/"},"modified":"2026-04-06T07:33:19","modified_gmt":"2026-04-06T07:33:19","slug":"piesimo-pirstais-kurybinis-albumas-sodo-tematika-copy","status":"publish","type":"product","link":"https:\/\/b2b.mideer.lt\/lv\/product\/piesimo-pirstais-kurybinis-albumas-sodo-tematika-copy\/","title":{"rendered":"Pirkstu apglezno\u0161anas albums - Dz\u012bvnieku t\u0113mas"},"content":{"rendered":"<p class=\"ds-markdown-paragraph\"><strong>Ieteicamais vecums:<\/strong> 3+ gadi<br \/>\n<strong>Albuma izm\u0113rs:<\/strong> 32,3 x 20,4 cm<\/p>\n<p class=\"ds-markdown-paragraph\"><strong>Galven\u0101s funkcijas:<\/strong><\/p>\n<ul>\n<li>\n<p class=\"ds-markdown-paragraph\"><strong>Viss vien\u0101:<\/strong> Ieb\u016bv\u0113ts kr\u0101su bloks un rado\u0161ais albums - nav nepiecie\u0161amas papildu kr\u0101sas vai instrumenti<\/p>\n<\/li>\n<li>\n<p class=\"ds-markdown-paragraph\"><strong>\u0112rta forma:<\/strong> Viegls un kompakts, t\u0101p\u0113c varat to izmantot jebkur\u0101 viet\u0101 - vienk\u0101r\u0161i atveriet un s\u0101ciet veidot.<\/p>\n<\/li>\n<li>\n<p class=\"ds-markdown-paragraph\"><strong>Dro\u0161s sast\u0101vs:<\/strong> kr\u0101sa ir nekait\u012bga, viegli un vienk\u0101r\u0161i nomazg\u0101jama no rok\u0101m un ap\u0123\u0113rba, bez smar\u017eas, sertific\u0113ta atbilsto\u0161i dro\u0161\u012bbas standartiem.<\/p>\n<\/li>\n<li>\n<p class=\"ds-markdown-paragraph\"><strong>Kvalitat\u012bvs pap\u012bra materi\u0101ls:<\/strong> 120 g biez\u0101ks pap\u012brs, kas ne\u013cauj tintes iespiedumam p\u0101rkl\u0101ties uz otru pusi.<\/p>\n<\/li>\n<li>\n<p class=\"ds-markdown-paragraph\"><strong>Visaptvero\u0161a m\u0101c\u012bbu pieeja:<\/strong> 100 lappuses ar da\u017e\u0101d\u0101m aktivit\u0101t\u0113m, kas att\u012bsta kr\u0101su uztveri, formu saska\u0146o\u0161anu un m\u0101ksliniecisk\u0101s izt\u0113les prasmes.<\/p>\n<\/li>\n<\/ul>\n<p class=\"ds-markdown-paragraph\"><strong>Kolekcijas sast\u0101vs:<\/strong><\/p>\n<ul>\n<li>\n<p class=\"ds-markdown-paragraph\">1 gr\u0101mata ar 100 lappus\u0113m ar rado\u0161\u0101m aktivit\u0101t\u0113m<\/p>\n<\/li>\n<li>\n<p class=\"ds-markdown-paragraph\">1 kr\u0101su bloks ar 6 kr\u0101s\u0101m<\/p>\n<\/li>\n<li>\n<p class=\"ds-markdown-paragraph\">Ilustr\u0113tas instrukcijas<\/p>\n<\/li>\n<\/ul>\n<p class=\"ds-markdown-paragraph\"><strong>Galvenais m\u0113r\u0137is:<\/strong><br \/>\nT\u0101 veicina rado\u0161umu, pal\u012bdz ieg\u016bt p\u0101rliec\u012bbu par sav\u0101m m\u0101kslinieciskaj\u0101m sp\u0113j\u0101m un \u013cauj m\u0101c\u012bties caur jautr\u012bbu un rota\u013c\u0101m.<\/p>","protected":false},"excerpt":{"rendered":"<p>Am\u017eiaus rekomendacija: 3+ met\u0173 Albumo dydis: 32,3 x 20,4 cm Pagrindin\u0117s savyb\u0117s: Viskas viename: Integruotas da\u017e\u0173 blokas ir k\u016brybinis albumas &#8211; nereikia papildom\u0173 da\u017e\u0173 ar \u012franki\u0173 Patogi forma: Lengvas ir kompakti\u0161kas, galite naudotis bet kur \u2013 tereikia atverti ir prad\u0117ti kurti Saugi kompozicija: da\u017eai yra nekenksmingi, lengvai ir nesud\u0117tingai plaunami nuo rank\u0173 ir drabu\u017ei\u0173, neturi kvapo, patvirtintas atitikties saugos standartams sertifikatas Kokybi\u0161ka popieriaus med\u017eiaga: 120 g storesnis popierius, kuris nepraleid\u017eia da\u017e\u0173 \u012f kit\u0105 pus\u0119 I\u0161samus mokymosi metodas: 100 puslapi\u0173 su \u012fvairiomis u\u017eduotimis, kurios lavina spalv\u0173 suvokim\u0105, form\u0173 derinimo ir menin\u0117s vaizduot\u0117s \u012fg\u016bd\u017eius Rinkinio sud\u0117tis: 1 knyga su 100 k\u016brybini\u0173 u\u017eduo\u010di\u0173 puslapi\u0173 1 da\u017e\u0173 blokas su 6 spalvomis Vaizdin\u0117 instrukcija Pagrindinis tikslas: Skatina k\u016brybi\u0161kum\u0105, padeda \u012fgyti pasitik\u0117jim\u0105 savo meniniais geb\u0117jimais ir leid\u017eia mokytis per linksm\u0105 \u017eaidim\u0105.<\/p>","protected":false},"featured_media":5849,"template":"","meta":[],"product_brand":[],"product_cat":[234,237,244,250,252,255,264,267,268,275],"product_tag":[],"class_list":{"0":"post-5804","1":"product","2":"type-product","3":"status-publish","4":"has-post-thumbnail","6":"product_cat-3-4-metai","7":"product_cat-ankstyvo-lavinimo-zaidimai","8":"product_cat-kas-populiaru","9":"product_cat-menai-ir-kurybiniai-uzsiemimai","10":"product_cat-meno-reikmenys","11":"product_cat-naujienos","12":"product_cat-perkamiausi","13":"product_cat-spalvinimo-knygeles","14":"product_cat-spalvinimo-priemones","15":"product_cat-visos-meno-prekes","17":"first","18":"instock","19":"taxable","20":"shipping-taxable","21":"product-type-simple"},"jetpack_sharing_enabled":true,"_links":{"self":[{"href":"https:\/\/b2b.mideer.lt\/lv\/wp-json\/wp\/v2\/product\/5804"}],"collection":[{"href":"https:\/\/b2b.mideer.lt\/lv\/wp-json\/wp\/v2\/product"}],"about":[{"href":"https:\/\/b2b.mideer.lt\/lv\/wp-json\/wp\/v2\/types\/product"}],"wp:featuredmedia":[{"embeddable":true,"href":"https:\/\/b2b.mideer.lt\/lv\/wp-json\/wp\/v2\/media\/5849"}],"wp:attachment":[{"href":"https:\/\/b2b.mideer.lt\/lv\/wp-json\/wp\/v2\/media?parent=5804"}],"wp:term":[{"taxonomy":"product_brand","embeddable":true,"href":"https:\/\/b2b.mideer.lt\/lv\/wp-json\/wp\/v2\/product_brand?post=5804"},{"taxonomy":"product_cat","embeddable":true,"href":"https:\/\/b2b.mideer.lt\/lv\/wp-json\/wp\/v2\/product_cat?post=5804"},{"taxonomy":"product_tag","embeddable":true,"href":"https:\/\/b2b.mideer.lt\/lv\/wp-json\/wp\/v2\/product_tag?post=5804"}],"curies":[{"name":"wp","href":"https:\/\/api.w.org\/{rel}","templated":true}]}}