{"id":5803,"date":"2025-11-05T08:11:07","date_gmt":"2025-11-05T08:11:07","guid":{"rendered":"https:\/\/b2b.mideer.lt\/product\/interaktyvus-magnetinis-konstruktorius-profesiju-herojai\/"},"modified":"2026-04-11T07:33:11","modified_gmt":"2026-04-11T07:33:11","slug":"interaktyvus-magnetinis-konstruktorius-profesiju-herojai","status":"publish","type":"product","link":"https:\/\/b2b.mideer.lt\/lv\/product\/interaktyvus-magnetinis-konstruktorius-profesiju-herojai\/","title":{"rendered":"Interakt\u012bvais magn\u0113tiskais konstruktors - Profesijas varo\u0146i"},"content":{"rendered":"<p class=\"ds-markdown-paragraph\"><strong>Ieteicamais vecums:<\/strong> 3+ gadi<br \/>\n<strong>Iepakojuma izm\u0113rs:<\/strong> 26,5 x 24,5 x 7,6 cm<\/p>\n<p class=\"ds-markdown-paragraph\"><strong>Galven\u0101s funkcijas:<\/strong><\/p>\n<ul>\n<li>\n<p class=\"ds-markdown-paragraph\"><strong>Tematiskie magn\u0113tiskie konstruktori:<\/strong> T\u0101 ir izstr\u0101d\u0101ta b\u0113rnu iecien\u012bt\u0101kaj\u0101m lomu sp\u0113l\u0113m un apvieno klasisko kr\u0101saino magn\u0113tisko konstruktoru komplektu ar re\u0101l\u0101s dz\u012bves elementiem.<\/p>\n<\/li>\n<li>\n<p class=\"ds-markdown-paragraph\"><strong>Re\u0101listiskas lomu sp\u0113les:<\/strong> T\u0101 veicina \u0123imenes lomu un profesiju izp\u0113ti, soci\u0101l\u0101s prasmes un telpisko izt\u0113li.<\/p>\n<\/li>\n<li>\n<p class=\"ds-markdown-paragraph\"><strong>Uzlabota magn\u0113tu sist\u0113ma:<\/strong> Katram loga elementam ir 8 biezi magn\u0113ti sp\u0113c\u012bg\u0101kai pievilk\u0161anai un iztur\u012bg\u0101kai konstrukcijai.<\/p>\n<\/li>\n<li>\n<p class=\"ds-markdown-paragraph\"><strong>Unik\u0101li mazie cilv\u0113ki:<\/strong> Elast\u012bgie magn\u0113tiskie cilv\u0113ci\u0146i papildina jautr\u012bbu - vi\u0146i var kustin\u0101t galvu un ekstremit\u0101tes, aps\u0113sties, un vi\u0146u k\u0101j\u0101m ir magn\u0113ti, kas \u013cauj tiem st\u0101v\u0113t pat uz nog\u0101z\u0113m.<\/p>\n<\/li>\n<li>\n<p class=\"ds-markdown-paragraph\"><strong>Rota\u013c\u012bgi papildu elementi<\/strong><\/p>\n<\/li>\n<li>\n<p class=\"ds-markdown-paragraph\"><strong>Saules efekts:<\/strong> Patent\u0113t\u0101 divsl\u0101\u0146u optisko prizmu konstrukcija rada valdzino\u0161u mirdzumu caursp\u012bd\u012bgajos logos.<\/p>\n<\/li>\n<li>\n<p class=\"ds-markdown-paragraph\"><strong>Augsta kvalit\u0101te un dro\u0161\u012bba:<\/strong> Logi ir izgatavoti no MABS iztur\u012bgas plastmasas ar ultraska\u0146as metin\u0101t\u0101m \u0161uv\u0113m, kas nodro\u0161ina iztur\u012bbu. M\u012bkstas malas, dro\u0161i lietojamas.<\/p>\n<\/li>\n<\/ul>\n<p class=\"ds-markdown-paragraph\"><strong>Kolekcijas saturs:<\/strong><\/p>\n<ul>\n<li>\n<p class=\"ds-markdown-paragraph\"><strong>Profesiju varo\u0146i:<\/strong> 33 gabali (tostarp 4 cilv\u0113ki - \u0101rsts, ugunsdz\u0113s\u0113js, policists, celtnieks; ar\u012b automa\u0161\u012bna un celtnis)<\/p>\n<\/li>\n<li>\n<p class=\"ds-markdown-paragraph\">Ainavu kartes<\/p>\n<\/li>\n<li>\n<p class=\"ds-markdown-paragraph\">Rado\u0161o ideju ce\u013cvedis<\/p>\n<\/li>\n<li>\n<p class=\"ds-markdown-paragraph\">Uzglab\u0101\u0161anas soma<\/p>\n<\/li>\n<\/ul>\n<p class=\"ds-markdown-paragraph\"><strong>Izgl\u012bt\u012bbas ieguvumi:<\/strong><\/p>\n<ul>\n<li>\n<p class=\"ds-markdown-paragraph\">Att\u012bsta telpisko dom\u0101\u0161anu, rado\u0161umu un izt\u0113li.<\/p>\n<\/li>\n<li>\n<p class=\"ds-markdown-paragraph\">Veicina soci\u0101l\u0101s prasmes un komunik\u0101ciju, izmantojot lomu sp\u0113les.<\/p>\n<\/li>\n<li>\n<p class=\"ds-markdown-paragraph\">Att\u012bsta smalko motoriku un in\u017eeniertehnisko dom\u0101\u0161anu<\/p>\n<\/li>\n<li>\n<p class=\"ds-markdown-paragraph\">Iepaz\u012bstina ar da\u017e\u0101d\u0101m profesij\u0101m<\/p>\n<\/li>\n<\/ul>\n<p class=\"ds-markdown-paragraph\">Ide\u0101la d\u0101vana rado\u0161iem b\u0113rniem, kuriem pat\u012bk veidot un rad\u012bt savus st\u0101stus!<\/p>","protected":false},"excerpt":{"rendered":"<p>Am\u017eiaus rekomendacija: 3+ met\u0173 Pakuot\u0117s dydis: 26,5 x 24,5 x 7,6 cm Pagrindin\u0117s savyb\u0117s: Teminiai magnetiniai konstruktoriai: Sukurti vaik\u0173 mylimiems vaidmen\u0173 \u017eaidimams, jungia klasikin\u012f spalvot\u0105 magnetin\u012f konstruktori\u0173 su realaus gyvenimo elementais. Real\u016bs vaidmen\u0173 \u017eaidimai: Skatina \u0161eimos vaidmen\u0173 ir profesij\u0173 pa\u017einim\u0105, ugdo socialinius \u012fg\u016bd\u017eius ir erdvin\u0119 vaizduot\u0119. Patobulinta magnet\u0173 sistema: Kiekvienas langu\u010dio elementas turi 8 storus magnetus, u\u017etikrinan\u010dius stipresn\u0119 trauk\u0105 ir patvaresnes konstrukcijas. Unikal\u016bs \u017emogeliukai: Lankst\u016bs magnetiniai \u017emogeliukai praturtina \u017eaidim\u0105 \u2013 jie gali judinti galvas ir gal\u016bnes, atsis\u0117sti, o j\u0173 kojos turi magnetus, leid\u017eian\u010dius stov\u0117ti net ant nuolyd\u017ei\u0173. \u017daismingi papildomi elementai Saul\u0117s spinduli\u0173 efektas: Patentuota dvigubo sluoksnio optin\u0117 prizmi\u0173 konstrukcija skaidriuose langu\u010diuose sukeria \u017eav\u0173 \u017evilges\u012f. Auk\u0161ta kokyb\u0117 ir saugumas: Langu\u010diai pagaminti i\u0161 atsparaus MABS plastiko, su ultragarsu suvirintomis si\u016bl\u0117mis, u\u017etikrinan\u010diomis ilgaam\u017ei\u0161kum\u0105. Kra\u0161tai \u0161veln\u016bs, saug\u016bs naudojimui. Rinkinio turinys: Profesij\u0173 herojai: 33 elementai (\u012fskaitant 4 \u017emogeliukus \u2013 gydytoj\u0105, ugniages\u012f, policinink\u0105, statybinink\u0105; taip pat ma\u0161yn\u0117l\u0119 ir kran\u0105) Scen\u0173 k\u016brimo kortel\u0117s K\u016brybini\u0173 id\u0117j\u0173 vadovas Laikymo krep\u0161ys Ugdomieji privalumai: Ugdo erdvin\u012f mastym\u0105, k\u016brybi\u0161kum\u0105 ir vaizduot\u0119 Skatina socialinius \u012fg\u016bd\u017eius ir bendravim\u0105 per vaidmen\u0173 \u017eaidimus Lavina smulki\u0105j\u0105 motorik\u0105 ir in\u017einerin\u012f m\u0105stym\u0105 Supa\u017eindina su \u012fvairiomis profesijomis Puiki dovana k\u016brybi\u0161kiems vaikams, m\u0117gstantiems statyti ir kurti savo pasakojimus!<\/p>","protected":false},"featured_media":5848,"template":"","meta":[],"product_brand":[],"product_cat":[234,235,239,242,272,244,248,255,276],"product_tag":[],"class_list":{"0":"post-5803","1":"product","2":"type-product","3":"status-publish","4":"has-post-thumbnail","6":"product_cat-3-4-metai","7":"product_cat-5-6-metai","8":"product_cat-daugiau-zaislu-ir-zaidimu","9":"product_cat-dovanu-idejos","10":"product_cat-kaledines-dovanos","11":"product_cat-kas-populiaru","12":"product_cat-magnetiniai-konstruktoriai","13":"product_cat-naujienos","14":"product_cat-zaislai-ir-zaidimai","16":"first","17":"instock","18":"taxable","19":"shipping-taxable","20":"product-type-simple"},"jetpack_sharing_enabled":true,"_links":{"self":[{"href":"https:\/\/b2b.mideer.lt\/lv\/wp-json\/wp\/v2\/product\/5803"}],"collection":[{"href":"https:\/\/b2b.mideer.lt\/lv\/wp-json\/wp\/v2\/product"}],"about":[{"href":"https:\/\/b2b.mideer.lt\/lv\/wp-json\/wp\/v2\/types\/product"}],"wp:featuredmedia":[{"embeddable":true,"href":"https:\/\/b2b.mideer.lt\/lv\/wp-json\/wp\/v2\/media\/5848"}],"wp:attachment":[{"href":"https:\/\/b2b.mideer.lt\/lv\/wp-json\/wp\/v2\/media?parent=5803"}],"wp:term":[{"taxonomy":"product_brand","embeddable":true,"href":"https:\/\/b2b.mideer.lt\/lv\/wp-json\/wp\/v2\/product_brand?post=5803"},{"taxonomy":"product_cat","embeddable":true,"href":"https:\/\/b2b.mideer.lt\/lv\/wp-json\/wp\/v2\/product_cat?post=5803"},{"taxonomy":"product_tag","embeddable":true,"href":"https:\/\/b2b.mideer.lt\/lv\/wp-json\/wp\/v2\/product_tag?post=5803"}],"curies":[{"name":"wp","href":"https:\/\/api.w.org\/{rel}","templated":true}]}}