{"id":5801,"date":"2025-11-05T08:11:05","date_gmt":"2025-11-05T08:11:05","guid":{"rendered":"https:\/\/b2b.mideer.lt\/product\/didysis-menininko-lagaminas\/"},"modified":"2026-04-11T07:33:11","modified_gmt":"2026-04-11T07:33:11","slug":"didysis-menininko-lagaminas","status":"publish","type":"product","link":"https:\/\/b2b.mideer.lt\/lv\/product\/didysis-menininko-lagaminas\/","title":{"rendered":"Liel\u0101 m\u0101kslinieka \u010demod\u0101ns"},"content":{"rendered":"<p>Visi lab\u0101kie miderm\u0101kslas r\u012bki vien\u0101 kofer\u012b. Tr\u012bsst\u016brveida z\u012bda kr\u012bti\u0146i, kas viegli nomazg\u0101jas no \u0101das un cit\u0101m virsm\u0101m, mazg\u0101jami tr\u012bsst\u016brveida abpus\u0113ji mar\u0137ieri, akrila mar\u0137ieri z\u012bm\u0113\u0161anai uz da\u017e\u0101d\u0101m virsm\u0101m, e\u013c\u013cas kr\u012bti\u0146i bag\u0101t\u012bg\u0101s kr\u0101s\u0101s, viegli z\u012bm\u0113\u0161anas z\u012bmu\u013ci un e\u013c\u013cas kr\u0101sas. <strong>Komplekt\u0101 ir vair\u0101k nek\u0101 100 z\u012bm\u0113\u0161anas r\u012bku.<\/strong><\/p>\n<p>Visi kr\u0101so\u0161anas l\u012bdzek\u013ci ir \u016bdens b\u0101zes, bez \u0137\u012bmisk\u0101m viel\u0101m un smar\u017eviel\u0101m, t\u0101p\u0113c 100% ir dro\u0161s b\u0113rniem.<\/p>\n<p>Komplekts \u012bstam m\u0101kslas cien\u012bt\u0101jam. Neierobe\u017eotas rado\u0161\u0101s iesp\u0113jas un tehnikas.<\/p>\n<p>P\u0101rn\u0113s\u0101jams kofer\u012btis ar rota\u013c\u012bgu dizainu, kas izv\u0113r\u0161as tr\u012bs kr\u0101so\u0161anas r\u012bku st\u0101vos.<\/p>\n<p><strong>Ieteicamais vecums:<\/strong> 3+<\/p>\n<p><strong>\u010cemod\u0101na izm\u0113rs:<\/strong> 34,5 x 23 x 10 cm<\/p>","protected":false},"excerpt":{"rendered":"<p>Visos geriausios mideer meno priemon\u0117s viename lagamine. Lengvai nuplaunamos nuo odos ir kit\u0173 pavir\u0161i\u0173 trikamp\u0117s \u0161ilkin\u0117s kreidel\u0117s, nuplaunami trikampiai dvipusiai markeriai, akriliniai markeriai skirit pie\u0161ti ant \u012fvairiausi\u0173 pavir\u0161i\u0173, aliejiniai sodri\u0173 spalv\u0173, lengavai pie\u0161iantys pie\u0161tukai ir\u00a0aliejiniai da\u017eai. Rinkinyje daugiau nei 100\u00a0\u012franki\u0173 pie\u0161imui. Visos spalvinimo priemon\u0117s pagamintos vandens pagrindu, nenaudojant chemini\u0173 med\u017eiag\u0173 ir kvapikli\u0173, tod\u0117l yra 100% saugios vaikams naudoti. Rinkinys tikram meno gerb\u0117jui. Neribotos k\u016brybin\u0117s galimyb\u0117s ir technikos. Ne\u0161iojamas \u017eaismingo dizaino lagaminas, i\u0161siskleid\u017eia \u012f tris auk\u0161tus \u012fvairiausi\u0173 spalvinimo \u012franki\u0173. Rekomenduojamas am\u017eius: 3+ Lagamino dydis: 34,5 x 23 x 10 cm<\/p>","protected":false},"featured_media":5838,"template":"","meta":[],"product_brand":[],"product_cat":[234,235,236,242,272,250,252,255,268,275],"product_tag":[],"class_list":{"0":"post-5801","1":"product","2":"type-product","3":"status-publish","4":"has-post-thumbnail","6":"product_cat-3-4-metai","7":"product_cat-5-6-metai","8":"product_cat-6-metai","9":"product_cat-dovanu-idejos","10":"product_cat-kaledines-dovanos","11":"product_cat-menai-ir-kurybiniai-uzsiemimai","12":"product_cat-meno-reikmenys","13":"product_cat-naujienos","14":"product_cat-spalvinimo-priemones","15":"product_cat-visos-meno-prekes","17":"first","18":"instock","19":"taxable","20":"shipping-taxable","21":"product-type-simple"},"jetpack_sharing_enabled":true,"_links":{"self":[{"href":"https:\/\/b2b.mideer.lt\/lv\/wp-json\/wp\/v2\/product\/5801"}],"collection":[{"href":"https:\/\/b2b.mideer.lt\/lv\/wp-json\/wp\/v2\/product"}],"about":[{"href":"https:\/\/b2b.mideer.lt\/lv\/wp-json\/wp\/v2\/types\/product"}],"wp:featuredmedia":[{"embeddable":true,"href":"https:\/\/b2b.mideer.lt\/lv\/wp-json\/wp\/v2\/media\/5838"}],"wp:attachment":[{"href":"https:\/\/b2b.mideer.lt\/lv\/wp-json\/wp\/v2\/media?parent=5801"}],"wp:term":[{"taxonomy":"product_brand","embeddable":true,"href":"https:\/\/b2b.mideer.lt\/lv\/wp-json\/wp\/v2\/product_brand?post=5801"},{"taxonomy":"product_cat","embeddable":true,"href":"https:\/\/b2b.mideer.lt\/lv\/wp-json\/wp\/v2\/product_cat?post=5801"},{"taxonomy":"product_tag","embeddable":true,"href":"https:\/\/b2b.mideer.lt\/lv\/wp-json\/wp\/v2\/product_tag?post=5801"}],"curies":[{"name":"wp","href":"https:\/\/api.w.org\/{rel}","templated":true}]}}