{"id":5795,"date":"2025-11-05T08:11:03","date_gmt":"2025-11-05T08:11:03","guid":{"rendered":"https:\/\/b2b.mideer.lt\/product\/vandens-pagrindo-akriliniai-markeriai-80-spalvu\/"},"modified":"2026-04-19T07:30:16","modified_gmt":"2026-04-19T07:30:16","slug":"vandens-pagrindo-akriliniai-markeriai-80-spalvu","status":"publish","type":"product","link":"https:\/\/b2b.mideer.lt\/lv\/product\/vandens-pagrindo-akriliniai-markeriai-80-spalvu\/","title":{"rendered":"\u016adens b\u0101zes akrila mar\u0137ieri - 80 kr\u0101sas"},"content":{"rendered":"<p class=\"ds-markdown-paragraph\"><span style=\"font-size: 0.875rem\">mideer akrila mar\u0137ieru fani - SUPER MEGA akrila mar\u0137ieru komplekts! \u010cetras reizes vair\u0101k kr\u0101su iesp\u0113ju un z\u012bm\u0113\u0161anas prieka.<\/span><\/p>\n<p class=\"ds-markdown-paragraph\"><strong style=\"font-size: 0.875rem\">Galven\u0101s funkcijas:<\/strong><\/p>\n<ul>\n<li>\n<p class=\"ds-markdown-paragraph\"><strong>Spilgtas, pies\u0101tin\u0101tas kr\u0101sas<\/strong> - lielisks p\u0101rkl\u0101jums uz visda\u017e\u0101d\u0101kaj\u0101m virsm\u0101m, kr\u0101sas var k\u0101rtot vienu uz otras.<\/p>\n<\/li>\n<li>\n<p class=\"ds-markdown-paragraph\"><strong>Lietot\u0101jam draudz\u012bgs dizains<\/strong> - Nav nepiecie\u0161ama atskr\u016bv\u0113\u0161ana vai cita \u012bpa\u0161a sagatavo\u0161ana, un mar\u0137iera korpusa dizains ir \u0113rts mazu b\u0113rnu rok\u0101m.<\/p>\n<\/li>\n<li>\n<p class=\"ds-markdown-paragraph\"><strong>Dro\u0161s un nekait\u012bgs<\/strong> - \u016bdens b\u0101zes, bez toksisk\u0101m viel\u0101m un smar\u017eviel\u0101m, 100% ir dro\u0161s b\u0113rniem.<\/p>\n<\/li>\n<li>\n<p class=\"ds-markdown-paragraph\"><strong>\u0112rti uzglab\u0101t<\/strong> - ergonomisks iepakojuma dizains<\/p>\n<\/li>\n<\/ul>\n<p class=\"ds-markdown-paragraph\"><strong>Piel\u0101go\u0161ana:<\/strong><\/p>\n<ul>\n<li>\n<p class=\"ds-markdown-paragraph\">Ide\u0101li piem\u0113rots z\u012bm\u0113\u0161anai uz pap\u012bra, kartona, auduma, koka un cit\u0101m virsm\u0101m.<\/p>\n<\/li>\n<li>\n<p class=\"ds-markdown-paragraph\">Ide\u0101li piem\u0113rots rado\u0161iem uzdevumiem, dekor\u0113\u0161anai, rokdarbiem.<\/p>\n<\/li>\n<li>\n<p class=\"ds-markdown-paragraph\">Lieto\u0161anai kop\u0101 ar da\u017e\u0101diem Mideer rado\u0161ajiem komplektiem (piem\u0113ram, \u0123ip\u0161a fig\u016bru kr\u0101so\u0161anai).<\/p>\n<\/li>\n<\/ul>\n<p class=\"ds-markdown-paragraph\"><strong>Ieguvumi:<\/strong><\/p>\n<ul>\n<li>\n<p class=\"ds-markdown-paragraph\">Stimul\u0113 rado\u0161umu un m\u0101ksliniecisk\u0101s izpausmes.<\/p>\n<\/li>\n<li>\n<p class=\"ds-markdown-paragraph\">Att\u012bsta kr\u0101su uztveri un s\u012bko motoriku<\/p>\n<\/li>\n<li>\n<p class=\"ds-markdown-paragraph\">Piem\u0113rots lieto\u0161anai m\u0101j\u0101s, skol\u0101 vai rado\u0161\u0101s aktivit\u0101t\u0113s.<\/p>\n<\/li>\n<\/ul>\n<p><strong>Ieteicamais vecums:<\/strong> 4+<\/p>\n<p><strong>Iepakojuma izm\u0113ri: <\/strong>14 x 14 x 14 x 14 cm<\/p>","protected":false},"excerpt":{"rendered":"<p>mideer akrilini\u0173 markeri\u0173 gerb\u0117jams &#8211; SUPER MEGA akrilini\u0173 markeri\u0173 pakuot\u0117! Keturgubai daugiau spalv\u0173 galimybi\u0173 ir pie\u0161imo d\u017eiaugsmo. Pagrindin\u0117s savyb\u0117s: Ry\u0161kios, sodrios spalvos \u2013 puikiai dengia \u012fvairiausius pavir\u0161ius, spalvas galima sluoksniuoti vien\u0105 ant kitos Patogus naudojimosi dizainas \u2013 priemon\u0117s nereikia atsukin\u0117ti, ar kitaip specialiai pasiruo\u0161ti j\u0105 naudoti, markerio korpuso dizainas patogus nedidel\u0117ms vaiki\u0161koms rankoms Saug\u016bs ir nekenksmingi \u2013 pagaminti vandens pagrindu, be toksini\u0173 med\u017eiag\u0173 ir kvapikli\u0173, 100% saug\u016bs naudoti vaikams Patog\u016bs laikymui \u2013 ergonomi\u0161kas pakuot\u0117s dizainas Pritaikymas: Puikiai tinka pie\u0161imui ant popieriaus, kartono, audinio, med\u017eio ir kit\u0173 pavir\u0161i\u0173 Ideal\u016bs k\u016brybin\u0117ms u\u017eduotims, dekoravimui, rankdarbiams Naudojami su \u012fvairiais Mideer k\u016brybiniais rinkiniais (pvz., gipso fig\u016br\u0117li\u0173 da\u017eymui) Privalumai: Skatina k\u016brybi\u0161kum\u0105 ir menin\u0119 rai\u0161k\u0105 Ugdo spalv\u0173 suvokim\u0105 ir smulki\u0105j\u0105 motorik\u0105 Tinka naudoti namuose, mokykloje ar k\u016brybiniuose u\u017esi\u0117mimuose Am\u017eiaus rekomendacija: 4+ Pakuot\u0117s i\u0161matavimai: 14 x 14 x 14 cm<\/p>","protected":false},"featured_media":5824,"template":"","meta":[],"product_brand":[],"product_cat":[234,235,236,242,272,250,252,255,268,275],"product_tag":[],"class_list":{"0":"post-5795","1":"product","2":"type-product","3":"status-publish","4":"has-post-thumbnail","6":"product_cat-3-4-metai","7":"product_cat-5-6-metai","8":"product_cat-6-metai","9":"product_cat-dovanu-idejos","10":"product_cat-kaledines-dovanos","11":"product_cat-menai-ir-kurybiniai-uzsiemimai","12":"product_cat-meno-reikmenys","13":"product_cat-naujienos","14":"product_cat-spalvinimo-priemones","15":"product_cat-visos-meno-prekes","17":"first","18":"instock","19":"taxable","20":"shipping-taxable","21":"product-type-simple"},"jetpack_sharing_enabled":true,"_links":{"self":[{"href":"https:\/\/b2b.mideer.lt\/lv\/wp-json\/wp\/v2\/product\/5795"}],"collection":[{"href":"https:\/\/b2b.mideer.lt\/lv\/wp-json\/wp\/v2\/product"}],"about":[{"href":"https:\/\/b2b.mideer.lt\/lv\/wp-json\/wp\/v2\/types\/product"}],"wp:featuredmedia":[{"embeddable":true,"href":"https:\/\/b2b.mideer.lt\/lv\/wp-json\/wp\/v2\/media\/5824"}],"wp:attachment":[{"href":"https:\/\/b2b.mideer.lt\/lv\/wp-json\/wp\/v2\/media?parent=5795"}],"wp:term":[{"taxonomy":"product_brand","embeddable":true,"href":"https:\/\/b2b.mideer.lt\/lv\/wp-json\/wp\/v2\/product_brand?post=5795"},{"taxonomy":"product_cat","embeddable":true,"href":"https:\/\/b2b.mideer.lt\/lv\/wp-json\/wp\/v2\/product_cat?post=5795"},{"taxonomy":"product_tag","embeddable":true,"href":"https:\/\/b2b.mideer.lt\/lv\/wp-json\/wp\/v2\/product_tag?post=5795"}],"curies":[{"name":"wp","href":"https:\/\/api.w.org\/{rel}","templated":true}]}}