{"id":5793,"date":"2025-11-05T08:11:01","date_gmt":"2025-11-05T08:11:01","guid":{"rendered":"https:\/\/b2b.mideer.lt\/product\/dvispalviai-akriliniai-markeriai-32-spalvu\/"},"modified":"2026-04-22T07:31:31","modified_gmt":"2026-04-22T07:31:31","slug":"dvispalviai-akriliniai-markeriai-32-spalvu","status":"publish","type":"product","link":"https:\/\/b2b.mideer.lt\/lv\/product\/dvispalviai-akriliniai-markeriai-32-spalvu\/","title":{"rendered":"Dvispalviai akriliniai markeriai &#8211; 16 spalv\u0173"},"content":{"rendered":"<p class=\"ds-markdown-paragraph\">\u0160is ir profesion\u0101las kvalit\u0101tes m\u0101kslas materi\u0101ls, kas paredz\u0113ts jauno m\u0101kslinieku izgl\u012bto\u0161anai, ar divreiz liel\u0101k\u0101m rado\u0161aj\u0101m iesp\u0113j\u0101m un divreiz vair\u0101k vietas!<\/p>\n<p class=\"ds-markdown-paragraph\"><strong>Galven\u0101s funkcijas:<\/strong><\/p>\n<ul>\n<li>\n<p class=\"ds-markdown-paragraph\"><strong>Divas spilgtas kr\u0101sas vien\u0101 mar\u0137ier\u0101<\/strong> - katram mar\u0137ierim ir divi da\u017e\u0101du kr\u0101su uzga\u013ci, kas \u013cauj veidot daudzveid\u012bg\u0101kas kompoz\u012bcijas.<\/p>\n<\/li>\n<li>\n<p class=\"ds-markdown-paragraph\"><strong>Bag\u0101ti, intens\u012bvi pigmenti<\/strong> - lielisks virsmas p\u0101rkl\u0101jums, \u013cauj sl\u0101\u0146ot kr\u0101sas<\/p>\n<\/li>\n<li>\n<p class=\"ds-markdown-paragraph\"><strong>\u0112rts korpusa dizains<\/strong> - nav nepiecie\u0161ama sagatavo\u0161ana, viegli lietojams maz\u0101m b\u0113rnu rok\u0101m<\/p>\n<\/li>\n<li>\n<p class=\"ds-markdown-paragraph\"><strong>Iztur\u012bgas, iztur\u012bgas sprauslas<\/strong> - \u012bpa\u0161i izstr\u0101d\u0101ts t\u0101, lai to var\u0113tu lietot b\u0113rni, \u013caujot z\u012bm\u0113t da\u017e\u0101da biezuma l\u012bnijas.<\/p>\n<\/li>\n<li>\n<p class=\"ds-markdown-paragraph\"><strong>Dro\u0161s un nekait\u012bgs<\/strong> - \u016bdens b\u0101zes, bez toksisk\u0101m viel\u0101m un smar\u017eviel\u0101m.<\/p>\n<\/li>\n<\/ul>\n<p class=\"ds-markdown-paragraph\"><strong>Kolekcijas sast\u0101vs:<\/strong><\/p>\n<ul>\n<li>\n<p class=\"ds-markdown-paragraph\">8 divkr\u0101su akrila mar\u0137ieri ar \u0161\u0137idru tinti<\/p>\n<\/li>\n<li>\n<p class=\"ds-markdown-paragraph\">16 unik\u0101las kr\u0101sas<\/p>\n<\/li>\n<\/ul>\n<p class=\"ds-markdown-paragraph\"><strong>Piel\u0101go\u0161ana:<\/strong><\/p>\n<ul>\n<li>\n<p class=\"ds-markdown-paragraph\">Ide\u0101li piem\u0113rots z\u012bm\u0113\u0161anai uz pap\u012bra, kartona, auduma, koka un cit\u0101m virsm\u0101m.<\/p>\n<\/li>\n<li>\n<p class=\"ds-markdown-paragraph\">Ide\u0101li piem\u0113rots rado\u0161iem uzdevumiem, dekor\u0113\u0161anai, rokdarbiem.<\/p>\n<\/li>\n<li>\n<p class=\"ds-markdown-paragraph\">Lieto\u0161anai ar da\u017e\u0101diem Mideer rado\u0161ajiem komplektiem (\u0123ip\u0161a fig\u016bru glezno\u0161ana, aerogr\u0101fijas m\u0101la komplekts u. c.)<\/p>\n<\/li>\n<li>\n<p class=\"ds-markdown-paragraph\">Piem\u0113rots visiem m\u0101kslas darbiem un br\u012bvai rado\u0161ai izpausmei.<\/p>\n<\/li>\n<\/ul>\n<p class=\"ds-markdown-paragraph\"><strong>Ieguvumi:<\/strong><\/p>\n<ul>\n<li>\n<p class=\"ds-markdown-paragraph\">Stimul\u0113 rado\u0161umu un m\u0101ksliniecisko izt\u0113li.<\/p>\n<\/li>\n<li>\n<p class=\"ds-markdown-paragraph\">Att\u012bsta kr\u0101su uztveri un saska\u0146o\u0161anas prasmes<\/p>\n<\/li>\n<li>\n<p class=\"ds-markdown-paragraph\">Att\u012bsta s\u012bko motoriku un roku-acu koordin\u0101ciju.<\/p>\n<\/li>\n<li>\n<p class=\"ds-markdown-paragraph\">liek eksperiment\u0113t ar kr\u0101su kombin\u0101cij\u0101m<\/p>\n<\/li>\n<li>\n<p class=\"ds-markdown-paragraph\">Piem\u0113rots lieto\u0161anai m\u0101j\u0101s, pirmsskolas iest\u0101d\u0113s, rado\u0161aj\u0101s grup\u0101s.<\/p>\n<\/li>\n<\/ul>\n<p class=\"ds-markdown-paragraph\"><strong>Ieteicamais vecums:<\/strong> 4+<\/p>\n<p class=\"ds-markdown-paragraph\"><strong>Kastes izm\u0113ri: <\/strong>15,3 x 10,5 x 1,4 cm<\/p>","protected":false},"excerpt":{"rendered":"<p>Tai profesionalios kokyb\u0117s menin\u0117 med\u017eiaga, skirta jauniems menininkams ugdyti, suteikianti dvigubai daugiau k\u016brybini\u0173 galimybi\u0173 ir u\u017eimanti dvigubai ma\u017eiau vietos! Pagrindin\u0117s savyb\u0117s: Dvi ry\u0161kios spalvos viename \u017eymeklyje \u2013 kiekvienas \u017eymeklis turi du skirting\u0173 spalv\u0173 antgalius, leid\u017eian\u010dius kurti \u012fvairesnes kompozicijas Sodr\u016bs, intensyv\u016bs pigmentai \u2013 puikiai dengia pavir\u0161i\u0173, leid\u017eia sluoknsniuoti spalvas Patogus korpuso dizainas \u2013 nereikia jokio pasiruo\u0161imo, patog\u016bs naudoti nedidel\u0117ms vaiko rankoms Patvar\u016bs, tvirti antgaliai \u2013 specialiai suprojektuoti atlaikyti vaik\u0173 naudojim\u0105, leid\u017eia pie\u0161ti \u012fvairaus storio linijas Saug\u016bs ir nekenksmingi \u2013 pagaminti vandens pagrindu, be toksini\u0173 med\u017eiag\u0173 ir kvapikli\u0173 Rinkinio sud\u0117tis: 8 dvispalvi\u0173 akrilini\u0173 \u017eymekli\u0173 su skystais da\u017eais 16 unikali\u0173 spalv\u0173 Pritaikymas: Puikiai tinka pie\u0161imui ant popieriaus, karton\u0173, audinio, med\u017eio ir kit\u0173 pavir\u0161i\u0173 Ideal\u016bs k\u016brybin\u0117ms u\u017eduotims, dekoravimui, rankdarbiams Naudojami su \u012fvairiais Mideer k\u016brybiniais rinkiniais (gipso fig\u016br\u0117li\u0173 da\u017eymui, orinio molio rinkiniui ir t.t.) Tinka visiems meniniams darbams ir laisvai k\u016brybinei rai\u0161kai Privalumai: Skatina k\u016brybi\u0161kum\u0105 ir menin\u0119 vaizduot\u0119 Ugdo spalv\u0173 suvokim\u0105 ir derinimo \u012fg\u016bd\u017eius Lavina smulki\u0105j\u0105 motorik\u0105 ir rank\u0173 &#8211; aki\u0173 koordinacij\u0105 Ver\u010dia eksperimentuoti su spalv\u0173 deriniais Tinka naudoti namuose, ikimokyklin\u0117se \u012fstaigose, k\u016brybiniuose b\u016breliuose Rekomenduojamas am\u017eius: 4+ D\u0117\u017eut\u0117s i\u0161matavimai: 15,3 x 10,5 x 1,4 cm<\/p>","protected":false},"featured_media":5820,"template":"","meta":[],"product_brand":[],"product_cat":[234,235,236,250,252,254,255,268,275],"product_tag":[],"class_list":{"0":"post-5793","1":"product","2":"type-product","3":"status-publish","4":"has-post-thumbnail","6":"product_cat-3-4-metai","7":"product_cat-5-6-metai","8":"product_cat-6-metai","9":"product_cat-menai-ir-kurybiniai-uzsiemimai","10":"product_cat-meno-reikmenys","11":"product_cat-mokyklos-reikmenys","12":"product_cat-naujienos","13":"product_cat-spalvinimo-priemones","14":"product_cat-visos-meno-prekes","16":"first","17":"outofstock","18":"taxable","19":"shipping-taxable","20":"product-type-simple"},"jetpack_sharing_enabled":true,"_links":{"self":[{"href":"https:\/\/b2b.mideer.lt\/lv\/wp-json\/wp\/v2\/product\/5793"}],"collection":[{"href":"https:\/\/b2b.mideer.lt\/lv\/wp-json\/wp\/v2\/product"}],"about":[{"href":"https:\/\/b2b.mideer.lt\/lv\/wp-json\/wp\/v2\/types\/product"}],"wp:featuredmedia":[{"embeddable":true,"href":"https:\/\/b2b.mideer.lt\/lv\/wp-json\/wp\/v2\/media\/5820"}],"wp:attachment":[{"href":"https:\/\/b2b.mideer.lt\/lv\/wp-json\/wp\/v2\/media?parent=5793"}],"wp:term":[{"taxonomy":"product_brand","embeddable":true,"href":"https:\/\/b2b.mideer.lt\/lv\/wp-json\/wp\/v2\/product_brand?post=5793"},{"taxonomy":"product_cat","embeddable":true,"href":"https:\/\/b2b.mideer.lt\/lv\/wp-json\/wp\/v2\/product_cat?post=5793"},{"taxonomy":"product_tag","embeddable":true,"href":"https:\/\/b2b.mideer.lt\/lv\/wp-json\/wp\/v2\/product_tag?post=5793"}],"curies":[{"name":"wp","href":"https:\/\/api.w.org\/{rel}","templated":true}]}}