{"id":5791,"date":"2025-11-05T08:11:00","date_gmt":"2025-11-05T08:11:00","guid":{"rendered":"https:\/\/b2b.mideer.lt\/product\/pasidaryk-pats-rinkinys-muzikos-instrumentai\/"},"modified":"2026-04-19T07:30:16","modified_gmt":"2026-04-19T07:30:16","slug":"pasidaryk-pats-rinkinys-muzikos-instrumentai","status":"publish","type":"product","link":"https:\/\/b2b.mideer.lt\/lv\/product\/pasidaryk-pats-rinkinys-muzikos-instrumentai\/","title":{"rendered":"DIY komplekts - m\u016bzika"},"content":{"rendered":"<p class=\"ds-markdown-paragraph\">\u0160\u012b mideer DIY aktivit\u0101\u0161u komplektu s\u0113rija aptver tr\u012bs da\u017e\u0101das t\u0113mas - ska\u0146as, optiku un kust\u012bbu. T\u0101 ne tikai att\u012bsta j\u016bsu b\u0113rna motorisk\u0101s prasmes, bet ar\u012b rosina zin\u0101tk\u0101ri un iepaz\u012bstina ar fizikas pamat\u012bpa\u0161\u012bb\u0101m.<\/p>\n<p class=\"ds-markdown-paragraph\"><strong>DIY komplekts - m\u016bzikas instrumentu m\u0113r\u0137is:<\/strong> Iepaz\u012bstina ar ska\u0146as fizikas principiem, izmantojot m\u016bzikas instrumentu ra\u017eo\u0161anu.<\/p>\n<p class=\"ds-markdown-paragraph\"><strong>Komplektu var izmantot, lai izgatavotu:<\/strong><\/p>\n<ul>\n<li>\n<p class=\"ds-markdown-paragraph\"><strong>Fleita<\/strong> - p\u016b\u0161aminstruments<\/p>\n<\/li>\n<li>\n<p class=\"ds-markdown-paragraph\"><strong>Bungas<\/strong> - sitamie instrumenti<\/p>\n<\/li>\n<li>\n<p class=\"ds-markdown-paragraph\"><strong>Kankl\u0117s<\/strong> - st\u012bgu instruments<\/p>\n<\/li>\n<li>\n<p class=\"ds-markdown-paragraph\"><strong>Maracas<\/strong> - p\u016b\u0161aminstruments<\/p>\n<\/li>\n<\/ul>\n<p class=\"ds-markdown-paragraph\"><strong>Kolekcijas sast\u0101vs:<\/strong><\/p>\n<ul>\n<li>\n<p class=\"ds-markdown-paragraph\">5 izdruk\u0101tas darba lapas ar vingrin\u0101jumiem<\/p>\n<\/li>\n<li>\n<p class=\"ds-markdown-paragraph\">8 plastmasas caurul\u012btes<\/p>\n<\/li>\n<li>\n<p class=\"ds-markdown-paragraph\">2 bungu n\u016bji\u0146as<\/p>\n<\/li>\n<li>\n<p class=\"ds-markdown-paragraph\">4 gumijas lentes<\/p>\n<\/li>\n<li>\n<p class=\"ds-markdown-paragraph\">8 kor\u0137i<\/p>\n<\/li>\n<li>\n<p class=\"ds-markdown-paragraph\">1 PVC panelis<\/p>\n<\/li>\n<li>\n<p class=\"ds-markdown-paragraph\">1 kartona pamatne<\/p>\n<\/li>\n<li>\n<p class=\"ds-markdown-paragraph\">1 abpus\u0113ji l\u012bmlente<\/p>\n<\/li>\n<li>\n<p class=\"ds-markdown-paragraph\">1 pergamenta pap\u012brs<\/p>\n<\/li>\n<\/ul>\n<p class=\"ds-markdown-paragraph\"><strong>Izgl\u012bt\u012bbas ieguvumi:<\/strong><\/p>\n<ul>\n<li>\n<p class=\"ds-markdown-paragraph\">Izpratne par ska\u0146as vi\u013c\u0146u principiem<\/p>\n<\/li>\n<li>\n<p class=\"ds-markdown-paragraph\">Muzik\u0101l\u0101s gaumes att\u012bst\u012b\u0161ana<\/p>\n<\/li>\n<li>\n<p class=\"ds-markdown-paragraph\">Amatniec\u012bbas prasmju apm\u0101c\u012bba<\/p>\n<\/li>\n<\/ul>\n<p><strong>Lieliska d\u0101vana: <\/strong>Skol\u0113niem, kuriem pat\u012bk eksperimenti, in\u017eenierija un atkl\u0101jumi! Izstr\u0101d\u0101ts, lai audzin\u0101tu n\u0101kotnes zin\u0101tniekus un izgudrot\u0101jus.<\/p>\n<p><strong>Ieteicamais vecums:<\/strong> 8+<\/p>\n<p><strong>Iepakojuma izm\u0113rs:<\/strong> 30 \u00d7 21 \u00d7 2,5 cm<\/p>","protected":false},"excerpt":{"rendered":"<p>\u0160i mideer &#8220;Pasidaryk pats&#8221; veiklos rinkini\u0173 serija apima i\u0161 viso tris skirtingas temas &#8211; garsus, optik\u0105 ir judes\u012f. Tai ne tik lavina vaiko motorikos \u012fg\u016bd\u017eius, bet ir skatina smalsum\u0105, bei supa\u017eindina su pagrindin\u0117mis fizikos savyb\u0117mis. Pasidaryk pats rinkinys &#8211; muzikos instrumentai tikslas: Supa\u017eindina su garso fizikos principais per muzikini\u0173 instrument\u0173 gamyb\u0105 Rinkinyje galima pasigaminti: Fleita \u2013 v\u0117jo instrumentas B\u016bgnas \u2013 mu\u0161amasis instrumentas Kankl\u0117s \u2013 styginis instrumentas Marakasai \u2013 pu\u010diamasis instrumentas Rinkinio sud\u0117tis: 5 spausdinti lapai su u\u017eduotimis 8 plastikiniai vamzdeliai 2 b\u016bgno lazdel\u0117s 4 gumin\u0117s juostos 8 kam\u0161\u010diai 1 PVC plok\u0161t\u0117 1 kartono pagrindas 1 dvipus\u0117 lipni juosta 1 pergamento popierius Ugdomieji privalumai: Garso bang\u0173 princip\u0173 pa\u017einimas Muzikinio skonio ugdymas Rank\u0173 darbo \u012fg\u016bd\u017ei\u0173 lavinimas Puiki dovana: Moksleiviams, m\u0117gstantiems eksperimentus, in\u017einerij\u0105 ir atradimus! Skirta ateities mokslininkams ir i\u0161rad\u0117jams ugdyti. Am\u017eiaus rekomendacija: 8+ Pakuot\u0117s dydis: 30 \u00d7 21 \u00d7 2,5 cm<\/p>","protected":false},"featured_media":5809,"template":"","meta":[],"product_brand":[],"product_cat":[236,245,250,255,263,275,276],"product_tag":[],"class_list":{"0":"post-5791","1":"product","2":"type-product","3":"status-publish","4":"has-post-thumbnail","6":"product_cat-6-metai","7":"product_cat-kurybiniu-uzduociu-knygeles","8":"product_cat-menai-ir-kurybiniai-uzsiemimai","9":"product_cat-naujienos","10":"product_cat-pasidaryk-pats","11":"product_cat-visos-meno-prekes","12":"product_cat-zaislai-ir-zaidimai","14":"first","15":"instock","16":"taxable","17":"shipping-taxable","18":"product-type-simple"},"jetpack_sharing_enabled":true,"_links":{"self":[{"href":"https:\/\/b2b.mideer.lt\/lv\/wp-json\/wp\/v2\/product\/5791"}],"collection":[{"href":"https:\/\/b2b.mideer.lt\/lv\/wp-json\/wp\/v2\/product"}],"about":[{"href":"https:\/\/b2b.mideer.lt\/lv\/wp-json\/wp\/v2\/types\/product"}],"wp:featuredmedia":[{"embeddable":true,"href":"https:\/\/b2b.mideer.lt\/lv\/wp-json\/wp\/v2\/media\/5809"}],"wp:attachment":[{"href":"https:\/\/b2b.mideer.lt\/lv\/wp-json\/wp\/v2\/media?parent=5791"}],"wp:term":[{"taxonomy":"product_brand","embeddable":true,"href":"https:\/\/b2b.mideer.lt\/lv\/wp-json\/wp\/v2\/product_brand?post=5791"},{"taxonomy":"product_cat","embeddable":true,"href":"https:\/\/b2b.mideer.lt\/lv\/wp-json\/wp\/v2\/product_cat?post=5791"},{"taxonomy":"product_tag","embeddable":true,"href":"https:\/\/b2b.mideer.lt\/lv\/wp-json\/wp\/v2\/product_tag?post=5791"}],"curies":[{"name":"wp","href":"https:\/\/api.w.org\/{rel}","templated":true}]}}