{"id":5788,"date":"2025-11-05T08:10:58","date_gmt":"2025-11-05T08:10:58","guid":{"rendered":"https:\/\/b2b.mideer.lt\/product\/pasidaryk-pats-rinkinys-mechanika\/"},"modified":"2026-04-19T07:30:16","modified_gmt":"2026-04-19T07:30:16","slug":"pasidaryk-pats-rinkinys-mechanika","status":"publish","type":"product","link":"https:\/\/b2b.mideer.lt\/lv\/product\/pasidaryk-pats-rinkinys-mechanika\/","title":{"rendered":"DIY komplekts - meh\u0101nika"},"content":{"rendered":"<p class=\"ds-markdown-paragraph\">\u0160\u012b mideer DIY aktivit\u0101\u0161u komplektu s\u0113rija aptver tr\u012bs da\u017e\u0101das t\u0113mas - ska\u0146as, optiku un kust\u012bbu. T\u0101 ne tikai att\u012bsta j\u016bsu b\u0113rna motorisk\u0101s prasmes, bet ar\u012b rosina zin\u0101tk\u0101ri un iepaz\u012bstina ar fizikas pamat\u012bpa\u0161\u012bb\u0101m.<\/p>\n<p class=\"ds-markdown-paragraph\"><strong>DIY komplekts - m\u016bzikas instrumentu m\u0113r\u0137is:<\/strong>Atkl\u0101jiet kust\u012bbas, gravit\u0101cijas un ener\u0123ijas principus.<\/p>\n<p class=\"ds-markdown-paragraph\"><strong>Komplekt\u0101 ietilpst:<\/strong><\/p>\n<ul>\n<li>\n<p class=\"ds-markdown-paragraph\"><strong>Rot\u0113jo\u0161s karuselis<\/strong> - rot\u0101cijas kust\u012bba<\/p>\n<\/li>\n<li>\n<p class=\"ds-markdown-paragraph\"><strong>Lidma\u0161\u012bna<\/strong> - aerodinamikas principi<\/p>\n<\/li>\n<li>\n<p class=\"ds-markdown-paragraph\"><strong>Katapulta<\/strong> - elast\u012bga ener\u0123ija<\/p>\n<\/li>\n<li>\n<p class=\"ds-markdown-paragraph\"><strong>Lifts<\/strong> - skrieme\u013cu sist\u0113ma<\/p>\n<\/li>\n<\/ul>\n<p class=\"ds-markdown-paragraph\"><strong>Kolekcijas sast\u0101vs:<\/strong><\/p>\n<ul>\n<li>\n<p class=\"ds-markdown-paragraph\">7 druk\u0101tie dokumenti<\/p>\n<\/li>\n<li>\n<p class=\"ds-markdown-paragraph\">6 koka koci\u0146i<\/p>\n<\/li>\n<li>\n<p class=\"ds-markdown-paragraph\">2 bumbi\u0146as<\/p>\n<\/li>\n<li>\n<p class=\"ds-markdown-paragraph\">2 gumijas lentes<\/p>\n<\/li>\n<li>\n<p class=\"ds-markdown-paragraph\">1 caurule<\/p>\n<\/li>\n<li>\n<p class=\"ds-markdown-paragraph\">1 virve<\/p>\n<\/li>\n<li>\n<p class=\"ds-markdown-paragraph\">1 koka panelis<\/p>\n<\/li>\n<li>\n<p class=\"ds-markdown-paragraph\">3 kartona pamatnes<\/p>\n<\/li>\n<li>\n<p class=\"ds-markdown-paragraph\">1 EVA gumija<\/p>\n<\/li>\n<li>\n<p class=\"ds-markdown-paragraph\">1 abpus\u0113ji l\u012bmlente<\/p>\n<\/li>\n<li>\n<p class=\"ds-markdown-paragraph\">1 pa\u0161l\u012bm\u0113jo\u0161\u0101 lente<\/p>\n<\/li>\n<\/ul>\n<p class=\"ds-markdown-paragraph\"><strong>Izgl\u012bt\u012bbas ieguvumi:<\/strong><\/p>\n<ul>\n<li>\n<p class=\"ds-markdown-paragraph\">Zinot fizikas likumus<\/p>\n<\/li>\n<li>\n<p class=\"ds-markdown-paragraph\">In\u017eeniertehnisk\u0101s dom\u0101\u0161anas att\u012bst\u012b\u0161ana<\/p>\n<\/li>\n<li>\n<p class=\"ds-markdown-paragraph\">Probl\u0113mu risin\u0101\u0161anas prasmju att\u012bst\u012b\u0161ana<\/p>\n<\/li>\n<\/ul>\n<p><strong>Lieliska d\u0101vana: <\/strong>Skol\u0113niem, kuriem pat\u012bk eksperimenti, in\u017eenierija un atkl\u0101jumi! Izstr\u0101d\u0101ts, lai audzin\u0101tu n\u0101kotnes zin\u0101tniekus un izgudrot\u0101jus.<\/p>\n<p><strong>Ieteicamais vecums:<\/strong> 8+<\/p>\n<p><strong>Iepakojuma izm\u0113rs:<\/strong> 30 \u00d7 21 \u00d7 4,5 cm<\/p>","protected":false},"excerpt":{"rendered":"<p>\u0160i mideer &#8220;Pasidaryk pats&#8221; veiklos rinkini\u0173 serija apima i\u0161 viso tris skirtingas temas &#8211; garsus, optik\u0105 ir judes\u012f. Tai ne tik lavina vaiko motorikos \u012fg\u016bd\u017eius, bet ir skatina smalsum\u0105, bei supa\u017eindina su pagrindin\u0117mis fizikos savyb\u0117mis. Pasidaryk pats rinkinys &#8211; muzikos instrumentai tikslas:Atskleid\u017eia judesio, gravitacijos ir energijos principais Rinkinyje galima susikurti: Sukamoji karusel\u0117 \u2013 sukamasis judesys L\u0117ktuvas \u2013 aerodinamikos principai Katapulta \u2013 tamprioj\u012f energij\u0105 Keltuvas \u2013 skriemulio sistema Rinkinio sud\u0117tis: 7 spausdinti popieriai 6 medin\u0117s lazdel\u0117s 2 rutuliai 2 gumos juostos 1 vamzdelis 1 virv\u0117 1 medin\u0117 plok\u0161t\u0117 3 kartoniniai pagrindai 1 EVA guma 1 dvipus\u0117 lipni juosta 1 savaiminio klijavimo juosta Ugdomieji privalumai: Fizikos d\u0117sni\u0173 pa\u017einimas In\u017einerinio m\u0105stymo ugdymas Problem\u0173 sprendimo \u012fg\u016bd\u017ei\u0173 lavinimas Puiki dovana: Moksleiviams, m\u0117gstantiems eksperimentus, in\u017einerij\u0105 ir atradimus! Skirta ateities mokslininkams ir i\u0161rad\u0117jams ugdyti. Am\u017eiaus rekomendacija: 8+ Pakuot\u0117s dydis: 30 \u00d7 21 \u00d7 4,5 cm<\/p>","protected":false},"featured_media":5790,"template":"","meta":[],"product_brand":[],"product_cat":[236,245,250,255,263,275,276],"product_tag":[],"class_list":{"0":"post-5788","1":"product","2":"type-product","3":"status-publish","4":"has-post-thumbnail","6":"product_cat-6-metai","7":"product_cat-kurybiniu-uzduociu-knygeles","8":"product_cat-menai-ir-kurybiniai-uzsiemimai","9":"product_cat-naujienos","10":"product_cat-pasidaryk-pats","11":"product_cat-visos-meno-prekes","12":"product_cat-zaislai-ir-zaidimai","14":"first","15":"instock","16":"taxable","17":"shipping-taxable","18":"product-type-simple"},"jetpack_sharing_enabled":true,"_links":{"self":[{"href":"https:\/\/b2b.mideer.lt\/lv\/wp-json\/wp\/v2\/product\/5788"}],"collection":[{"href":"https:\/\/b2b.mideer.lt\/lv\/wp-json\/wp\/v2\/product"}],"about":[{"href":"https:\/\/b2b.mideer.lt\/lv\/wp-json\/wp\/v2\/types\/product"}],"wp:featuredmedia":[{"embeddable":true,"href":"https:\/\/b2b.mideer.lt\/lv\/wp-json\/wp\/v2\/media\/5790"}],"wp:attachment":[{"href":"https:\/\/b2b.mideer.lt\/lv\/wp-json\/wp\/v2\/media?parent=5788"}],"wp:term":[{"taxonomy":"product_brand","embeddable":true,"href":"https:\/\/b2b.mideer.lt\/lv\/wp-json\/wp\/v2\/product_brand?post=5788"},{"taxonomy":"product_cat","embeddable":true,"href":"https:\/\/b2b.mideer.lt\/lv\/wp-json\/wp\/v2\/product_cat?post=5788"},{"taxonomy":"product_tag","embeddable":true,"href":"https:\/\/b2b.mideer.lt\/lv\/wp-json\/wp\/v2\/product_tag?post=5788"}],"curies":[{"name":"wp","href":"https:\/\/api.w.org\/{rel}","templated":true}]}}