{"id":5668,"date":"2025-09-25T12:34:02","date_gmt":"2025-09-25T12:34:02","guid":{"rendered":"https:\/\/b2b.mideer.lt\/product\/kurybinis-rinkinys-magiskas-floristas\/"},"modified":"2026-04-26T07:30:31","modified_gmt":"2026-04-26T07:30:31","slug":"kurybinis-rinkinys-magiskas-floristas","status":"publish","type":"product","link":"https:\/\/b2b.mideer.lt\/lv\/product\/kurybinis-rinkinys-magiskas-floristas\/","title":{"rendered":"Rado\u0161ais komplekts - Magic Florist"},"content":{"rendered":"<p>M\u0101ksla satiekas ar zin\u0101tni - v\u0113rojiet, k\u0101 uzplaukst rado\u0161ums! \u0160is rado\u0161ais komplekts \u013cauj b\u0113rniem izp\u0113t\u012bt <b>STEAM<\/b> principi caur burvju ziedu amatniec\u012bbu! Ar vair\u0101k nek\u0101 <b>77 atk\u0101rtoti lietojami pas\u0101kumi<\/b>, <b>vec\u0101ki par 6 gadiem<\/b> B\u0113rni var eksperiment\u0113t ar spilgtu kr\u0101su uzs\u016bk\u0161anos, k\u0101rtot tintes rakstus un veidot satrieco\u0161as ziedu kompoz\u012bcijas, vienlaikus apg\u016bstot zin\u0101\u0161anas par hromatogr\u0101fiju un kr\u0101su teoriju. Ide\u0101li piem\u0113rots gan topo\u0161ajiem m\u0101ksliniekiem, gan mazajiem zin\u0101tniekiem!<\/p>\n<ul>\n<li><b>2 kr\u0101so\u0161anas tehnikas<\/b>: kr\u0101su izlie\u0161ana uz absorb\u0113jo\u0161a pap\u012bra un tintes kl\u0101jums uz filtra auduma, lai rad\u012btu unik\u0101lus ziedu m\u0101kslas darbus.<\/li>\n<li><b>8+ ziedu veidi<\/b>D\u0101lijas, hortenzijas, lilijas un citi ziedi - kombin\u0113jiet kr\u0101sas, lai izveidotu unik\u0101lus pu\u0161\u0137us.<\/li>\n<li><b>77 gabalu lieto\u0161anai gatavs komplekts<\/b>: kart\u012btes, v\u0101zes veidot\u0101ji un veidnes, lai j\u016bs var\u0113tu s\u0101kt darbu vien\u0101 mirkl\u012b.<\/li>\n<li><b>Slepenas STEAM nodarb\u012bbas<\/b>: kr\u0101su teorijas un \u0161\u0137idrumu dif\u016bzijas m\u0101c\u012b\u0161ana, izmantojot praktisku sp\u0113li.<\/li>\n<\/ul>\n<hr \/>\n<ul>\n<li><b>Vecums<\/b>: 6+<\/li>\n<li><b>Kastes izm\u0113ri<\/b>: 30,5 cm x 25,5 cm x 6 cm<\/li>\n<li><b>Ietver<\/b>: 4 ziedu pap\u012bra formas, 8 ziedu pap\u012bra formas, 15 aureolu galvi\u0146as, 15 aureolu vates, 7 ziedu tur\u0113t\u0101ji, 15 ziedu stubl\u0101ji, 1 zelta kr\u012bts, 1 pipete, 4 abpus\u0113jas uzl\u012bmes, 1 kart\u012bte, 1 pu\u0161\u0137u pap\u012brs, 1 lente, 3 kr\u0101sainas tintes, 1 kr\u0101so\u0161anas ier\u012bce, 2 lieto\u0161anas pam\u0101c\u012bbas.<\/li>\n<li><b>Pieejams no<\/b>: pap\u012brs, audums, plastmasa, tinte<\/li>\n<\/ul>","protected":false},"excerpt":{"rendered":"<p>Menas susitinka su mokslu \u2013 steb\u0117k, kaip \u017eydi k\u016bryba! \u0160is k\u016brybinis rinkinys leid\u017eia vaikams tyrin\u0117ti STEAM principus per stebuklingus g\u0117li\u0173 rankdarbius! Su daugiau nei 77 daugkartinio naudojimo priemon\u0117mis, vyresni nei 6 met\u0173 vaikai gali eksperimentuoti su ry\u0161ki\u0173 spalv\u0173 \u012fsigeriamumu, sluoksniuoti ra\u0161alo ra\u0161tus ir kurti stulbinan\u010dias g\u0117li\u0173 kompozicijas, kartu mokydamiesi chromatografijos ir spalv\u0173 teorijos. Puikiai tinka tiek pradedantiesiems menininkams, tiek ma\u017eiems mokslininkams! 2 da\u017eymo technikos: spalv\u0173 i\u0161siliejimas ant sugeriamojo popieriaus ir ra\u0161alo sluoksniavimas ant filtrinio audinio, norint sukurti unikalius g\u0117li\u0173 meno k\u016brinius. 8+ g\u0117li\u0173 r\u016b\u0161ys: jurginai, hortenzijos, lelijos ir kitos \u2013 mai\u0161ykite spalvas, kad sukurtum\u0117te unikalias puok\u0161tes. 77 dali\u0173 paruo\u0161tas naudoti rinkinys: yra kortel\u0117s, vaz\u0173 k\u016brimo priemon\u0117s ir \u0161ablonai, skirti akimirksniu prad\u0117ti kurti. Slaptos STEAM pamokos: mokoma spalv\u0173 teorijos ir skys\u010di\u0173 difuzijos per praktin\u012f \u017eaidim\u0105. Am\u017eius: 6+ D\u0117\u017eut\u0117s i\u0161matavimai: 30,5 cm x 25,5 cm x 6 cm \u012e komplekt\u0105 \u012feina: 4 g\u0117li\u0173 popieriaus formos, 8 g\u0117li\u0173 popieriaus formos, 15 aureoli\u0173 galvu\u010di\u0173, 15 aureoli\u0173 vatos, 7 g\u0117li\u0173 laikikliai, 15 g\u0117li\u0173 stiebeli\u0173, 1 auksin\u0117 kreida, 1 pipet\u0117, 4 dvipusiai lipdukai, 1 atvirukas, 1 puok\u0161t\u0117s popierius, 1 juostel\u0117, 3 spalvoti ra\u0161alai, 1 da\u017eymo prietaisas, 2 instrukcij\u0173 vadovai Med\u017eiaga: popierius, audinys, plastikas, ra\u0161alas<\/p>","protected":false},"featured_media":5722,"template":"","meta":[],"product_brand":[],"product_cat":[236,239,242,272,250,252,255,263,275,276],"product_tag":[],"class_list":{"0":"post-5668","1":"product","2":"type-product","3":"status-publish","4":"has-post-thumbnail","6":"product_cat-6-metai","7":"product_cat-daugiau-zaislu-ir-zaidimu","8":"product_cat-dovanu-idejos","9":"product_cat-kaledines-dovanos","10":"product_cat-menai-ir-kurybiniai-uzsiemimai","11":"product_cat-meno-reikmenys","12":"product_cat-naujienos","13":"product_cat-pasidaryk-pats","14":"product_cat-visos-meno-prekes","15":"product_cat-zaislai-ir-zaidimai","17":"first","18":"instock","19":"taxable","20":"shipping-taxable","21":"product-type-simple"},"jetpack_sharing_enabled":true,"_links":{"self":[{"href":"https:\/\/b2b.mideer.lt\/lv\/wp-json\/wp\/v2\/product\/5668"}],"collection":[{"href":"https:\/\/b2b.mideer.lt\/lv\/wp-json\/wp\/v2\/product"}],"about":[{"href":"https:\/\/b2b.mideer.lt\/lv\/wp-json\/wp\/v2\/types\/product"}],"wp:featuredmedia":[{"embeddable":true,"href":"https:\/\/b2b.mideer.lt\/lv\/wp-json\/wp\/v2\/media\/5722"}],"wp:attachment":[{"href":"https:\/\/b2b.mideer.lt\/lv\/wp-json\/wp\/v2\/media?parent=5668"}],"wp:term":[{"taxonomy":"product_brand","embeddable":true,"href":"https:\/\/b2b.mideer.lt\/lv\/wp-json\/wp\/v2\/product_brand?post=5668"},{"taxonomy":"product_cat","embeddable":true,"href":"https:\/\/b2b.mideer.lt\/lv\/wp-json\/wp\/v2\/product_cat?post=5668"},{"taxonomy":"product_tag","embeddable":true,"href":"https:\/\/b2b.mideer.lt\/lv\/wp-json\/wp\/v2\/product_tag?post=5668"}],"curies":[{"name":"wp","href":"https:\/\/api.w.org\/{rel}","templated":true}]}}