{"id":5665,"date":"2025-09-25T12:34:00","date_gmt":"2025-09-25T12:34:00","guid":{"rendered":"https:\/\/b2b.mideer.lt\/product\/magnetinis-konstruktorius-dinozaurai-48-daliu\/"},"modified":"2026-04-07T07:31:45","modified_gmt":"2026-04-07T07:31:45","slug":"magnetinis-konstruktorius-dinozaurai-48-daliu","status":"publish","type":"product","link":"https:\/\/b2b.mideer.lt\/lv\/product\/magnetinis-konstruktorius-dinozaurai-48-daliu\/","title":{"rendered":"Magn\u0113tiskais konstruktors - Dinozauri - 48 gab."},"content":{"rendered":"<p data-sourcepos=\"3:1-3:470\">Izp\u0113tiet \u0123eometriju ar \u0161o mideer magenta konstruktoru. P\u0101rejiet no pamata izpratnes uz sare\u017e\u0123\u012bt\u0101m konstrukcij\u0101m, pak\u0101peniski att\u012bstot b\u0113rna smadzenes. Unik\u0101lais dizains \u013cauj gaismai viegli izpl\u016bst cauri magn\u0113tiskaj\u0101m pl\u0101ksn\u012bt\u0113m, radot mirdzo\u0161u efektu, kas, pateicoties gaismas lau\u0161anai, liek justies k\u0101 pasak\u0101. Augst\u0101k\u0101s kvalit\u0101tes magn\u0113ti nodro\u0161ina stabilu konstru\u0113\u0161anas procesu.<\/p>\n<p data-sourcepos=\"5:1-5:172\">\u0160is komplekts ir velt\u012bts dinozauriem. Magn\u0113tisk\u0101s deta\u013cas ar 4 dinozauriem rada aizraujo\u0161u atmosf\u0113ru. Tas pal\u012bdz rosin\u0101t b\u0113rnu izt\u0113li, lai rad\u012btu sap\u0146u dz\u012bvi dinozauru laikmet\u0101.<\/p>\n<ul>\n<li data-sourcepos=\"7:1-11:27\"><strong>Am\u017eius: <\/strong>3+<\/li>\n<li data-sourcepos=\"7:1-11:27\"><strong>D\u0117\u017eut\u0117s matmenys: <\/strong>27 cm x 25 cm x 40 cm<\/li>\n<li data-sourcepos=\"7:1-11:27\"><strong>Tostarp<\/strong>: 48 deta\u013cas, 1 lieto\u0161anas pam\u0101c\u012bba, 1 glab\u0101\u0161anas soma<\/li>\n<li data-sourcepos=\"7:1-11:27\"><strong>Da\u013cu skaits:<\/strong> 48 da\u013cas<\/li>\n<li data-sourcepos=\"7:1-11:27\"><strong>Materi\u0101ls:<\/strong> Magn\u0113ts un ABS<\/li>\n<\/ul>","protected":false},"excerpt":{"rendered":"<p>Tyrin\u0117kite geometrijos \u017einias su \u0161iuo mideer magentiniu konstruktoriumi. \u017dengkite nuo pagrindinio supratimo iki sud\u0117ting\u0173 konstrukcij\u0173, palaipsniui lavinant vaiko smegenis. Unikalus dizainas leid\u017eia \u0161viesai lengvai prasiskverbti pro magnetines plyteles ir sukurti \u017e\u0117rint\u012f efekt\u0105, leisdamas pasijusti pasakoje \u0161viesos l\u016b\u017eio d\u0117ka. Auk\u0161\u010diausios kokyb\u0117s magnetai u\u017etikrina stabil\u0173 statybos proces\u0105. \u0160is rinkinys temati\u0161kai susij\u0119s su dinozaurais. Magnetin\u0117s detal\u0117s su 4 dinozaurais sukuria \u012ftraukian\u010di\u0105 atmosfer\u0105. Tai padeda skatinti vaik\u0173 vaizduot\u0119 kuriant svajoni\u0173 dinozaur\u0173 am\u017eiaus gyvenim\u0105. Am\u017eius: 3+ D\u0117\u017eut\u0117s matmenys: 27 cm x 25 cm x 40 cm \u012eskaitant: 48 detales, 1 instrukcij\u0105, 1 laikymo mai\u0161el\u012f Detali\u0173 skai\u010dius: 48 detali\u0173 Med\u017eiaga: Magnetas ir ABS<\/p>","protected":false},"featured_media":5716,"template":"","meta":[],"product_brand":[],"product_cat":[234,235,236,242,272,244,248,255,276],"product_tag":[16,17,80,40,32,123,20,124,22],"class_list":{"0":"post-5665","1":"product","2":"type-product","3":"status-publish","4":"has-post-thumbnail","6":"product_cat-3-4-metai","7":"product_cat-5-6-metai","8":"product_cat-6-metai","9":"product_cat-dovanu-idejos","10":"product_cat-kaledines-dovanos","11":"product_cat-kas-populiaru","12":"product_cat-magnetiniai-konstruktoriai","13":"product_cat-naujienos","14":"product_cat-zaislai-ir-zaidimai","15":"product_tag-age-3-4-years","16":"product_tag-age-5-6-years","17":"product_tag-back-in-stock","18":"product_tag-best-sellers","19":"product_tag-building-blocks","20":"product_tag-early-learning-toys","21":"product_tag-gift","22":"product_tag-magnetic-tiles","23":"product_tag-regular-sale","25":"first","26":"instock","27":"taxable","28":"shipping-taxable","29":"product-type-simple"},"jetpack_sharing_enabled":true,"_links":{"self":[{"href":"https:\/\/b2b.mideer.lt\/lv\/wp-json\/wp\/v2\/product\/5665"}],"collection":[{"href":"https:\/\/b2b.mideer.lt\/lv\/wp-json\/wp\/v2\/product"}],"about":[{"href":"https:\/\/b2b.mideer.lt\/lv\/wp-json\/wp\/v2\/types\/product"}],"wp:featuredmedia":[{"embeddable":true,"href":"https:\/\/b2b.mideer.lt\/lv\/wp-json\/wp\/v2\/media\/5716"}],"wp:attachment":[{"href":"https:\/\/b2b.mideer.lt\/lv\/wp-json\/wp\/v2\/media?parent=5665"}],"wp:term":[{"taxonomy":"product_brand","embeddable":true,"href":"https:\/\/b2b.mideer.lt\/lv\/wp-json\/wp\/v2\/product_brand?post=5665"},{"taxonomy":"product_cat","embeddable":true,"href":"https:\/\/b2b.mideer.lt\/lv\/wp-json\/wp\/v2\/product_cat?post=5665"},{"taxonomy":"product_tag","embeddable":true,"href":"https:\/\/b2b.mideer.lt\/lv\/wp-json\/wp\/v2\/product_tag?post=5665"}],"curies":[{"name":"wp","href":"https:\/\/api.w.org\/{rel}","templated":true}]}}