{"id":5664,"date":"2025-09-25T12:34:00","date_gmt":"2025-09-25T12:34:00","guid":{"rendered":"https:\/\/b2b.mideer.lt\/product\/magnetinis-konstruktorius-prizme-90-daliu\/"},"modified":"2026-04-06T07:33:17","modified_gmt":"2026-04-06T07:33:17","slug":"magnetinis-konstruktorius-prizme-90-daliu","status":"publish","type":"product","link":"https:\/\/b2b.mideer.lt\/lv\/product\/magnetinis-konstruktorius-prizme-90-daliu\/","title":{"rendered":"Magn\u0113tiskais konstruktors - prizma - 90 gab."},"content":{"rendered":"<div class=\"_9663006\">\n<div class=\"d29f3d7d ds-message _63c77b1\"><\/div>\n<\/div>\n<div class=\"_4f9bf79 d7dc56a8 _43c05b5\">\n<div class=\"ds-message _63c77b1\">\n<div class=\"ds-markdown\">\n<p class=\"ds-markdown-paragraph\"><strong>Atkl\u0101jiet rado\u0161uma pasauli ar Mideer prizmatiskaj\u0101m magn\u0113tiskaj\u0101m pl\u0101ksn\u012bt\u0113m - 90 deta\u013cu komplekts.<\/strong> \u0160is augst\u0101k\u0101s kvalit\u0101tes komplekts ir izstr\u0101d\u0101ts, lai att\u012bst\u012btu b\u0113rnu izt\u0113li un STEAM m\u0101c\u012b\u0161anos. Katrai pl\u0101ksn\u012btei ir unik\u0101ls gaismas izklied\u0113\u0161anas dizains, kas p\u0101rv\u0113r\u0161 saules gaismu vai lampu gaismu aizraujo\u0161os zibe\u0146os, kas vilina b\u0113rnus b\u016bv\u0113t.<\/p>\n<p class=\"ds-markdown-paragraph\">Pateicoties katr\u0101 pl\u0101ksn\u0113 eso\u0161ajiem 8 magn\u0113tiem, konstrukcijas stingri turas. Fl\u012bzes ir triecieniztur\u012bgas un iztur\u012bgas pret skr\u0101p\u0113jumiem, izgatavotas no iztur\u012bga materi\u0101la, dro\u0161as, iztur\u012bgas un stil\u012bgas. Komplekt\u0101 ietilpst ar\u012b glab\u0101\u0161anas soma \u0113rtai fl\u012b\u017eu sav\u0101k\u0161anai un p\u0101rn\u0113s\u0101\u0161anai - piem\u0113rots lieto\u0161anai m\u0101j\u0101s un klas\u0113.<\/p>\n<\/div>\n<\/div>\n<\/div>\n<ul>\n<li data-sourcepos=\"7:1-11:27\"><strong>Am\u017eius: <\/strong>3+<\/li>\n<li data-sourcepos=\"7:1-11:27\"><strong>D\u0117\u017eut\u0117s matmenys: <\/strong>51,5 x 29,5 x 23 cm<\/li>\n<li data-sourcepos=\"7:1-11:27\"><strong>Tostarp<\/strong>: 90 deta\u013cas, 1 lieto\u0161anas pam\u0101c\u012bba, 1 glab\u0101\u0161anas soma<\/li>\n<li data-sourcepos=\"7:1-11:27\"><strong>Da\u013cu skaits:<\/strong> 90 da\u013cas<\/li>\n<li data-sourcepos=\"7:1-11:27\"><strong>Materi\u0101ls:<\/strong> Magn\u0113ts un ABS<\/li>\n<\/ul>","protected":false},"excerpt":{"rendered":"<p>Atrakinkite k\u016brybi\u0161kumo pasaul\u012f su Mideer prizmin\u0117mis magnetin\u0117mis plytel\u0117mis \u2013 90 dali\u0173 rinkiniu. \u0160is auk\u0161\u010diausios kokyb\u0117s rinkinys sukurtas ugdyti vaik\u0173 vaizduot\u0119 ir STEAM mokym\u0105si. Kiekviena plytel\u0117 pasi\u017eymi unikaliu \u0161vies\u0105 sklaidan\u010diu dizainu, kuris saul\u0117s ar lempos \u0161vies\u0105 paver\u010dia \u017eaviais \u017eaiburiais, viliojan\u010diais vaikus statant. D\u0117l 8 branduoli\u0173 magnet\u0173 kiekvienoje plytel\u0117je, konstrukcijos laikosi tvirtai. Plytel\u0117s atsparios sm\u016bgiams ir \u012fbr\u0117\u017eimams, pagamintos i\u0161 patvarios med\u017eiagos, yra saugios, patvarios ir stilingos. \u012e rinkin\u012f taip pat \u012ftrauktas saugojimo mai\u0161elis, leid\u017eiantis lengvai surinkti ir ne\u0161iotis plyteles \u2013 jis tiks naudoti tiek namuose, tiek mokyklos klas\u0117je. Am\u017eius: 3+ D\u0117\u017eut\u0117s matmenys: 51.5 x 29.5 x 23 cm \u012eskaitant: 90 detali\u0173, 1 instrukcij\u0105, 1 laikymo mai\u0161el\u012f Detali\u0173 skai\u010dius: 90 detali\u0173 Med\u017eiaga: Magnetas ir ABS<\/p>","protected":false},"featured_media":5712,"template":"","meta":[],"product_brand":[],"product_cat":[234,235,236,239,242,248,255,270,276],"product_tag":[16,17,80,40,32,123,20,124,22],"class_list":{"0":"post-5664","1":"product","2":"type-product","3":"status-publish","4":"has-post-thumbnail","6":"product_cat-3-4-metai","7":"product_cat-5-6-metai","8":"product_cat-6-metai","9":"product_cat-daugiau-zaislu-ir-zaidimu","10":"product_cat-dovanu-idejos","11":"product_cat-magnetiniai-konstruktoriai","12":"product_cat-naujienos","13":"product_cat-statymo-konstruktoriai","14":"product_cat-zaislai-ir-zaidimai","15":"product_tag-age-3-4-years","16":"product_tag-age-5-6-years","17":"product_tag-back-in-stock","18":"product_tag-best-sellers","19":"product_tag-building-blocks","20":"product_tag-early-learning-toys","21":"product_tag-gift","22":"product_tag-magnetic-tiles","23":"product_tag-regular-sale","25":"first","26":"outofstock","27":"taxable","28":"shipping-taxable","29":"product-type-simple"},"jetpack_sharing_enabled":true,"_links":{"self":[{"href":"https:\/\/b2b.mideer.lt\/lv\/wp-json\/wp\/v2\/product\/5664"}],"collection":[{"href":"https:\/\/b2b.mideer.lt\/lv\/wp-json\/wp\/v2\/product"}],"about":[{"href":"https:\/\/b2b.mideer.lt\/lv\/wp-json\/wp\/v2\/types\/product"}],"wp:featuredmedia":[{"embeddable":true,"href":"https:\/\/b2b.mideer.lt\/lv\/wp-json\/wp\/v2\/media\/5712"}],"wp:attachment":[{"href":"https:\/\/b2b.mideer.lt\/lv\/wp-json\/wp\/v2\/media?parent=5664"}],"wp:term":[{"taxonomy":"product_brand","embeddable":true,"href":"https:\/\/b2b.mideer.lt\/lv\/wp-json\/wp\/v2\/product_brand?post=5664"},{"taxonomy":"product_cat","embeddable":true,"href":"https:\/\/b2b.mideer.lt\/lv\/wp-json\/wp\/v2\/product_cat?post=5664"},{"taxonomy":"product_tag","embeddable":true,"href":"https:\/\/b2b.mideer.lt\/lv\/wp-json\/wp\/v2\/product_tag?post=5664"}],"curies":[{"name":"wp","href":"https:\/\/api.w.org\/{rel}","templated":true}]}}