{"id":5662,"date":"2025-09-25T12:33:59","date_gmt":"2025-09-25T12:33:59","guid":{"rendered":"https:\/\/b2b.mideer.lt\/product\/magnetinis-konstruktorius-vamzdeliai-100-daliu\/"},"modified":"2026-05-11T07:30:26","modified_gmt":"2026-05-11T07:30:26","slug":"magnetinis-konstruktorius-vamzdeliai-100-daliu","status":"publish","type":"product","link":"https:\/\/b2b.mideer.lt\/lv\/product\/magnetinis-konstruktorius-vamzdeliai-100-daliu\/","title":{"rendered":"Magn\u0113tiskais konstruktors - Slie\u017eu celi\u0146\u0161 - 100 gab."},"content":{"rendered":"<div class=\"_9663006\"><\/div>\n<div class=\"_4f9bf79 d7dc56a8 _43c05b5\">\n<div class=\"ds-message _63c77b1\">\n<div class=\"ds-markdown\">\n<p class=\"ds-markdown-paragraph\"><strong>Magn\u0113tiskais konstruktors - Trasa ir jautra sp\u0113le, kas apvieno m\u0101kslu, fiziku, STEM principus un daudz ko citu. <\/strong>J\u016bsu b\u0113rns var\u0113s izmantot savu izt\u0113li, lai rad\u012btu savu \u0161edevru. Mideer magn\u0113tisko celi\u0146u komplekt\u0101 ir 100 unik\u0101las formas un kr\u0101sas, tostarp da\u017e\u0101du formu caurul\u012btes, kas pal\u012bdz\u0113s izveidot da\u017e\u0101dus dizainus.<\/p>\n<p class=\"ds-markdown-paragraph\">Maigi pul\u0113t\u0101s deta\u013cas 8 klasisk\u0101s kr\u0101s\u0101s saules gaism\u0101 skaisti mirdz un rada burv\u012bgu atstarojo\u0161u efektu. J\u016bsu mazais in\u017eenieris var\u0113s stund\u0101m ilgi sp\u0113l\u0113ties ar \u0161o komplektu.<\/p>\n<\/div>\n<\/div>\n<\/div>\n<ul>\n<li data-sourcepos=\"7:1-11:27\"><strong>Am\u017eius: <\/strong>3+<\/li>\n<li data-sourcepos=\"7:1-11:27\"><strong>D\u0117\u017eut\u0117s matmenys: <\/strong><\/li>\n<li data-sourcepos=\"7:1-11:27\"><strong>Tostarp<\/strong>: 100 deta\u013cas, 1 lieto\u0161anas pam\u0101c\u012bba, 1 glab\u0101\u0161anas soma<\/li>\n<li data-sourcepos=\"7:1-11:27\"><strong>Da\u013cu skaits:<\/strong> 100 da\u013cas<\/li>\n<li data-sourcepos=\"7:1-11:27\"><strong>Materi\u0101ls:<\/strong> Magn\u0113ts un ABS<\/li>\n<\/ul>","protected":false},"excerpt":{"rendered":"<p>Magnetinis konstruktorius &#8211; Trasa \u2013 tai \u012fdomus \u017eaidimas, vienijantis men\u0105, fizik\u0105, STEM principus ir dar daugiau. J\u016bs\u0173 vaikas gal\u0117s pasinaudoti savo vaizduote ir sukurti savo paties \u0161edevr\u0105. Mideer magnetin\u012f trasos rinkin\u012f sudaro 100 unikali\u0173 form\u0173 ir spalv\u0173 detali\u0173, \u012fskaitant \u012fvairiaformius vamzdelius, kurie pad\u0117s kurti \u012fvairias konstrukcijas. \u0160velniai poliruotos, 8 klasikini\u0173 spalv\u0173 detal\u0117s saul\u0117s \u0161viesoje gra\u017eiai blizga ir sukuria \u017eav\u0173 atspind\u017ei\u0173 efekt\u0105. J\u016bs\u0173 ma\u017easis in\u017einieris m\u0117gausis valand\u0173 valandas \u017eaisdamas su \u0161iuo rinkiniu. Am\u017eius: 3+ D\u0117\u017eut\u0117s matmenys: \u012eskaitant: 100 detali\u0173, 1 instrukcij\u0105, 1 laikymo mai\u0161el\u012f Detali\u0173 skai\u010dius: 100 detali\u0173 Med\u017eiaga: Magnetas ir ABS<\/p>","protected":false},"featured_media":5708,"template":"","meta":[],"product_brand":[],"product_cat":[234,235,236,239,242,248,276],"product_tag":[16,17,80,40,32,123,20,124,22],"class_list":{"0":"post-5662","1":"product","2":"type-product","3":"status-publish","4":"has-post-thumbnail","6":"product_cat-3-4-metai","7":"product_cat-5-6-metai","8":"product_cat-6-metai","9":"product_cat-daugiau-zaislu-ir-zaidimu","10":"product_cat-dovanu-idejos","11":"product_cat-magnetiniai-konstruktoriai","12":"product_cat-zaislai-ir-zaidimai","13":"product_tag-age-3-4-years","14":"product_tag-age-5-6-years","15":"product_tag-back-in-stock","16":"product_tag-best-sellers","17":"product_tag-building-blocks","18":"product_tag-early-learning-toys","19":"product_tag-gift","20":"product_tag-magnetic-tiles","21":"product_tag-regular-sale","23":"first","24":"instock","25":"taxable","26":"shipping-taxable","27":"product-type-simple"},"jetpack_sharing_enabled":true,"_links":{"self":[{"href":"https:\/\/b2b.mideer.lt\/lv\/wp-json\/wp\/v2\/product\/5662"}],"collection":[{"href":"https:\/\/b2b.mideer.lt\/lv\/wp-json\/wp\/v2\/product"}],"about":[{"href":"https:\/\/b2b.mideer.lt\/lv\/wp-json\/wp\/v2\/types\/product"}],"wp:featuredmedia":[{"embeddable":true,"href":"https:\/\/b2b.mideer.lt\/lv\/wp-json\/wp\/v2\/media\/5708"}],"wp:attachment":[{"href":"https:\/\/b2b.mideer.lt\/lv\/wp-json\/wp\/v2\/media?parent=5662"}],"wp:term":[{"taxonomy":"product_brand","embeddable":true,"href":"https:\/\/b2b.mideer.lt\/lv\/wp-json\/wp\/v2\/product_brand?post=5662"},{"taxonomy":"product_cat","embeddable":true,"href":"https:\/\/b2b.mideer.lt\/lv\/wp-json\/wp\/v2\/product_cat?post=5662"},{"taxonomy":"product_tag","embeddable":true,"href":"https:\/\/b2b.mideer.lt\/lv\/wp-json\/wp\/v2\/product_tag?post=5662"}],"curies":[{"name":"wp","href":"https:\/\/api.w.org\/{rel}","templated":true}]}}