{"id":5661,"date":"2025-09-25T12:33:59","date_gmt":"2025-09-25T12:33:59","guid":{"rendered":"https:\/\/b2b.mideer.lt\/product\/sensorinis-sokliukas-vienaragis\/"},"modified":"2026-04-20T07:30:41","modified_gmt":"2026-04-20T07:30:41","slug":"sensorinis-sokliukas-vienaragis","status":"publish","type":"product","link":"https:\/\/b2b.mideer.lt\/lv\/product\/sensorinis-sokliukas-vienaragis\/","title":{"rendered":"Sensorais d\u017eemperis - Vienradzis"},"content":{"rendered":"<p>\u0160is mideer sensorais \u0161\u016bpu\u013ckr\u0113sls ir \u012bpa\u0161i izstr\u0101d\u0101ts mazu\u013ciem, lai, jautri un akt\u012bvi rota\u013c\u0101joties, att\u012bst\u012btu l\u012bdzsvaru, koordin\u0101ciju un musku\u013cu sp\u0113ku. Tas ir lieliski piem\u0113rots m\u0101jas rota\u013cu istabai vai pagalmam, sniedzot b\u0113rnam iesp\u0113ju izkust\u0113ties un att\u012bst\u012bt motorisk\u0101s prasmes.<\/p>\n<ul>\n<li>\n<p class=\"ds-markdown-paragraph\"><strong>Uzticam\u012bba un iztur\u012bba:<\/strong> Produkts ir izgatavots no augstas kvalit\u0101tes materi\u0101liem, kas garant\u0113 ilgu kalpo\u0161anas laiku.<\/p>\n<\/li>\n<li>\n<p class=\"ds-markdown-paragraph\"><strong>Augsta kravnes\u012bba:<\/strong> Triecienelements var iztur\u0113t l\u012bdz pat <strong>50 kg<\/strong> svara, t\u0101p\u0113c tas ir piem\u0113rots ne tikai maziem, bet ar\u012b nedaudz vec\u0101kiem b\u0113rniem.<\/p>\n<\/li>\n<li>\n<p class=\"ds-markdown-paragraph\"><strong>Dro\u0161s un stabils:<\/strong> Zin\u0101tniski izv\u0113l\u0113ti izm\u0113ri, kas atbilst b\u0113rna augumam, nodro\u0161ina augstu stabilit\u0101ti un nov\u0113r\u0161 apg\u0101\u0161anos.<\/p>\n<ul>\n<li>\n<p class=\"ds-markdown-paragraph\"><strong>S\u0113dek\u013ca augstums:<\/strong> 25,5 cm (viegli uzvelkams un no\u0146emams)<\/p>\n<\/li>\n<li>\n<p class=\"ds-markdown-paragraph\"><strong>Pamatnes platums:<\/strong> 29 cm (ide\u0101lam l\u012bdzsvaram)<\/p>\n<\/li>\n<li>\n<p class=\"ds-markdown-paragraph\"><strong>K\u0101jas diametrs:<\/strong> 9 cm (iztur\u012bga un stabila konstrukcija)<\/p>\n<\/li>\n<\/ul>\n<\/li>\n<li>\n<p class=\"ds-markdown-paragraph\"><strong>Ergonomisks dizains b\u0113rniem:<\/strong> Visi izm\u0113ri ir izstr\u0101d\u0101ti t\u0101, lai b\u0113rnam b\u016btu \u0113rti un dro\u0161i l\u0113kt. M\u012bksts un \u0113rts s\u0113deklis.<\/p>\n<\/li>\n<\/ul>\n<p><strong>Iepakojuma izm\u0113ri: <\/strong>51*29*50 cm<\/p>\n<p><strong>Materi\u0101ls:<\/strong> PP neausts audums<\/p>\n<p><strong>Ieteicamais vecums: <\/strong>18 m\u0113ne\u0161i +<\/p>","protected":false},"excerpt":{"rendered":"<p>\u0160is mideer sensorinis \u0161okliukas sukurtas specialiai ma\u017eiesiems, siekiant ugdyti j\u0173 pusiausvyr\u0105, koordinacij\u0105 ir raumen\u0173 stiprum\u0105 per linksm\u0105 ir veikl\u0173 \u017eaidim\u0105. Jis puikiai tiks nam\u0173 \u017eaidim\u0173 kambariui ar kiemui, suteikdamas vaikui galimyb\u0119 i\u0161leisti energij\u0105 ir tobulinti motorinius \u012fg\u016bd\u017eius. Patikimumas ir ilgaam\u017ei\u0161kumas: Produktas pagamintas i\u0161 kokybi\u0161k\u0173 med\u017eiag\u0173, garantuojan\u010di\u0173 ilg\u0105 tarnavimo laik\u0105. Didel\u0117 keliamoji galia: \u0160okliukas gali atlaikyti iki 50 kg svor\u012f, tod\u0117l jis tiks ne tik ma\u017eiems, bet ir \u0161iek tiek vyresniems vaikams. Saugus ir stabilus: Moksli\u0161kai parinkti vaiko dyd\u012f atitinkantys matmenys u\u017etikrina didel\u012f stabilum\u0105 ir apsaugo nuo apvirtimo. S\u0117dyn\u0117s auk\u0161tis: 25,5 cm (patogus u\u017elipti ir nulipti) Pagrindo plotis: 29 cm (u\u017etikrina puiki\u0105 pusiausvyr\u0105) Kojos skersmuo: 9 cm (stangrus ir tvirtas dizainas) Ergonomi\u0161kas vaiki\u0161kas dizainas: Visi matmenys sugalvoti taip, kad vaikui b\u016bt\u0173 patogu ir saugu \u0161okin\u0117ti. Mink\u0161ta ir patogi s\u0117dyn\u0117. Pakuot\u0117s matmenys: 51*29*50cm Med\u017eiaga: PP neaustasis audinys Rekomenduojamas am\u017eius: 18m\u0117n. +<\/p>","protected":false},"featured_media":5705,"template":"","meta":[],"product_brand":[],"product_cat":[233,234,237,239,242,272,255,276],"product_tag":[],"class_list":{"0":"post-5661","1":"product","2":"type-product","3":"status-publish","4":"has-post-thumbnail","6":"product_cat-0-2-metai","7":"product_cat-3-4-metai","8":"product_cat-ankstyvo-lavinimo-zaidimai","9":"product_cat-daugiau-zaislu-ir-zaidimu","10":"product_cat-dovanu-idejos","11":"product_cat-kaledines-dovanos","12":"product_cat-naujienos","13":"product_cat-zaislai-ir-zaidimai","15":"first","16":"instock","17":"taxable","18":"shipping-taxable","19":"product-type-simple"},"jetpack_sharing_enabled":true,"_links":{"self":[{"href":"https:\/\/b2b.mideer.lt\/lv\/wp-json\/wp\/v2\/product\/5661"}],"collection":[{"href":"https:\/\/b2b.mideer.lt\/lv\/wp-json\/wp\/v2\/product"}],"about":[{"href":"https:\/\/b2b.mideer.lt\/lv\/wp-json\/wp\/v2\/types\/product"}],"wp:featuredmedia":[{"embeddable":true,"href":"https:\/\/b2b.mideer.lt\/lv\/wp-json\/wp\/v2\/media\/5705"}],"wp:attachment":[{"href":"https:\/\/b2b.mideer.lt\/lv\/wp-json\/wp\/v2\/media?parent=5661"}],"wp:term":[{"taxonomy":"product_brand","embeddable":true,"href":"https:\/\/b2b.mideer.lt\/lv\/wp-json\/wp\/v2\/product_brand?post=5661"},{"taxonomy":"product_cat","embeddable":true,"href":"https:\/\/b2b.mideer.lt\/lv\/wp-json\/wp\/v2\/product_cat?post=5661"},{"taxonomy":"product_tag","embeddable":true,"href":"https:\/\/b2b.mideer.lt\/lv\/wp-json\/wp\/v2\/product_tag?post=5661"}],"curies":[{"name":"wp","href":"https:\/\/api.w.org\/{rel}","templated":true}]}}