{"id":5655,"date":"2025-09-25T12:33:56","date_gmt":"2025-09-25T12:33:56","guid":{"rendered":"https:\/\/b2b.mideer.lt\/product\/interaktyvus-stalo-zaidimas-varles-sokles\/"},"modified":"2026-04-06T22:02:40","modified_gmt":"2026-04-06T22:02:40","slug":"interaktyvus-stalo-zaidimas-varles-sokles","status":"publish","type":"product","link":"https:\/\/b2b.mideer.lt\/lv\/product\/interaktyvus-stalo-zaidimas-varles-sokles\/","title":{"rendered":"Interakt\u012bv\u0101 galda sp\u0113le - Var\u017eu dejas"},"content":{"rendered":"<p class=\"ds-markdown-paragraph\">Esiet gatavi iesaist\u012bties darb\u012bb\u0101 ar Mideer interakt\u012bvo galda sp\u0113li \"Frog Flops\"! \u0160\u012b jautr\u0101, izgl\u012btojo\u0161\u0101 sp\u0113le apvieno jautr\u012bbu, strat\u0113\u0123iju un prasmju att\u012bst\u012b\u0161anu, jo b\u0113rni saspie\u017e var\u017eu astes, lai liktu t\u0101m iel\u0113kt m\u0113r\u0137os un punktu g\u016b\u0161anas laukumos. Katrs veiksm\u012bgs l\u0113ciens dod punktus un draudz\u012bgu sacens\u012bbu prieku.<\/p>\n<p class=\"ds-markdown-paragraph\">Izstr\u0101d\u0101ta ar vair\u0101kiem gr\u016bt\u012bbas l\u012bme\u0146iem un sp\u0113les re\u017e\u012bmiem, sp\u0113le aug kop\u0101 ar b\u0113rnu, saglab\u0101jot vi\u0146a vai vi\u0146as interesi un pied\u0101v\u0101jot izaicin\u0101jumus. Komplekt\u0101 ir ar\u012b uzl\u012bmes, lai atz\u012bm\u0113tu katru sasniegumu, kas pie\u0161\u0137ir papildu prieku un motiv\u0101ciju. Frog Flops ir lieliski piem\u0113rots roku-acu koordin\u0101cijas, koncentr\u0113\u0161an\u0101s un smalk\u0101s motorikas att\u012bst\u012b\u0161anai, un t\u0101 pied\u0101v\u0101 dz\u012bv\u012bgu un jautru m\u0101c\u012b\u0161anos caur sp\u0113li. T\u0101 ir vienk\u0101r\u0161a rota\u013clieta un skaidras instrukcijas, t\u0101p\u0113c t\u0101 b\u016bs lielisks papildin\u0101jums j\u016bsu m\u0101j\u0101m, skolas klasei vai d\u0101vanu sarakstam!<\/p>\n<p class=\"ds-markdown-paragraph\"><strong>Iepakojuma izm\u0113ri:<\/strong> 28,5 x 28,5 x 5,5 cm<\/p>\n<p class=\"ds-markdown-paragraph\"><strong>Ieteicamais vecums: <\/strong>4+<\/p>","protected":false},"excerpt":{"rendered":"<p>Pasiruo\u0161kite \u0161uoliui \u012f veiksm\u0105 su interaktyviu Mideer stalo \u017eaidimu \u201eVarl\u0117s \u0160okl\u0117s\u201c! \u0160is linsmas edukacinis \u017eaidimas sujungia linksmybes, strategij\u0105 ir \u012fg\u016bd\u017ei\u0173 lavinim\u0105 \u2013 vaikai spaud\u017eia varli\u0173 uodegas, kad \u0161ios \u0161okt\u0173 \u012f taikinius ir ta\u0161k\u0173 zonas. Kiekvienas s\u0117kmingas \u0161uolis atne\u0161a ta\u0161k\u0173 ir draugi\u0161k\u0105 var\u017eyb\u0173 d\u017eiaugsm\u0105. \u017daidimas, sukurtas su keliais sud\u0117tingumo lygiais ir \u017eaidimo b\u016bdais, auga kartu su j\u016bs\u0173 vaiku, palaikydamas jo susidom\u0117jim\u0105 ir si\u016blantis i\u0161\u0161\u016bki\u0173. Rinkinyje yra ir atlygio lipduk\u0173, \u0161ven\u010dian\u010di\u0173 kiekvien\u0105 pasiekim\u0105, kas suteikia papildomo d\u017eiaugsmo ir motyvacijos. Puikiai tinkamas rank\u0173 ir aki\u0173 koordinacijos, koncentracijos ir smulkiosios motorikos ugdymui, \u201eVarl\u0117s \u0160okl\u0117s\u201c si\u016blo gyv\u0105 ir linksm\u0105 mokym\u0105si \u017eaid\u017eiant. D\u0117l lengvo \u017eaidimo ir ai\u0161ki\u0173 instrukcij\u0173, jis puikiai papildys j\u016bs\u0173 namus, mokyklos klas\u0119 ar dovan\u0173 s\u0105ra\u0161\u0105! Pakuot\u0117s matmenys: 28.5 x 28.5 x 5.5 cm Rekomenduojamas am\u017eius: 4+<\/p>","protected":false},"featured_media":5694,"template":"","meta":[],"product_brand":[],"product_cat":[234,235,236,239,242,255,269,276],"product_tag":[],"class_list":{"0":"post-5655","1":"product","2":"type-product","3":"status-publish","4":"has-post-thumbnail","6":"product_cat-3-4-metai","7":"product_cat-5-6-metai","8":"product_cat-6-metai","9":"product_cat-daugiau-zaislu-ir-zaidimu","10":"product_cat-dovanu-idejos","11":"product_cat-naujienos","12":"product_cat-stalo-zaidimai","13":"product_cat-zaislai-ir-zaidimai","15":"first","16":"instock","17":"taxable","18":"shipping-taxable","19":"product-type-simple"},"jetpack_sharing_enabled":true,"_links":{"self":[{"href":"https:\/\/b2b.mideer.lt\/lv\/wp-json\/wp\/v2\/product\/5655"}],"collection":[{"href":"https:\/\/b2b.mideer.lt\/lv\/wp-json\/wp\/v2\/product"}],"about":[{"href":"https:\/\/b2b.mideer.lt\/lv\/wp-json\/wp\/v2\/types\/product"}],"wp:featuredmedia":[{"embeddable":true,"href":"https:\/\/b2b.mideer.lt\/lv\/wp-json\/wp\/v2\/media\/5694"}],"wp:attachment":[{"href":"https:\/\/b2b.mideer.lt\/lv\/wp-json\/wp\/v2\/media?parent=5655"}],"wp:term":[{"taxonomy":"product_brand","embeddable":true,"href":"https:\/\/b2b.mideer.lt\/lv\/wp-json\/wp\/v2\/product_brand?post=5655"},{"taxonomy":"product_cat","embeddable":true,"href":"https:\/\/b2b.mideer.lt\/lv\/wp-json\/wp\/v2\/product_cat?post=5655"},{"taxonomy":"product_tag","embeddable":true,"href":"https:\/\/b2b.mideer.lt\/lv\/wp-json\/wp\/v2\/product_tag?post=5655"}],"curies":[{"name":"wp","href":"https:\/\/api.w.org\/{rel}","templated":true}]}}