{"id":5652,"date":"2025-09-25T12:33:55","date_gmt":"2025-09-25T12:33:55","guid":{"rendered":"https:\/\/b2b.mideer.lt\/product\/2in1-nuotykiu-zibintas-ir-zibintuvelis-melynas\/"},"modified":"2026-04-22T08:33:25","modified_gmt":"2026-04-22T08:33:25","slug":"2in1-nuotykiu-zibintas-ir-zibintuvelis-melynas","status":"publish","type":"product","link":"https:\/\/b2b.mideer.lt\/lv\/product\/2in1-nuotykiu-zibintas-ir-zibintuvelis-melynas\/","title":{"rendered":"2in1 piedz\u012bvojumu laterna un luktur\u012btis - zils"},"content":{"rendered":"<p class=\"ds-markdown-paragraph\"><strong>Izgaismojiet sava b\u0113rna piedz\u012bvojumus ar Mideer luktur\u012bti piedz\u012bvojumu laternu!<\/strong> \u0160is luktur\u012btis ir paredz\u0113ts ne tikai izklaidei, bet ar\u012b praktiskai lieto\u0161anai. Tam ir <strong>3 regul\u0113jami re\u017e\u012bmi<\/strong> - m\u012bksta, spilgta un mirgojo\u0161a - ide\u0101li piem\u0113rota st\u0101stu las\u012b\u0161anai pirms gul\u0113tie\u0161anas, d\u0101rgumu mekl\u0113\u0161anai br\u012bv\u0101 dab\u0101 un \u0101ra sp\u0113\u013cu signaliz\u0113\u0161anai.<\/p>\n<p class=\"ds-markdown-paragraph\">Jaud\u012bgs <strong>1W LED<\/strong> Spuldze ir ieb\u016bv\u0113ta iztur\u012bg\u0101, triecieniztur\u012bg\u0101 korpus\u0101, kas sp\u0113j iztur\u0113t jebkurus piedz\u012bvojumus. <strong>Teleskopiskais dizains<\/strong> \u013cauj p\u0101rveidot luktur\u012bti no \u0161aur\u0101s gaismas laternas par laternu vai maigu nakts gaismu, padarot to \u013coti univers\u0101lu.<\/p>\n<p class=\"ds-markdown-paragraph\">Viegls un \u0113rti p\u0101rn\u0113s\u0101jams, Mideer luktur\u012btis ir ide\u0101ls \u0101ra partneris, kas att\u012bsta izt\u0113li un ir praktiski noder\u012bgs. Neatkar\u012bgi no t\u0101, vai tas ir kempings vai \u0101rk\u0101rtas gad\u012bjums m\u0101j\u0101s - tas vienm\u0113r b\u016bs gatavs, kad j\u016bsu mazajam p\u0113tniekam b\u016bs nepiecie\u0161ama pal\u012bdz\u012bba!<\/p>","protected":false},"excerpt":{"rendered":"<p>Paskleiskite \u0161vies\u0105 savo vaiko nuotykiuose su Mideer \u017eibintuv\u0117liu-nuotyki\u0173 \u017eibintu! \u0160is \u017eibintuv\u0117lis sukurtas ne tik smagiam, bet ir praktiniam naudojimui. Jis turi 3 reguliuojamus re\u017eimus \u2013 \u0161vel\u0173, ry\u0161k\u0173 ir blyksint\u012f \u2013 tod\u0117l puikiai tiks ir prie\u0161 mieg\u0105 pasak\u0173 skaitymui, ir lauko lobi\u0173 paie\u0161koms, ir signalizavimui \u017eaid\u017eiant lauke. Galinga 1W LED lemput\u0117 \u012fmontuota patvariame, atspariame kritiniams korpuse, kuris atlaikys bet kokius nuotykius. Telekopinis dizainas leid\u017eia \u017eibintuv\u0117l\u012f transformuoti i\u0161 siauro spindulio \u017eibinto \u012f lantern\u0105 ar \u0161veli\u0105 naktin\u0119 lempel\u0119, tod\u0117l jis itin universalus. Lengvas ir patogus ne\u0161iojimui, Mideer \u017eibintuv\u0117lis yra idealus lauko partneris, kuris ugdo vaizduot\u0119 ir lieka prakti\u0161kai naudingas. Ar tai b\u016bt\u0173 stovyklavimas, ar avarin\u0117 situacija namuose \u2013 jis visada pasiruo\u0161\u0119s tada, kai j\u016bs\u0173 ma\u017e\u0105jam tyrin\u0117tojui reikia pagalbos!<\/p>","protected":false},"featured_media":5688,"template":"","meta":[],"product_brand":[],"product_cat":[234,235,236,272,244,246,255,273,276],"product_tag":[],"class_list":{"0":"post-5652","1":"product","2":"type-product","3":"status-publish","4":"has-post-thumbnail","6":"product_cat-3-4-metai","7":"product_cat-5-6-metai","8":"product_cat-6-metai","9":"product_cat-kaledines-dovanos","10":"product_cat-kas-populiaru","11":"product_cat-lauko-zaislai","12":"product_cat-naujienos","13":"product_cat-visi-aksesuarai","14":"product_cat-zaislai-ir-zaidimai","16":"first","17":"instock","18":"taxable","19":"shipping-taxable","20":"product-type-simple"},"jetpack_sharing_enabled":true,"_links":{"self":[{"href":"https:\/\/b2b.mideer.lt\/lv\/wp-json\/wp\/v2\/product\/5652"}],"collection":[{"href":"https:\/\/b2b.mideer.lt\/lv\/wp-json\/wp\/v2\/product"}],"about":[{"href":"https:\/\/b2b.mideer.lt\/lv\/wp-json\/wp\/v2\/types\/product"}],"wp:featuredmedia":[{"embeddable":true,"href":"https:\/\/b2b.mideer.lt\/lv\/wp-json\/wp\/v2\/media\/5688"}],"wp:attachment":[{"href":"https:\/\/b2b.mideer.lt\/lv\/wp-json\/wp\/v2\/media?parent=5652"}],"wp:term":[{"taxonomy":"product_brand","embeddable":true,"href":"https:\/\/b2b.mideer.lt\/lv\/wp-json\/wp\/v2\/product_brand?post=5652"},{"taxonomy":"product_cat","embeddable":true,"href":"https:\/\/b2b.mideer.lt\/lv\/wp-json\/wp\/v2\/product_cat?post=5652"},{"taxonomy":"product_tag","embeddable":true,"href":"https:\/\/b2b.mideer.lt\/lv\/wp-json\/wp\/v2\/product_tag?post=5652"}],"curies":[{"name":"wp","href":"https:\/\/api.w.org\/{rel}","templated":true}]}}