{"id":5646,"date":"2025-09-25T12:33:51","date_gmt":"2025-09-25T12:33:51","guid":{"rendered":"https:\/\/b2b.mideer.lt\/product\/tatuiruociu-lipduku-rinkinys-mini-pink-1\/"},"modified":"2026-04-17T07:30:50","modified_gmt":"2026-04-17T07:30:50","slug":"tatuiruociu-lipduku-rinkinys-mini-pink-1","status":"publish","type":"product","link":"https:\/\/b2b.mideer.lt\/lv\/product\/tatuiruociu-lipduku-rinkinys-mini-pink-1\/","title":{"rendered":"Tetov\u0113jums \/ uzl\u012bmju komplekts - MINI roz\u0101"},"content":{"rendered":"<p class=\"ds-markdown-paragraph\">Iedvesmojiet rado\u0161umu un prieku ar \u0161o apbr\u012bnojamo Mideer rado\u0161o tetov\u0113jumu komplektu, kas paredz\u0113ts b\u0113rnu izt\u0113les un pa\u0161izpausmes att\u012bst\u012b\u0161anai! Komplekt\u0101 ietilpst vair\u0101k nek\u0101 <strong>1000 unik\u0101li un neatk\u0101rtojami dizaini<\/strong>, t\u0113mas un elementi - no dz\u012bvniekiem un piedz\u012bvojumiem l\u012bdz kosmosa un sv\u0113tku mot\u012bviem.<\/p>\n<p class=\"ds-markdown-paragraph\"><strong>Interesants papildu p\u0101rsteigums!<\/strong> Iek\u0161pus\u0113 ir maza p\u0101rsteiguma d\u0101vana jums! Univers\u0101ls piekari\u0146\u0161, ko j\u016bsu b\u0113rns var piekarin\u0101t pie mugursomas, dz\u0113riena, atsl\u0113g\u0101m utt.<\/p>\n<p class=\"ds-markdown-paragraph\"><b>Iepakojuma izm\u0113rs:<\/b> 13,7 x 11,7 x 3 cm<\/p>\n<p class=\"ds-markdown-paragraph\"><strong>Ide\u0101li piem\u0113rots: <\/strong>Blogo\u0161ana, z\u012bm\u0113\u0161ana, \u0101das un nagu l\u012bm\u0113\u0161ana un citas rado\u0161as idejas. person\u012bgo priek\u0161metu (\u016bdens pudeles, austi\u0146as) dekor\u0113\u0161anai. D\u0101vana rado\u0161am b\u0113rnam, kuram pat\u012bk izpausties ar m\u0101kslas pal\u012bdz\u012bbu.<\/p>\n<p class=\"ds-markdown-paragraph\"><strong>Mideer rado\u0161o tetov\u0113jumu\/ uzl\u012bmju komplekts <\/strong>\u00a0- lieliska iesp\u0113ja iem\u016b\u017ein\u0101t j\u016bsu b\u0113rna fant\u0101zijas un stimul\u0113t vi\u0146a iek\u0161\u0113jo rad\u012bt\u0101ju!<\/p>","protected":false},"excerpt":{"rendered":"<p>\u012ekv\u0117pkite k\u016brybi\u0161kumo ir d\u017eiaugsmo su \u0161iuo nuostabiu Mideer k\u016brybi\u0161ku tatuiruo\u010di\u0173 rinkiniu, sukurtu ugdyti vaik\u0173 fantazij\u0105 ir savirai\u0161k\u0105! Rinkin\u012f sudaro daugiau nei 1000 unikali\u0173 ir nesikartojan\u010di\u0173 dizain\u0173, tem\u0173 ir element\u0173 \u2013 nuo gyv\u016bn\u0173 ir nuotyki\u0173 iki kosmoso ir \u0161ven\u010di\u0173 motyv\u0173. \u012edomus papildomas siurprizas! Viduje j\u016bs\u0173 laukia ma\u017ea dovana &#8211; staigmena! Universalus pakabukas, kur\u012f vaikas gal\u0117s pasikabinti ant kuprin\u0117s, gertuv\u0117s, rakt\u0173 ir pan. Pakuot\u0117s dydis: 13.7 x 11.7 x 3 cm Puikiai tinka: Dienora\u0161\u010di\u0173 vedimui, pie\u0161imui, klijavimui and odos ir nag\u0173, kitoms k\u016brybin\u0117ms id\u0117joms. Asmenini\u0173 daikt\u0173 (vandens buteli\u0173, ausini\u0173) puo\u0161imui. Dovanai k\u016brybi\u0161kam vaikui, kuris m\u0117gsta i\u0161reik\u0161ti save per men\u0105. Mideer k\u016brybini\u0173 tatuiruo\u010di\u0173 \/ lipduk\u0173 rinkinys \u00a0\u2013 tobula proga \u012fam\u017einti vaiko fantazijas ir skatinti jo vidin\u012f k\u016br\u0117j\u0105!<\/p>","protected":false},"featured_media":5670,"template":"","meta":[],"product_brand":[],"product_cat":[234,235,236,250,252,255,273,275],"product_tag":[],"class_list":{"0":"post-5646","1":"product","2":"type-product","3":"status-publish","4":"has-post-thumbnail","6":"product_cat-3-4-metai","7":"product_cat-5-6-metai","8":"product_cat-6-metai","9":"product_cat-menai-ir-kurybiniai-uzsiemimai","10":"product_cat-meno-reikmenys","11":"product_cat-naujienos","12":"product_cat-visi-aksesuarai","13":"product_cat-visos-meno-prekes","15":"first","16":"instock","17":"taxable","18":"shipping-taxable","19":"product-type-simple"},"jetpack_sharing_enabled":true,"_links":{"self":[{"href":"https:\/\/b2b.mideer.lt\/lv\/wp-json\/wp\/v2\/product\/5646"}],"collection":[{"href":"https:\/\/b2b.mideer.lt\/lv\/wp-json\/wp\/v2\/product"}],"about":[{"href":"https:\/\/b2b.mideer.lt\/lv\/wp-json\/wp\/v2\/types\/product"}],"wp:featuredmedia":[{"embeddable":true,"href":"https:\/\/b2b.mideer.lt\/lv\/wp-json\/wp\/v2\/media\/5670"}],"wp:attachment":[{"href":"https:\/\/b2b.mideer.lt\/lv\/wp-json\/wp\/v2\/media?parent=5646"}],"wp:term":[{"taxonomy":"product_brand","embeddable":true,"href":"https:\/\/b2b.mideer.lt\/lv\/wp-json\/wp\/v2\/product_brand?post=5646"},{"taxonomy":"product_cat","embeddable":true,"href":"https:\/\/b2b.mideer.lt\/lv\/wp-json\/wp\/v2\/product_cat?post=5646"},{"taxonomy":"product_tag","embeddable":true,"href":"https:\/\/b2b.mideer.lt\/lv\/wp-json\/wp\/v2\/product_tag?post=5646"}],"curies":[{"name":"wp","href":"https:\/\/api.w.org\/{rel}","templated":true}]}}