{"id":5618,"date":"2025-09-02T11:02:00","date_gmt":"2025-09-02T11:02:00","guid":{"rendered":"https:\/\/b2b.mideer.lt\/?post_type=product&#038;p=5618"},"modified":"2026-04-03T22:02:40","modified_gmt":"2026-04-03T22:02:40","slug":"3d-juosmeni-atpalaiduojanti-kuprine-soft-pink","status":"publish","type":"product","link":"https:\/\/b2b.mideer.lt\/lv\/product\/3d-juosmeni-atpalaiduojanti-kuprine-soft-pink\/","title":{"rendered":"3D Waist Relaxation mugursoma - m\u012bksta, roz\u0101 kr\u0101s\u0101"},"content":{"rendered":"<div data-line=\"true\" data-line-index=\"0\" data-zone-id=\"0\"><b>Mideer 3D muguru un jostasvietu atsl\u0101bino\u0161a mugursoma<\/b>\u00a0 - ir gudra un daudzpus\u012bga mugursoma, kas \u012bpa\u0161i izstr\u0101d\u0101ta b\u0113rniem, lai nodro\u0161in\u0101tu maksim\u0101lu vieglumu un komfortu visas dienas garum\u0101. T\u0101s inovat\u012bvais dizains liks aizmirst muguras s\u0101pes un izbaud\u012bt katru mirkli!<\/div>\n<div data-line=\"true\" data-line-index=\"0\" data-zone-id=\"0\">\n<p><b>K\u0101p\u0113c Mideer 3D mugursoma ir lab\u0101k\u0101 izv\u0113le j\u016bsu skol\u0113nam?<\/b><\/p>\n<ul>\n<li><b>Ergonomisks un slodzi sadalo\u0161s dizains:<\/b> Pateicoties unik\u0101lai muguras apvalka strukt\u016brai, \u0161\u012b mugursoma efekt\u012bvi <b>svara sadal\u012bjums<\/b>mazina spiedienu uz jaunajiem pleciem un mugurkauliem. Tas pal\u012bdz saglab\u0101t pareizu st\u0101ju un mazina nogurumu.<\/li>\n<li><b>Optim\u0101la organiz\u0101cija:<\/b> Aizmirstiet par jucekli! \u0160aj\u0101 mugursom\u0101 ir <b>vair\u0101ku departamentu organiz\u0113\u0161ana.<\/b>\u0113rtai un k\u0101rt\u012bgai visu skolas piederumu, gr\u0101matu, uzkodu un person\u012bgo mantu glab\u0101\u0161anai. Katram priek\u0161metam b\u016bs sava vieta!<\/li>\n<li><b>Aizsardz\u012bba pret visiem laikapst\u0101k\u013ciem:<\/b> Izgatavots no <b>\u016bdensnecaurlaid\u012bgi materi\u0101li<\/b>, \u0161\u012b mugursoma dro\u0161i pasarg\u0101s taj\u0101 eso\u0161os priek\u0161metus no lietus vai nejau\u0161as nopl\u016bdes. J\u016bsu b\u0113rna mantas paliks sausas un dro\u0161as neatkar\u012bgi no laikapst\u0101k\u013ciem \u0101r\u0101.<\/li>\n<li><b>\u0112rta ikdienas lieto\u0161ana:<\/b> Viegla, kompakta un iztur\u012bga, \u0161\u012b mugursoma ir <b>ide\u0101la izv\u0113le b\u0113rnu ikdienas lieto\u0161anai<\/b> - gan iet uz skolu, gan iet \u0101r\u0101.<\/li>\n<\/ul>\n<p>Izm\u0113ri: 40,5 cm x 28,5 cm x 16 cm<\/p>\n<\/div>","protected":false},"excerpt":{"rendered":"<p>Mideer 3D muguras un jostasvietas atslodzes mugursoma ir gudra un daudzpus\u012bga mugursoma, kas \u012bpa\u0161i izstr\u0101d\u0101ta b\u0113rniem, lai nodro\u0161in\u0101tu maksim\u0101lu vieglumu un komfortu visas dienas garum\u0101. T\u0101s inovat\u012bvais dizains liks aizmirst muguras s\u0101pes un izbaud\u012bt katru mirkli! K\u0101p\u0113c Mideer 3D mugursoma ir lab\u0101k\u0101 izv\u0113le skol\u0113niem? Ergonomisks un slodzi sadalo\u0161s dizains: ar unik\u0101lo \"muguras apvalka\" konstrukciju \u0161\u012b mugursoma efekt\u012bvi sadala svaru, atslogojot jaunie\u0161u plecus un mugurkaulu. Tas pal\u012bdz saglab\u0101t pareizu st\u0101ju un mazina nogurumu. Optim\u0101la organiz\u0101cija: aizmirstiet par jucekli! \u0160aj\u0101 mugursom\u0101 ir vair\u0101ku nodal\u012bjumu organiz\u0101cija, kas \u013cauj viegli un gl\u012bti uzglab\u0101t visas skolas piederumus, gr\u0101matas, uzkodas un person\u012bg\u0101s lietas. Katram priek\u0161metam b\u016bs sava vieta! Aizsardz\u012bba jebkuros laikapst\u0101k\u013cos: \u0160\u012b mugursoma, kas izgatavota no \u016bdensnecaurlaid\u012bga materi\u0101la, dro\u0161i pasarg\u0101s taj\u0101 eso\u0161os priek\u0161metus no lietus vai nejau\u0161as nopl\u016bdes. J\u016bsu b\u0113rna mantas paliks sausas un dro\u0161as neatkar\u012bgi no laikapst\u0101k\u013ciem \u0101r\u0101. Ikdienas \u0113rt\u012bbas: viegla, kompakta un iztur\u012bga, \u0161\u012b mugursoma ir ide\u0101la izv\u0113le j\u016bsu b\u0113rnu ikdienas lieto\u0161anai neatkar\u012bgi no t\u0101, vai vi\u0146i dodas uz skolu vai rota\u013cu grupu. Izm\u0113ri: 40,5 cm x 28,5 cm x 16 cm<\/p>","protected":false},"featured_media":5619,"template":"","meta":[],"product_brand":[],"product_cat":[236,254,255,273],"product_tag":[],"class_list":{"0":"post-5618","1":"product","2":"type-product","3":"status-publish","4":"has-post-thumbnail","6":"product_cat-6-metai","7":"product_cat-mokyklos-reikmenys","8":"product_cat-naujienos","9":"product_cat-visi-aksesuarai","11":"first","12":"instock","13":"taxable","14":"shipping-taxable","15":"product-type-simple"},"jetpack_sharing_enabled":true,"_links":{"self":[{"href":"https:\/\/b2b.mideer.lt\/lv\/wp-json\/wp\/v2\/product\/5618"}],"collection":[{"href":"https:\/\/b2b.mideer.lt\/lv\/wp-json\/wp\/v2\/product"}],"about":[{"href":"https:\/\/b2b.mideer.lt\/lv\/wp-json\/wp\/v2\/types\/product"}],"wp:featuredmedia":[{"embeddable":true,"href":"https:\/\/b2b.mideer.lt\/lv\/wp-json\/wp\/v2\/media\/5619"}],"wp:attachment":[{"href":"https:\/\/b2b.mideer.lt\/lv\/wp-json\/wp\/v2\/media?parent=5618"}],"wp:term":[{"taxonomy":"product_brand","embeddable":true,"href":"https:\/\/b2b.mideer.lt\/lv\/wp-json\/wp\/v2\/product_brand?post=5618"},{"taxonomy":"product_cat","embeddable":true,"href":"https:\/\/b2b.mideer.lt\/lv\/wp-json\/wp\/v2\/product_cat?post=5618"},{"taxonomy":"product_tag","embeddable":true,"href":"https:\/\/b2b.mideer.lt\/lv\/wp-json\/wp\/v2\/product_tag?post=5618"}],"curies":[{"name":"wp","href":"https:\/\/api.w.org\/{rel}","templated":true}]}}