{"id":5560,"date":"2025-07-23T11:18:51","date_gmt":"2025-07-23T11:18:51","guid":{"rendered":"https:\/\/b2b.mideer.lt\/?post_type=product&#038;p=5560"},"modified":"2026-04-05T22:02:50","modified_gmt":"2026-04-05T22:02:50","slug":"minksta-lipdymo-mase-6-spalvos","status":"publish","type":"product","link":"https:\/\/b2b.mideer.lt\/lv\/product\/minksta-lipdymo-mase-6-spalvos\/","title":{"rendered":"M\u012bkstais form\u0113\u0161anas mais\u012bjums - 6 kr\u0101sas"},"content":{"rendered":"<p>Mideer \u012bpa\u0161i m\u012bkst\u0101 veido\u0161anas masa ir paredz\u0113ta dro\u0161\u0101m un izgl\u012btojo\u0161\u0101m rota\u013c\u0101m mazu\u013ciem no 18 m\u0113ne\u0161u vecuma. \u0160\u012b augstas kvalit\u0101tes, dab\u012bg\u0101 kvie\u0161u masa bez \u0137\u012bmisk\u0101m piedev\u0101m nodro\u0161ina, ka j\u016bsu b\u0113rns var dro\u0161i p\u0113t\u012bt, veidot un att\u012bst\u012bt s\u012bko motoriku.<\/p>\n<p><b>Galven\u0101s funkcijas:<\/b><\/p>\n<ul>\n<li><b>Dabiskas kvie\u0161u sast\u0101vda\u013cas:<\/b> Izgatavots no dab\u012bg\u0101m, barojo\u0161\u0101m sast\u0101vda\u013c\u0101m, bez \u0137\u012bmisk\u0101m piedev\u0101m. Tas ir \u012bpa\u0161i svar\u012bgi maziem b\u0113rniem, kuri m\u0113dz visu p\u0113t\u012bt ar muti.<\/li>\n<li><b>\u012apa\u0161i m\u012bksts un viegli veidojams:<\/b> T\u0101 ir lieliski m\u012bksta un viegli m\u012bc\u0101ma, izstiepjama un veidojama, pat pa\u0161iem maz\u0101kajiem pirksti\u0146iem. Tas veicina rado\u0161umu un att\u012bsta s\u012bko motoriku.<\/li>\n<li><b>Nav izbal\u0113\u0161anas un nepielip\u0161anas:<\/b> Kr\u0101sas ilgi saglab\u0101jas spilgtas, un masa nepielipst pie rok\u0101m vai virsm\u0101m, padarot sp\u0113li t\u012bru un pat\u012bkamu.<\/li>\n<li><b>6 spilgtas kr\u0101sas:<\/b> Komplekt\u0101 ir 6 burci\u0146as ar ko\u0161\u0101m un pievilc\u012bg\u0101m kr\u0101s\u0101m (sarkana, dzeltena, za\u013ca, balta, zila, br\u016bna), kas veicina kr\u0101su atpaz\u012b\u0161anu un izt\u0113li.<\/li>\n<li><b>Piem\u0113rots no 18 m\u0113ne\u0161u vecuma:<\/b> \u012apa\u0161i izstr\u0101d\u0101ts un dro\u0161s maz\u0101kajiem rad\u012bt\u0101jiem.<\/li>\n<\/ul>","protected":false},"excerpt":{"rendered":"<p>Mideer \u012bpa\u0161i m\u012bkst\u0101 veido\u0161anas masa ir paredz\u0113ta dro\u0161\u0101m un izgl\u012btojo\u0161\u0101m rota\u013c\u0101m mazu\u013ciem no 18 m\u0113ne\u0161u vecuma. \u0160\u012b augstas kvalit\u0101tes, dab\u012bg\u0101 kvie\u0161u masa bez \u0137\u012bmisk\u0101m piedev\u0101m nodro\u0161ina, ka j\u016bsu b\u0113rns var dro\u0161i p\u0113t\u012bt, veidot un att\u012bst\u012bt s\u012bko motoriku. Dab\u012bgas kvie\u0161u sast\u0101vda\u013cas: Izgatavota no dab\u012bg\u0101m, uzturviel\u0101m bag\u0101t\u0101m sast\u0101vda\u013c\u0101m, bez \u0137\u012bmisk\u0101m piedev\u0101m. Tas ir \u012bpa\u0161i svar\u012bgi maziem b\u0113rniem, kuri m\u0113dz visu p\u0113t\u012bt ar muti. \u012apa\u0161i m\u012bksta un viegli veidojama: masa ir br\u012bni\u0161\u0137\u012bgi m\u012bksta, t\u0101p\u0113c to ir viegli m\u012bc\u012bt, izstiept un veidot pat pa\u0161iem maz\u0101kajiem pirksti\u0146iem. Tas veicina rado\u0161umu un att\u012bsta s\u012bko motoriku. Neizbal\u0113 un nepielipst: kr\u0101sas ilgi saglab\u0101jas spilgtas, un masa nepielipst pie rok\u0101m vai virsm\u0101m, padarot sp\u0113li t\u012bru un pat\u012bkamu. 6 spilgtas kr\u0101sas: komplekt\u0101 ir 6 spilgtas un pievilc\u012bgas kr\u0101sas (sarkana, dzeltena, za\u013ca, balta, zila, br\u016bna), kas iepakotas 6 burci\u0146\u0101s, lai veicin\u0101tu kr\u0101su atpaz\u012b\u0161anu un izt\u0113li. Piem\u0113rots no 18 m\u0113ne\u0161iem: \u012bpa\u0161i izstr\u0101d\u0101ts un dro\u0161s pa\u0161iem maz\u0101kajiem rad\u012bt\u0101jiem.<\/p>","protected":false},"featured_media":5561,"template":"","meta":[],"product_brand":[],"product_cat":[233,234,235,236,280,250,252,255,275],"product_tag":[],"class_list":{"0":"post-5560","1":"product","2":"type-product","3":"status-publish","4":"has-post-thumbnail","6":"product_cat-0-2-metai","7":"product_cat-3-4-metai","8":"product_cat-5-6-metai","9":"product_cat-6-metai","10":"product_cat-akcija","11":"product_cat-menai-ir-kurybiniai-uzsiemimai","12":"product_cat-meno-reikmenys","13":"product_cat-naujienos","14":"product_cat-visos-meno-prekes","16":"first","17":"instock","18":"taxable","19":"shipping-taxable","20":"product-type-simple"},"jetpack_sharing_enabled":true,"_links":{"self":[{"href":"https:\/\/b2b.mideer.lt\/lv\/wp-json\/wp\/v2\/product\/5560"}],"collection":[{"href":"https:\/\/b2b.mideer.lt\/lv\/wp-json\/wp\/v2\/product"}],"about":[{"href":"https:\/\/b2b.mideer.lt\/lv\/wp-json\/wp\/v2\/types\/product"}],"wp:featuredmedia":[{"embeddable":true,"href":"https:\/\/b2b.mideer.lt\/lv\/wp-json\/wp\/v2\/media\/5561"}],"wp:attachment":[{"href":"https:\/\/b2b.mideer.lt\/lv\/wp-json\/wp\/v2\/media?parent=5560"}],"wp:term":[{"taxonomy":"product_brand","embeddable":true,"href":"https:\/\/b2b.mideer.lt\/lv\/wp-json\/wp\/v2\/product_brand?post=5560"},{"taxonomy":"product_cat","embeddable":true,"href":"https:\/\/b2b.mideer.lt\/lv\/wp-json\/wp\/v2\/product_cat?post=5560"},{"taxonomy":"product_tag","embeddable":true,"href":"https:\/\/b2b.mideer.lt\/lv\/wp-json\/wp\/v2\/product_tag?post=5560"}],"curies":[{"name":"wp","href":"https:\/\/api.w.org\/{rel}","templated":true}]}}